{"id":1600,"date":"2020-12-22T02:34:01","date_gmt":"2020-12-21T18:34:01","guid":{"rendered":"http:\/\/sw-themes.com\/porto_dummy\/?page_id=1600"},"modified":"2025-12-05T11:42:28","modified_gmt":"2025-12-05T03:42:28","slug":"contact-us","status":"publish","type":"page","link":"https:\/\/www.shuliy.com\/de\/contact-us\/","title":{"rendered":"Kontaktieren Sie uns"},"content":{"rendered":"<h2 class=\"wp-block-heading\">Kontaktinformationen<\/h2>    <p>Die Shuliy-Gruppe wurde 2011 gegr\u00fcndet und ist ein gro\u00dfes Unternehmen f\u00fcr die Herstellung und den Export von Ausr\u00fcstung. Die Shuliy-Gruppe verf\u00fcgt derzeit \u00fcber drei Untermarken: Shuliy-Maschinen, Taizy-Maschinen und Holzmaschinen, die jeweils f\u00fcr Ressourcenr\u00fcckgewinnungsger\u00e4te, Lebensmittelverarbeitungsger\u00e4te und Holzverarbeitungsger\u00e4te verantwortlich sind.<\/p>    <p>Derzeit ist die Shuliy-Ausr\u00fcstung sowohl auf dem in- als auch auf dem ausl\u00e4ndischen Markt weithin anerkannt. In den letzten 10 Jahren haben Tausende hochwertiger Maschinen und vollst\u00e4ndige Verarbeitungsprojekte Kunden in mehr als 150 L\u00e4ndern und Regionen weltweit bedient.<\/p>    <h3 class=\"wp-block-heading\">Adresse<\/h3>    <p>Ost Hanghai Road, Wirtschafts- und Technologietransformationsgebiet, Zhengzhou, China<\/p>    <h3 class=\"wp-block-heading\">WhatsApp\/Tel<\/h3>    <p>+86 15838192276<\/p>    <h3 class=\"wp-block-heading\">E-Mail-Adresse<\/h3>    <p>info@bestshuliy.com<\/p>","protected":false},"excerpt":{"rendered":"<p>Contact Info Shuliy Group was established in 2011, which is a large equipment manufacturing and exporting enterprise. Shuliy Group currently has three sub-brands: Shuliy machinery, Taizy machinery, and Wood machinery, which respectively are in charge of resource recovery equipment, food processing equipment, and wood processing equipment. At present, Shuliy equipment has been widely acclaimed in [&hellip;]<\/p>\n","protected":false},"author":1,"featured_media":0,"parent":0,"menu_order":0,"comment_status":"closed","ping_status":"closed","template":"post-templates\/page-right-content.php","meta":{"footnotes":""},"class_list":["post-1600","page","type-page","status-publish","hentry"],"_links":{"self":[{"href":"https:\/\/www.shuliy.com\/de\/wp-json\/wp\/v2\/pages\/1600","targetHints":{"allow":["GET"]}}],"collection":[{"href":"https:\/\/www.shuliy.com\/de\/wp-json\/wp\/v2\/pages"}],"about":[{"href":"https:\/\/www.shuliy.com\/de\/wp-json\/wp\/v2\/types\/page"}],"author":[{"embeddable":true,"href":"https:\/\/www.shuliy.com\/de\/wp-json\/wp\/v2\/users\/1"}],"replies":[{"embeddable":true,"href":"https:\/\/www.shuliy.com\/de\/wp-json\/wp\/v2\/comments?post=1600"}],"version-history":[{"count":0,"href":"https:\/\/www.shuliy.com\/de\/wp-json\/wp\/v2\/pages\/1600\/revisions"}],"wp:attachment":[{"href":"https:\/\/www.shuliy.com\/de\/wp-json\/wp\/v2\/media?parent=1600"}],"curies":[{"name":"wp","href":"https:\/\/api.w.org\/{rel}","templated":true}]}}