{"id":4975,"date":"2023-02-13T17:26:40","date_gmt":"2023-02-13T09:26:40","guid":{"rendered":"https:\/\/www.shuliy.com\/?page_id=4975"},"modified":"2023-02-27T14:53:19","modified_gmt":"2023-02-27T06:53:19","slug":"company-profile","status":"publish","type":"page","link":"https:\/\/www.shuliy.com\/de\/company-profile\/","title":{"rendered":"Unternehmensprofil"},"content":{"rendered":"<h2 class=\"wp-block-heading\">\u00dcberblick \u00fcber Shuliy Machinery Co. Ltd.<\/h2>    <div class=\"wp-block-media-text alignwide is-stacked-on-mobile\"><figure class=\"wp-block-media-text__media\"><img loading=\"lazy\" decoding=\"async\" width=\"664\" height=\"376\" src=\"https:\/\/www.shuliy.com\/wp-content\/uploads\/2023\/02\/Shuliy-factory-2-1.webp\" alt=\"\" class=\"wp-image-5139 size-full\"\/><\/figure><div class=\"wp-block-media-text__content\"> <p>Shuliy Machinery Co. Ltd. wurde im Jahr 2011 gegr\u00fcndet. Unser Hauptsitz befindet sich in Zhengzhou, Provinz Henan. Wir verf\u00fcgen \u00fcber eine gro\u00dfe Maschinenfabrik mit vollst\u00e4ndigen Einrichtungen und fortschrittlicher Pr\u00e4zision. Au\u00dferdem besch\u00e4ftigen wir \u00fcber 500 hochqualifizierte Mitarbeiter bei Shuliy Machinery. Verschiedene Abteilungen \u00fcberwachen unterschiedliche Bereiche wie Produktion, Fertigung, Verpackung und Logistik. Wir stellen sicher, dass unsere Kunden ein hochwertiges, unbesch\u00e4digtes Produkt erhalten.<\/p> <\/div><\/div>    <p>Wir sind von einer kleinen Fabrik zu einer gro\u00dfen Fabrik gewachsen, die eine breite Palette mechanischer Produkte abdeckt. Aufgrund der hohen Qualit\u00e4t unserer Produkte und unseres exzellenten Service haben wir Maschinen in \u00fcber 100 L\u00e4nder exportiert, darunter Amerika, Australien, Kenia, Ghana, Kongo, \u00c4thiopien, Simbabwe, Uganda, Algerien, Indonesien, Kamerun, Botswana usw. Wir sind heute ein bekannter Exporthersteller im In- und Ausland geworden.<\/p>    <h2 class=\"wp-block-heading\">Adresse von Shuliy Machinery<\/h2>    <p>Neben unserer Fabrik haben wir jetzt eine Abteilung, die dem Exportgesch\u00e4ft gewidmet ist. Wir befinden uns derzeit in der Zhengzhou Wirtschafts- und Technologietransferzone, einer Wirtschafts- und Technologietransferzone mit einer gut entwickelten Logistikbranche, was die Entwicklung unseres Au\u00dfenhandels beg\u00fcnstigt. \u00dcber die Fabrik: Da wir eine Vielzahl von Maschinen produzieren, befindet sich die Fabrik an verschiedenen Standorten. Kunden sind herzlich eingeladen, unsere Fabrik zu besichtigen!<\/p>    <figure class=\"wp-block-image size-full\"><img loading=\"lazy\" decoding=\"async\" width=\"720\" height=\"540\" src=\"https:\/\/www.shuliy.com\/wp-content\/uploads\/2023\/02\/foreign-trade-business-location-.webp\" alt=\"Standort f\u00fcr Au\u00dfenhandelsgesch\u00e4ft\" class=\"wp-image-5128\" title=\"Standort f\u00fcr Au\u00dfenhandelsgesch\u00e4ft\"\/><figcaption class=\"wp-element-caption\">Standort f\u00fcr Au\u00dfenhandelsgesch\u00e4ft<\/figcaption><\/figure>    <h2 class=\"wp-block-heading\">Produkte von Shuliy Machinery<\/h2>    <p class=\"translation-block\">Shuliy produziert Ger\u00e4te in einer Vielzahl von Bereichen, einschlie\u00dflich Ressourcenr\u00fcckgewinnungsausr\u00fcstung, landwirtschaftlicher Ger\u00e4te, Lebensmittelverarbeitungsmaschinen und Verpackungsmaschinen. In diesen Bereichen haben wir kleine Maschinen sowie gro\u00dfe Produktionslinien. Zum Beispiel, <strong>Holzproduktionslinien, Kunststoffpelletproduktionslinien, Pommes-frites-Produktionslinien, Reism\u00fchlenlinien, gro\u00dfe Verpackungsmaschinen,<\/strong> usw. Wir sind bestrebt, unseren Kunden Produkte h\u00f6chster Qualit\u00e4t und die am besten geeigneten Produktionslinien anzubieten.<\/p>    <figure class=\"wp-block-image size-full\"><img loading=\"lazy\" decoding=\"async\" width=\"720\" height=\"540\" src=\"https:\/\/www.shuliy.com\/wp-content\/uploads\/2023\/02\/Products-of-Shuliy-Machinery-.webp\" alt=\"Produkte von Shuliy Machinery\" class=\"wp-image-5129\" title=\"Produkte von Shuliy Machinery\"\/><figcaption class=\"wp-element-caption\">Produkte von Shuliy Machinery<\/figcaption><\/figure>    <h2 class=\"wp-block-heading\">Shulys herausragender Service<\/h2>    <p>Shuliy engagiert sich daf\u00fcr, unseren Kunden einen umfassenden Service zu bieten. Damit unsere Kunden Vertrauen in ihren Kauf haben, bieten wir bei Shuliy exzellenten Service in allen Bereichen unseres Gesch\u00e4fts.<\/p>    <p class=\"translation-block\"><strong>Pre-Sales:<\/strong> Wir stellen unseren Kunden professionelle und umfassende Informationen \u00fcber unsere Maschinen zur Verf\u00fcgung \u2013 zum Beispiel Bilder, Videos, Parameter usw.<\/p>    <p class=\"translation-block\"><strong>W\u00e4hrend des Verkaufs:<\/strong> Wir beantworten aktiv alle Fragen unserer Kunden und machen Vorschl\u00e4ge aus ihrer Sicht, um ihnen bei der Auswahl der am besten geeigneten Ausr\u00fcstung zu helfen.<\/p>    <p class=\"translation-block\"><strong>After-Sales:<\/strong> Ausschlie\u00dflich Verschlei\u00dfteile, menschliche Sch\u00e4den und unsachgem\u00e4\u00dfe Bedienung sind ausgeschlossen. Alle Ger\u00e4te sind f\u00fcr ein Jahr garantiert, und es wird zus\u00e4tzlicher Online-Technischer Support neben diesen regul\u00e4ren Dienstleistungen angeboten. Wir bieten auch Dienstleistungen wie 3D-Maschinenzeichnungen, Fabrikdesignzeichnungen und Ingenieure f\u00fcr die Installation und Inbetriebnahme der Maschinen an.<\/p>    <p>Shuliy Machinery freut sich auf Ihre Anfrage!<\/p>    <figure class=\"wp-block-image size-full\"><img loading=\"lazy\" decoding=\"async\" width=\"720\" height=\"540\" src=\"https:\/\/www.shuliy.com\/wp-content\/uploads\/2023\/02\/Shuliys-outstanding-service-.webp\" alt=\"Shulys herausragender Service\" class=\"wp-image-5130\" title=\"Shulys herausragender Service\"\/><figcaption class=\"wp-element-caption\">Shulys herausragender Service<\/figcaption><\/figure>","protected":false},"excerpt":{"rendered":"<p>Overview of Shuliy Machinery Co. Ltd. Shuliy Machinery Co. Ltd. was established in 2011. Our head office is located in Zhengzhou, Henan Province. We have a large machinery manufacturing plant with full facilities and advanced precision. And we also have over 500 highly qualified employees working for our Shuliy Machinery. Different departments oversee different aspects [&hellip;]<\/p>\n","protected":false},"author":1,"featured_media":5176,"parent":0,"menu_order":0,"comment_status":"closed","ping_status":"closed","template":"post-templates\/page-right-content.php","meta":{"footnotes":""},"class_list":["post-4975","page","type-page","status-publish","has-post-thumbnail","hentry"],"_links":{"self":[{"href":"https:\/\/www.shuliy.com\/de\/wp-json\/wp\/v2\/pages\/4975","targetHints":{"allow":["GET"]}}],"collection":[{"href":"https:\/\/www.shuliy.com\/de\/wp-json\/wp\/v2\/pages"}],"about":[{"href":"https:\/\/www.shuliy.com\/de\/wp-json\/wp\/v2\/types\/page"}],"author":[{"embeddable":true,"href":"https:\/\/www.shuliy.com\/de\/wp-json\/wp\/v2\/users\/1"}],"replies":[{"embeddable":true,"href":"https:\/\/www.shuliy.com\/de\/wp-json\/wp\/v2\/comments?post=4975"}],"version-history":[{"count":0,"href":"https:\/\/www.shuliy.com\/de\/wp-json\/wp\/v2\/pages\/4975\/revisions"}],"wp:featuredmedia":[{"embeddable":true,"href":"https:\/\/www.shuliy.com\/de\/wp-json\/wp\/v2\/media\/5176"}],"wp:attachment":[{"href":"https:\/\/www.shuliy.com\/de\/wp-json\/wp\/v2\/media?parent=4975"}],"curies":[{"name":"wp","href":"https:\/\/api.w.org\/{rel}","templated":true}]}}