{"id":4980,"date":"2023-02-16T14:11:05","date_gmt":"2023-02-16T06:11:05","guid":{"rendered":"https:\/\/www.shuliy.com\/?page_id=4980"},"modified":"2023-03-15T11:38:21","modified_gmt":"2023-03-15T03:38:21","slug":"company-culture","status":"publish","type":"page","link":"https:\/\/www.shuliy.com\/de\/company-culture\/","title":{"rendered":"Unternehmensethos"},"content":{"rendered":"<h2 class=\"wp-block-heading\">Shuliy Machinery Kultur<\/h2>    <p>Seit seiner Gr\u00fcndung hat sich Shuliy der Forschung, Innovation und Entwicklung eigener Maschinenprodukte verschrieben. Unser Ziel ist es stets, unseren Kunden hochwertige Ger\u00e4te zu bieten, um ihnen gr\u00f6\u00dferen Komfort zu erm\u00f6glichen. <\/p>    <p>Neben der guten Arbeit mit unseren Maschinenprodukten legen wir auch gro\u00dfen Wert auf unsere Servicekultur. Au\u00dfenhandel bedeutet neben Produkten vor allem qualitativ hochwertigen Service. Daher ist umfassender Service unser Markenzeichen, und wir m\u00f6chten, dass unsere Kunden sich bei ihren Maschinenk\u00e4ufen wohl und entspannt f\u00fchlen.<\/p>    <ol class=\"wp-block-list\"> <li><strong>Unternehmensmission:<\/strong> Lassen Sie chinesische Maschinen jeden Winkel der Welt ver\u00e4ndern. Wir hoffen, dass unsere Maschinen und Ger\u00e4te unseren Kunden auf der ganzen Welt helfen k\u00f6nnen. Wir m\u00f6chten unseren Kunden Bequemlichkeit bringen und gleichzeitig die Nutzer- oder lokale Wirtschaft entwickeln.<\/li>    <li><strong>Unternehmensvision:<\/strong> Den Wert f\u00fcr unsere Kunden steigern und Wachstum f\u00fcr unsere Mitarbeiter f\u00f6rdern! Unser Unternehmen hilft unseren Kunden, mehr Wert zu gewinnen, und unterst\u00fctzt gleichzeitig die Entwicklung und das Wachstum unserer Mitarbeiter.<\/li>    <li><strong>Shuliy-Mitarbeiter sch\u00e4tzen: <\/strong>Integrit\u00e4t, Dankbarkeit, Altruismus, positive Energie, Ver\u00e4nderungsbereitschaft und Teamgeist. Unsere positiven und optimistischen Werte geben uns gro\u00dfe Energie und machen unsere Schritte immer entschlossener!<\/li> <\/ol>    <figure class=\"wp-block-image size-full\"><img loading=\"lazy\" decoding=\"async\" width=\"720\" height=\"540\" src=\"https:\/\/www.shuliy.com\/wp-content\/uploads\/2023\/02\/customers-visit-.webp\" alt=\"Kundenbesuch\" class=\"wp-image-5146\" title=\"Kundenbesuch\"\/><figcaption class=\"wp-element-caption\">Kundenbesuch<\/figcaption><\/figure>    <p>Die oben genannte Unternehmenskultur treibt uns an, stetig voranzukommen. Da eine Gruppe aus vielen Mitarbeitern besteht, konzentrieren wir uns auch auf die Entwicklung einzelner Mitarbeiter: <\/p>    <ol class=\"wp-block-list\"> <li>Wir k\u00fcmmern uns um unser Personal, schulen sie in relevanten F\u00e4higkeiten und Kenntnissen und bieten Aufstiegsm\u00f6glichkeiten f\u00fcr die Karriereplanung. Wir sch\u00e4tzen auch F\u00fchrungskr\u00e4fte, die sich um ihre Mitarbeiter k\u00fcmmern und ihre Teams mit F\u00fcrsorge leiten.<\/li>    <li>Wir legen Wert auf die Werte unserer Mitarbeiter. Menschen, die gemeinsame Werte teilen und verantwortungsbewusst f\u00fcr die Anerkennung des Unternehmens sind, k\u00f6nnen bessere Produkte entwickeln und qualitativ hochwertige Dienstleistungen anbieten. Gleichzeitig werden sie auch gro\u00dfes Wachstum erfahren.<\/li>    <li>Wir belohnen Menschen, die mutig, verantwortungsbewusst, engagiert in ihrer Arbeit, lernbegierig sind und ein hohes Verst\u00e4ndnis besitzen.<\/li> <\/ol>    <figure class=\"wp-block-image size-full\"><img loading=\"lazy\" decoding=\"async\" width=\"720\" height=\"540\" src=\"https:\/\/www.shuliy.com\/wp-content\/uploads\/2023\/02\/Focus-on-employee-growth-.webp\" alt=\"Fokus auf das Wachstum der Mitarbeiter\" class=\"wp-image-5145\" title=\"Fokus auf das Wachstum der Mitarbeiter\"\/><figcaption class=\"wp-element-caption\">Fokus auf das Wachstum der Mitarbeiter<\/figcaption><\/figure>","protected":false},"excerpt":{"rendered":"<p>Shuliy Machinery culture Since its establishment, Shuliy has been committed to research, innovation, and the development of its own machinery products. We always aim to provide our customers with quality equipment to bring greater convenience to our customers. In addition to doing a good job with our machinery products, we also pay great attention to [&hellip;]<\/p>\n","protected":false},"author":1,"featured_media":5147,"parent":0,"menu_order":0,"comment_status":"closed","ping_status":"closed","template":"post-templates\/page-right-content.php","meta":{"footnotes":""},"class_list":["post-4980","page","type-page","status-publish","has-post-thumbnail","hentry"],"_links":{"self":[{"href":"https:\/\/www.shuliy.com\/de\/wp-json\/wp\/v2\/pages\/4980","targetHints":{"allow":["GET"]}}],"collection":[{"href":"https:\/\/www.shuliy.com\/de\/wp-json\/wp\/v2\/pages"}],"about":[{"href":"https:\/\/www.shuliy.com\/de\/wp-json\/wp\/v2\/types\/page"}],"author":[{"embeddable":true,"href":"https:\/\/www.shuliy.com\/de\/wp-json\/wp\/v2\/users\/1"}],"replies":[{"embeddable":true,"href":"https:\/\/www.shuliy.com\/de\/wp-json\/wp\/v2\/comments?post=4980"}],"version-history":[{"count":0,"href":"https:\/\/www.shuliy.com\/de\/wp-json\/wp\/v2\/pages\/4980\/revisions"}],"wp:featuredmedia":[{"embeddable":true,"href":"https:\/\/www.shuliy.com\/de\/wp-json\/wp\/v2\/media\/5147"}],"wp:attachment":[{"href":"https:\/\/www.shuliy.com\/de\/wp-json\/wp\/v2\/media?parent=4980"}],"curies":[{"name":"wp","href":"https:\/\/api.w.org\/{rel}","templated":true}]}}