{"id":4982,"date":"2023-02-16T14:16:03","date_gmt":"2023-02-16T06:16:03","guid":{"rendered":"https:\/\/www.shuliy.com\/?page_id=4982"},"modified":"2023-02-27T14:42:37","modified_gmt":"2023-02-27T06:42:37","slug":"global-customer","status":"publish","type":"page","link":"https:\/\/www.shuliy.com\/de\/global-customer\/","title":{"rendered":"Globaler Kunde"},"content":{"rendered":"<h2 class=\"wp-block-heading\">Shuliy Machinery\u2019s globaler Kunde<\/h2>    <p>Seit der Gr\u00fcndung von Shuliy Machinery exportieren wir. Unsere Maschinen wurden nach Nordamerika, S\u00fcdamerika, S\u00fcdostasien, Afrika, S\u00fcdostasien und in viele andere Regionen verkauft. Im Laufe der Jahre haben wir umfangreiche Erfahrung im Export gesammelt. Daher k\u00f6nnen wir unseren Kunden bei Zahlungs-, Dokumentations- und Logistikproblemen leicht helfen. Wir verf\u00fcgen auch \u00fcber ein exzellentes Servicenetz, zum Beispiel die Installation und Inbetriebnahme von Maschinen im Ausland, ein Jahr After-Sales-Service, lebenslangen kostenlosen Online-Beratungsservice usw.<\/p>    <div class=\"wp-block-media-text alignwide is-stacked-on-mobile\"><figure class=\"wp-block-media-text__media\"><img loading=\"lazy\" decoding=\"async\" width=\"720\" height=\"540\" src=\"https:\/\/www.shuliy.com\/wp-content\/uploads\/2023\/02\/send-the-machines-to-customers-.webp\" alt=\"Die Maschinen an Kunden senden\" class=\"wp-image-5168 size-full\"\/><\/figure><div class=\"wp-block-media-text__content\"> <p>Bislang wurden spezifische L\u00e4nder exportiert, darunter die USA, Russland, Argentinien, \u00c4thiopien, Kongo, Nigeria, Ghana, Malaysia, Singapur, Australien, Lesotho, Simbabwe, Indonesien, Tunesien, Brasilien, Burundi, Kolumbien usw. Aufgrund der hervorragenden Qualit\u00e4t der Maschinen und der Arbeitsergebnisse pflegen viele unserer Kunden eine langfristige Beziehung zu uns.<\/p> <\/div><\/div>    <h2 class=\"wp-block-heading\">Bediente Kunden<\/h2>    <p>Wir bieten die richtige Maschine und Ausr\u00fcstung f\u00fcr jeden Kunden, der sie ben\u00f6tigt. Neben der Lieferung von Produkten an Endkunden arbeiten wir auch mit Gro\u00dfh\u00e4ndlern und H\u00e4ndlern zusammen, um wettbewerbsf\u00e4hige Preise anzubieten. Wir verf\u00fcgen auch \u00fcber umfangreiche Erfahrung in NGO-, FAO- und Regierungsbeschaffungsauktionen. <\/p>    <figure class=\"wp-block-image size-full\"><img loading=\"lazy\" decoding=\"async\" width=\"720\" height=\"540\" src=\"https:\/\/www.shuliy.com\/wp-content\/uploads\/2023\/02\/help-customer-to-solve-the-problem-.webp\" alt=\"Kunden bei der Probleml\u00f6sung helfen\" class=\"wp-image-5165\" title=\"Kunden bei der Probleml\u00f6sung helfen\"\/><figcaption class=\"wp-element-caption\">Kunden bei der Probleml\u00f6sung helfen<\/figcaption><\/figure>    <h2 class=\"wp-block-heading\">Positives Feedback unserer Kunden<\/h2>    <p>Die hervorragenden Arbeitsergebnisse und die Qualit\u00e4t unserer Maschinen haben uns die Unterst\u00fctzung vieler Kunden eingebracht. Unsere neuen und bestehenden Kunden haben ihre Bereitschaft zur weiteren Zusammenarbeit mit uns bekundet. Im Folgenden finden Sie Feedback-Bilder unserer Kunden.<\/p>    <figure class=\"wp-block-image size-full\"><img loading=\"lazy\" decoding=\"async\" width=\"720\" height=\"540\" src=\"https:\/\/www.shuliy.com\/wp-content\/uploads\/2023\/02\/feedback-from-our-customers-.webp\" alt=\"Feedback unserer Kunden\" class=\"wp-image-5164\" title=\"Feedback unserer Kunden\"\/><figcaption class=\"wp-element-caption\">Feedback unserer Kunden<\/figcaption><\/figure>    <h2 class=\"wp-block-heading\">Kundenfoto<\/h2>    <p>Wir hei\u00dfen Kunden herzlich willkommen, uns jederzeit zu besuchen. Kunden kommen nach Zhengzhou, um unser Unternehmen zu besichtigen.<\/p>    <figure class=\"wp-block-image size-full\"><img loading=\"lazy\" decoding=\"async\" width=\"720\" height=\"540\" src=\"https:\/\/www.shuliy.com\/wp-content\/uploads\/2023\/02\/Shuliy-customer-.webp\" alt=\"Shuliy-Kunde\" class=\"wp-image-5163\" title=\"Shuliy-Kunde\"\/><figcaption class=\"wp-element-caption\">Shuliy-Kunde<\/figcaption><\/figure>    <h2 class=\"wp-block-heading\">Kunden besuchen unsere Fabrik<\/h2>    <p>Kunden k\u00f6nnen unsere Fabrik jederzeit besuchen. Online-Videos sind ebenfalls verf\u00fcgbar, um den Kunden Einblick in die Fabrik zu geben.<\/p>    <figure class=\"wp-block-image size-full\"><img loading=\"lazy\" decoding=\"async\" width=\"720\" height=\"540\" src=\"https:\/\/www.shuliy.com\/wp-content\/uploads\/2023\/02\/Shuliy-factory.webp\" alt=\"Shuliy-Fabrik\" class=\"wp-image-5162\" title=\"Shuliy-Fabrik\"\/><figcaption class=\"wp-element-caption\">Shuliy-Fabrik<\/figcaption><\/figure>    <h2 class=\"wp-block-heading\">Messen, an denen Shuliy teilnimmt<\/h2>    <p>Wir nehmen an Messen in verschiedenen St\u00e4dten teil, um mehr Kunden auf uns aufmerksam zu machen.<\/p>    <figure class=\"wp-block-image size-full\"><img loading=\"lazy\" decoding=\"async\" width=\"720\" height=\"540\" src=\"https:\/\/www.shuliy.com\/wp-content\/uploads\/2023\/02\/Exhibitions-.webp\" alt=\"Messen\" class=\"wp-image-5161\" title=\"Messen\"\/><figcaption class=\"wp-element-caption\">Messen<\/figcaption><\/figure>","protected":false},"excerpt":{"rendered":"<p>Shuliy Machinery&#8217;s global customer Since the establishment of Shuliy Machinery, we have been exporting. Our machines have been sold to North America, South America, South East Asia, Africa, South East Asia, and many other regions. Over the years, we have accumulated a wealth of experience in exporting. Therefore, we can help our customers to solve [&hellip;]<\/p>\n","protected":false},"author":1,"featured_media":5171,"parent":0,"menu_order":0,"comment_status":"closed","ping_status":"closed","template":"post-templates\/page-right-content.php","meta":{"footnotes":""},"class_list":["post-4982","page","type-page","status-publish","has-post-thumbnail","hentry"],"_links":{"self":[{"href":"https:\/\/www.shuliy.com\/de\/wp-json\/wp\/v2\/pages\/4982","targetHints":{"allow":["GET"]}}],"collection":[{"href":"https:\/\/www.shuliy.com\/de\/wp-json\/wp\/v2\/pages"}],"about":[{"href":"https:\/\/www.shuliy.com\/de\/wp-json\/wp\/v2\/types\/page"}],"author":[{"embeddable":true,"href":"https:\/\/www.shuliy.com\/de\/wp-json\/wp\/v2\/users\/1"}],"replies":[{"embeddable":true,"href":"https:\/\/www.shuliy.com\/de\/wp-json\/wp\/v2\/comments?post=4982"}],"version-history":[{"count":0,"href":"https:\/\/www.shuliy.com\/de\/wp-json\/wp\/v2\/pages\/4982\/revisions"}],"wp:featuredmedia":[{"embeddable":true,"href":"https:\/\/www.shuliy.com\/de\/wp-json\/wp\/v2\/media\/5171"}],"wp:attachment":[{"href":"https:\/\/www.shuliy.com\/de\/wp-json\/wp\/v2\/media?parent=4982"}],"curies":[{"name":"wp","href":"https:\/\/api.w.org\/{rel}","templated":true}]}}