{"id":4993,"date":"2023-02-16T17:11:40","date_gmt":"2023-02-16T09:11:40","guid":{"rendered":"https:\/\/www.shuliy.com\/?page_id=4993"},"modified":"2023-02-28T14:23:44","modified_gmt":"2023-02-28T06:23:44","slug":"customized-services","status":"publish","type":"page","link":"https:\/\/www.shuliy.com\/de\/customized-services\/","title":{"rendered":"Individuelle Dienstleistungen"},"content":{"rendered":"<h2 class=\"wp-block-heading\">Shuliy\u2019s ma\u00dfgeschneiderte Dienstleistungen<\/h2>    <div class=\"wp-block-media-text alignwide is-stacked-on-mobile\"><figure class=\"wp-block-media-text__media\"><img loading=\"lazy\" decoding=\"async\" width=\"720\" height=\"540\" src=\"https:\/\/www.shuliy.com\/wp-content\/uploads\/2023\/02\/Shuliy-global-customers-.webp\" alt=\"\" class=\"wp-image-5226 size-full\"\/><\/figure><div class=\"wp-block-media-text__content\"> <p>Wir bei Shuliy legen gro\u00dfen Wert darauf, Maschinen und Ger\u00e4te anzubieten, die den spezifischen Bed\u00fcrfnissen unserer Kunden entsprechen. Kundenzufriedenheit ist die gr\u00f6\u00dfte Motivation f\u00fcr unsere kontinuierliche Verbesserung und Entwicklung. Daher verbessern wir im Rahmen unserer kontinuierlichen Weiterentwicklung st\u00e4ndig unsere ma\u00dfgeschneiderten Dienstleistungen. Wir setzen auf hervorragendes technisches Personal, hohe Standards, ausgezeichnete Ausr\u00fcstung, ein strenges \u00dcberwachungssystem, ein perfektes Logistiksystem und ein After-Sales-Service-Team, das exklusive Maschinenausl\u00f6sungen f\u00fcr unsere Kunden erstellen kann. <\/p> <\/div><\/div>    <p>Ein guter ma\u00dfgeschneiderter Service spielt eine wichtige Rolle bei der Aufrechterhaltung einer langfristigen Zusammenarbeit mit unseren Kunden. Bis heute haben wir mit Kunden in verschiedenen Regionen wie S\u00fcdostasien, S\u00fcdasien, Afrika, Nordasien, Nordamerika, Lateinamerika und vielen mehr zusammengearbeitet. Im Hinblick auf die Anpassung decken wir die folgenden Hauptbereiche ab.<\/p>    <h2 class=\"wp-block-heading\">Anpassung einzelner Maschinen<\/h2>    <p>Unser Maschinenangebot ist in einer Vielzahl von Einzelmaschinen erh\u00e4ltlich. Die gleiche Maschine variiert in der Gr\u00f6\u00dfe je nach Output. Oder sie sehen unterschiedlich aus aufgrund von Unterschieden in der Funktion. Um die Bed\u00fcrfnisse verschiedener Kunden erf\u00fcllen zu k\u00f6nnen, produzieren wir verschiedene Modelle derselben Maschine.<br>Aber da wir Kunden auf der ganzen Welt haben, k\u00f6nnen die Anforderungen noch vielf\u00e4ltiger sein. Daher fragen wir unsere Kunden im Detail nach ihren spezifischen Bed\u00fcrfnissen w\u00e4hrend unserer Kommunikation mit ihnen. Zum Beispiel die Farbe, Funktion, Form, Gr\u00f6\u00dfe, Spannung, Hertz, Phase, Leistung usw. der Maschine. Sobald alle spezifischen Anforderungen festgelegt sind, bauen wir die Maschine ma\u00dfgeschneidert nach den Bed\u00fcrfnissen des Kunden!<\/p>    <figure class=\"wp-block-gallery has-nested-images columns-default is-cropped wp-block-gallery-2 is-layout-flex wp-block-gallery-is-layout-flex\"> <figure class=\"wp-block-image size-large\"><img loading=\"lazy\" decoding=\"async\" width=\"720\" height=\"540\" data-id=\"5179\" src=\"https:\/\/www.shuliy.com\/wp-content\/uploads\/2023\/02\/wood-crushing-machine-with-motor.webp\" alt=\"Holzzerkleinerungsmaschine mit Motor\" class=\"wp-image-5179\" title=\"Holzzerkleinerungsmaschine mit Motor\"\/><figcaption class=\"wp-element-caption\">Holzzerkleinerungsmaschine mit Motor<\/figcaption><\/figure>    <figure class=\"wp-block-image size-large\"><img loading=\"lazy\" decoding=\"async\" width=\"720\" height=\"540\" data-id=\"5180\" src=\"https:\/\/www.shuliy.com\/wp-content\/uploads\/2023\/02\/wood-crusher-with-diesel-engine-.webp\" alt=\"Holzschredder mit Dieselmotor\" class=\"wp-image-5180\" title=\"Holzschredder mit Dieselmotor\"\/><figcaption class=\"wp-element-caption\">Holzschredder mit Dieselmotor<\/figcaption><\/figure>    <figure class=\"wp-block-image size-large\"><img loading=\"lazy\" decoding=\"async\" width=\"720\" height=\"540\" data-id=\"5181\" src=\"https:\/\/www.shuliy.com\/wp-content\/uploads\/2023\/02\/wood-crusher-with-wheel-and-frame-.webp\" alt=\"Holzschredder mit Rad und Rahmen\" class=\"wp-image-5181\" title=\"Holzschredder mit Rad und Rahmen\"\/><figcaption class=\"wp-element-caption\">Holzschredder mit Rad und Rahmen<\/figcaption><\/figure> <\/figure>    <h2 class=\"wp-block-heading\">Ma\u00dfgeschneiderte Dienstleistungen f\u00fcr Produktionslinien <\/h2>    <p>Neben einzelnen Maschinen haben wir auch Produktionslinien, die viele Maschinen erfordern, um zusammenzuarbeiten, zum Beispiel Kohleproduktionslinien, Kunststoffpelletproduktionslinien, Holzpalettenproduktionslinien, Seifenproduktionslinien, Pommes-frites-Produktionslinien, Fischmehl-Produktionslinien, Reism\u00fchlenlinien usw.<\/p>    <figure class=\"wp-block-image size-full\"><img loading=\"lazy\" decoding=\"async\" width=\"720\" height=\"385\" src=\"https:\/\/www.shuliy.com\/wp-content\/uploads\/2023\/02\/plastic-recycling-production-line-.webp\" alt=\"Kunststoff-Recycling-Produktionslinie\" class=\"wp-image-5185\" title=\"Kunststoff-Recycling-Produktionslinie\"\/><figcaption class=\"wp-element-caption\">Kunststoff-Recycling-Produktionslinie<\/figcaption><\/figure>    <p class=\"translation-block\"><strong>Es gibt viele weitere Faktoren, die Kunden beim Kauf einer Produktionslinie ber\u00fccksichtigen m\u00fcssen, wie<\/strong><\/p>    <ol class=\"wp-block-list\"> <li>Wie passt die gekaufte Produktionslinie in das Layout ihrer eigenen Fabrik?<\/li>    <li>Wie kann die gekaufte Linie in Ihrer Fabrik platziert werden?<\/li>    <li>Passt die Gr\u00f6\u00dfe der Fabrik zur Gr\u00f6\u00dfe der Produktionslinie?<\/li>    <li>Die Kombination der Produktionslinien, die ich ben\u00f6tige, und die verf\u00fcgbaren Kombinationen sind nicht genau gleich.<\/li>    <li>Der Kunde ben\u00f6tigt eine klare Skizze des Ger\u00e4te-Layouts und ein Video des Betriebsprinzips der Ger\u00e4te.<\/li>    <li>Erf\u00fcllen die Spannung, Leistung, Hertz und Phasenleistung der Ger\u00e4te die Anforderungen Ihres Landes?<\/li>    <li>Was tun, wenn Sie nicht wissen, wie man die Ger\u00e4te selbst installiert und in Betrieb nimmt?<\/li> <\/ol>    <p>Also werden wir die Produktionslinie entsprechend den spezifischen Bed\u00fcrfnissen des Kunden erstellen, um eine einzigartige Produktionslinie f\u00fcr den Kunden zu schaffen.<\/p>    <figure class=\"wp-block-image size-full is-resized\"><img loading=\"lazy\" decoding=\"async\" src=\"https:\/\/www.shuliy.com\/wp-content\/uploads\/2023\/02\/CAD-.webp\" alt=\"CAD\" class=\"wp-image-5186\" width=\"706\" height=\"299\" title=\"CAD\"\/><figcaption class=\"wp-element-caption\">CAD<\/figcaption><\/figure>    <p>Shuliy ist seit \u00fcber 10 Jahren im Au\u00dfenhandel t\u00e4tig. Dadurch haben wir viel Erfahrung mit ma\u00dfgeschneiderten Maschinen gesammelt. Dies hat die Nutzung unserer Maschinen durch unsere Kunden erleichtert und uns geholfen, Zugang zu einer breiteren Kundschaft in verschiedenen Regionen zu erhalten. Bitte z\u00f6gern Sie nicht, uns bei Ihren Anforderungen zu kontaktieren!<\/p>","protected":false},"excerpt":{"rendered":"<p>Shuliy&#8217;s customized services We at Shuliy attach great importance to being able to offer machines and equipment that meet the specific needs of our customers. Customer satisfaction is the greatest motivation for our continuous improvement and development. Therefore, in the course of our continuous development, we are constantly improving our customized services. We rely on [&hellip;]<\/p>\n","protected":false},"author":1,"featured_media":5032,"parent":0,"menu_order":0,"comment_status":"closed","ping_status":"closed","template":"post-templates\/page-right-content.php","meta":{"footnotes":""},"class_list":["post-4993","page","type-page","status-publish","has-post-thumbnail","hentry"],"_links":{"self":[{"href":"https:\/\/www.shuliy.com\/de\/wp-json\/wp\/v2\/pages\/4993","targetHints":{"allow":["GET"]}}],"collection":[{"href":"https:\/\/www.shuliy.com\/de\/wp-json\/wp\/v2\/pages"}],"about":[{"href":"https:\/\/www.shuliy.com\/de\/wp-json\/wp\/v2\/types\/page"}],"author":[{"embeddable":true,"href":"https:\/\/www.shuliy.com\/de\/wp-json\/wp\/v2\/users\/1"}],"replies":[{"embeddable":true,"href":"https:\/\/www.shuliy.com\/de\/wp-json\/wp\/v2\/comments?post=4993"}],"version-history":[{"count":0,"href":"https:\/\/www.shuliy.com\/de\/wp-json\/wp\/v2\/pages\/4993\/revisions"}],"wp:featuredmedia":[{"embeddable":true,"href":"https:\/\/www.shuliy.com\/de\/wp-json\/wp\/v2\/media\/5032"}],"wp:attachment":[{"href":"https:\/\/www.shuliy.com\/de\/wp-json\/wp\/v2\/media?parent=4993"}],"curies":[{"name":"wp","href":"https:\/\/api.w.org\/{rel}","templated":true}]}}