{"id":5008,"date":"2023-02-17T18:00:17","date_gmt":"2023-02-17T10:00:17","guid":{"rendered":"https:\/\/www.shuliy.com\/?page_id=5008"},"modified":"2023-02-28T14:10:45","modified_gmt":"2023-02-28T06:10:45","slug":"shipping-delivery","status":"publish","type":"page","link":"https:\/\/www.shuliy.com\/de\/shipping-delivery\/","title":{"rendered":"Versand &amp; Lieferung"},"content":{"rendered":"<h2 class=\"wp-block-heading\">Shuliy Versand und Lieferung<\/h2>    <p>Shuliy verf\u00fcgt \u00fcber ein umfassendes Transportsystem. Wir passen den Versandprozess an die spezifische Situation des Kunden an. Basierend auf jahrelanger Exporterfahrung sind wir darin geschult, alle Arten von Versandproblemen zu l\u00f6sen, denen unsere Kunden begegnen k\u00f6nnten. Dies ist einer der Gr\u00fcnde, warum viele unserer Kunden langfristige Beziehungen zu uns pflegen. Im Folgenden sind unsere Details zum Versand aufgef\u00fchrt.<\/p>    <div class=\"wp-block-media-text alignwide is-stacked-on-mobile\"><figure class=\"wp-block-media-text__media\"><img loading=\"lazy\" decoding=\"async\" width=\"720\" height=\"540\" src=\"https:\/\/www.shuliy.com\/wp-content\/uploads\/2023\/02\/Before-shipping-to-confirm-the-machine-1-1.webp\" alt=\"Vor dem Versand: Vor dem Versand kommunizieren wir haupts\u00e4chlich mit dem Kunden \u00fcber die Details der Maschine. Wir werden die Maschine auf Wunsch anpassen. Nachdem die Maschine hergestellt wurde, senden wir Bilder und ein Video der Maschine per Online-Video. Damit kann der Kunde die Fabrik sehen und pr\u00fcfen, ob es Probleme mit der Maschine gibt. Wenn alles in Ordnung ist, gehen wir zum n\u00e4chsten Schritt der Verpackung in Holzkisten \u00fcber.\" class=\"wp-image-5208 size-full\"\/><\/figure><div class=\"wp-block-media-text__content\"> <p class=\"translation-block\"><strong>Vor dem Versand:<\/strong> Vor dem Versand kommunizieren wir haupts\u00e4chlich mit dem Kunden \u00fcber die Details der Maschine. Wir werden die Maschine auf Wunsch anpassen. Nachdem die Maschine hergestellt wurde, senden wir Bilder und ein Video der Maschine per Online-Video. Damit kann der Kunde die Fabrik sehen und pr\u00fcfen, ob es Probleme mit der Maschine gibt. Wenn alles in Ordnung ist, gehen wir zum n\u00e4chsten Schritt der Verpackung in Holzkisten \u00fcber.<\/p> <\/div><\/div>    <p class=\"translation-block\"><strong>Holzkistenverpackung:<\/strong> Um die Maschine vor St\u00f6\u00dfen und Feuchtigkeitssch\u00e4den zu sch\u00fctzen, verwenden wir eine Holzkiste, um die Maschine zu verpacken. Au\u00dferdem verwenden wir fumationsfreie Holzkisten, die unseren Kunden helfen, die Zeit und Kosten f\u00fcr den Transport zu reduzieren. Nach dem Verpacken der Kisten verpacken wir sie direkt in Container.<\/p>    <figure class=\"wp-block-image size-full\"><img loading=\"lazy\" decoding=\"async\" width=\"720\" height=\"540\" src=\"https:\/\/www.shuliy.com\/wp-content\/uploads\/2023\/02\/Wooden-case-packing-.webp\" alt=\"Holzkistenverpackung\" class=\"wp-image-5200\" title=\"Holzkistenverpackung\"\/><figcaption class=\"wp-element-caption\"><strong>Holzkistenverpackung<\/strong><\/figcaption><\/figure>    <p class=\"translation-block\"><strong>Versand und Lieferung:<\/strong> Nachdem die Maschine verpackt wurde, beginnen wir mit dem Transport der Maschine direkt zum vom Kunden angegebenen Zielort. Der gesamte Transportprozess kann eine Kombination verschiedener Transportmittel wie Stra\u00dfe, Luft und See umfassen. <\/p>    <figure class=\"wp-block-image size-full\"><img loading=\"lazy\" decoding=\"async\" width=\"720\" height=\"540\" src=\"https:\/\/www.shuliy.com\/wp-content\/uploads\/2023\/02\/Shipping-and-delivery-.webp\" alt=\"Versand und Lieferung\" class=\"wp-image-5201\" title=\"Versand und Lieferung\"\/><figcaption class=\"wp-element-caption\"><strong>Versand und Lieferung<\/strong><\/figcaption><\/figure>    <p class=\"translation-block\"><strong>Logistikinformationen:<\/strong> Nachdem die Maschine die Fabrik verlassen hat, informieren wir den Kunden und stellen Logistikinformationen bereit. Der Kunde kann die Logistik auch selbst \u00fcberpr\u00fcfen. Wir informieren den Kunden auch \u00fcber alle Situationen w\u00e4hrend des Transports. Wenn die Maschine am Zielort ankommt, informieren wir den Kunden sofort, damit er unsere Maschine rechtzeitig erh\u00e4lt.<\/p>    <p class=\"translation-block\"><strong>Transportart:<\/strong> Die Liefermethoden unseres Unternehmens sind in der Regel Luft- und Seefracht. Wir verwenden die entsprechenden Transportmittel entsprechend den Bed\u00fcrfnissen des Kunden.<\/p>    <figure class=\"wp-block-image size-full\"><img loading=\"lazy\" decoding=\"async\" width=\"720\" height=\"540\" src=\"https:\/\/www.shuliy.com\/wp-content\/uploads\/2023\/02\/Inland-transport-.webp\" alt=\"Inlandsverkehr\" class=\"wp-image-5205\" title=\"Inlandsverkehr\"\/><figcaption class=\"wp-element-caption\">Inlandsverkehr<\/figcaption><\/figure>    <p class=\"translation-block\"><strong>Lieferzeit:<\/strong> Unsere Lieferzeit betr\u00e4gt in der Regel etwa 15 Tage. Dies liegt daran, dass die Maschine manchmal nicht auf Lager ist und hergestellt werden muss. Oder wir m\u00fcssen die Maschine nach den Bed\u00fcrfnissen des Kunden anpassen. Es geht schneller, wenn die Maschine auf Lager ist. <\/p>    <p class=\"translation-block\"><strong>\u00dcber Spedition:<\/strong> Kunden k\u00f6nnen ihren eigenen Spediteur finden, oder wir k\u00f6nnen dem Kunden auch einen Spediteur empfehlen.<\/p>    <p class=\"translation-block\"><strong>\u00dcber Versandkosten:<\/strong> Die H\u00f6he der Versandkosten h\u00e4ngt von verschiedenen Faktoren ab. Zum Beispiel; die Gr\u00f6\u00dfe, das Gewicht, das Volumen der Maschine, die nationale Politik, die Entfernung usw. Ob per Stra\u00dfe, Luft oder See, wir entscheiden nach R\u00fccksprache mit einem professionellen Transportunternehmen und berechnen angemessene Frachtkosten.<\/p>","protected":false},"excerpt":{"rendered":"<p>Shuliy shipping and delivery Shuliy has a comprehensive transport service system. We will customize the shipping process according to the customer&#8217;s specific situation. Based on years of export experience, we are skilled in solving all kinds of shipping problems that our customers may encounter. This is one of the reasons why many of our customers [&hellip;]<\/p>\n","protected":false},"author":1,"featured_media":5064,"parent":0,"menu_order":0,"comment_status":"closed","ping_status":"closed","template":"post-templates\/page-right-content.php","meta":{"footnotes":""},"class_list":["post-5008","page","type-page","status-publish","has-post-thumbnail","hentry"],"_links":{"self":[{"href":"https:\/\/www.shuliy.com\/de\/wp-json\/wp\/v2\/pages\/5008","targetHints":{"allow":["GET"]}}],"collection":[{"href":"https:\/\/www.shuliy.com\/de\/wp-json\/wp\/v2\/pages"}],"about":[{"href":"https:\/\/www.shuliy.com\/de\/wp-json\/wp\/v2\/types\/page"}],"author":[{"embeddable":true,"href":"https:\/\/www.shuliy.com\/de\/wp-json\/wp\/v2\/users\/1"}],"replies":[{"embeddable":true,"href":"https:\/\/www.shuliy.com\/de\/wp-json\/wp\/v2\/comments?post=5008"}],"version-history":[{"count":0,"href":"https:\/\/www.shuliy.com\/de\/wp-json\/wp\/v2\/pages\/5008\/revisions"}],"wp:featuredmedia":[{"embeddable":true,"href":"https:\/\/www.shuliy.com\/de\/wp-json\/wp\/v2\/media\/5064"}],"wp:attachment":[{"href":"https:\/\/www.shuliy.com\/de\/wp-json\/wp\/v2\/media?parent=5008"}],"curies":[{"name":"wp","href":"https:\/\/api.w.org\/{rel}","templated":true}]}}