{"id":5033,"date":"2023-02-20T16:19:16","date_gmt":"2023-02-20T08:19:16","guid":{"rendered":"https:\/\/www.shuliy.com\/?page_id=5033"},"modified":"2023-02-27T14:48:25","modified_gmt":"2023-02-27T06:48:25","slug":"qualifications-and-honors","status":"publish","type":"page","link":"https:\/\/www.shuliy.com\/de\/qualifications-and-honors\/","title":{"rendered":"Qualifikationen und Auszeichnungen"},"content":{"rendered":"<h2 class=\"wp-block-heading\">Shulys Qualifikationen &amp; Auszeichnungen<\/h2>    <p>Seit seiner Gr\u00fcndung ist Shuliy aktiv an Innovation, Entwicklung und Herstellung von Maschinen beteiligt. Wir haben viele Ehrenurkunden erhalten und wurden in der Henan-Provinz, China, mit dem Titel \u201eJ\u00e4hrliches vertrauensw\u00fcrdiges Unternehmen\u201c und \u201eFortschrittliches Unternehmen in der Sicherheitserzeugung\u201c ausgezeichnet. Wir haben auch aktiv an verschiedenen Ausstellungen und Maschineninnovationsaktivit\u00e4ten teilgenommen und viele Troph\u00e4en und Erfolge erzielt. Dar\u00fcber hinaus verf\u00fcgen wir \u00fcber viele maschinenbezogene Zertifikate.<\/p>    <h3 class=\"wp-block-heading\">1. CE-Zertifikate<\/h3>    <p>Das CE-Zertifikat wird von vielen Kunden verlangt. Die meisten unserer Maschinen verf\u00fcgen \u00fcber ein CE-Zertifikat. Nachfolgend sind die verschiedenen CE-Zertifikate der Maschinen aufgef\u00fchrt: <\/p>    <p class=\"translation-block\"><strong>Kohlemaschinen:<\/strong><\/p>    <figure class=\"wp-block-image size-full\"><img loading=\"lazy\" decoding=\"async\" width=\"720\" height=\"540\" src=\"https:\/\/www.shuliy.com\/wp-content\/uploads\/2023\/02\/Charcoal-machines-CE-certifications-.webp\" alt=\"\" class=\"wp-image-5150\"\/><figcaption class=\"wp-element-caption\">Zertifizierungen f\u00fcr Kohlemaschinen CE<\/figcaption><\/figure>    <p class=\"translation-block\"><br><strong>Kunststoffrecyclingmaschinen:<\/strong><\/p>    <figure class=\"wp-block-image size-full\"><img loading=\"lazy\" decoding=\"async\" width=\"720\" height=\"540\" src=\"https:\/\/www.shuliy.com\/wp-content\/uploads\/2023\/02\/Plastic-recycling-machine-certification-.webp\" alt=\"Zertifizierung von Kunststoffrecyclingmaschinen\" class=\"wp-image-5151\" title=\"Zertifizierung von Kunststoffrecyclingmaschinen\"\/><figcaption class=\"wp-element-caption\">Zertifizierung von Kunststoffrecyclingmaschinen<\/figcaption><\/figure>    <p class=\"translation-block\"><br><strong>Lebensmittelverarbeitungsmaschinen:<\/strong><\/p>    <figure class=\"wp-block-image size-full\"><img loading=\"lazy\" decoding=\"async\" width=\"720\" height=\"540\" src=\"https:\/\/www.shuliy.com\/wp-content\/uploads\/2023\/02\/Food-processing-machines-CE-certifications.webp\" alt=\"CE-Zertifizierungen f\u00fcr Lebensmittelverarbeitungsmaschinen\" class=\"wp-image-5152\" title=\"CE-Zertifizierungen f\u00fcr Lebensmittelverarbeitungsmaschinen\"\/><figcaption class=\"wp-element-caption\">CE-Zertifizierungen f\u00fcr Lebensmittelverarbeitungsmaschinen<\/figcaption><\/figure>    <p class=\"translation-block\"><br><strong>Landwirtschaftliche Maschinen:<\/strong><\/p>    <figure class=\"wp-block-image size-full\"><img loading=\"lazy\" decoding=\"async\" width=\"720\" height=\"540\" src=\"https:\/\/www.shuliy.com\/wp-content\/uploads\/2023\/02\/Agricultural-machines-certification-.webp\" alt=\"Zertifizierung landwirtschaftlicher Maschinen\" class=\"wp-image-5154\" title=\"Zertifizierung landwirtschaftlicher Maschinen\"\/><figcaption class=\"wp-element-caption\">Zertifizierung landwirtschaftlicher Maschinen<\/figcaption><\/figure>    <h3 class=\"wp-block-heading\">2. Weitere Zertifikate<\/h3>    <p>Zus\u00e4tzlich zu CE-Zertifikaten verf\u00fcgen wir auch \u00fcber ISO 9001 Qualit\u00e4tszertifizierung, Gewerbeberechtigung, PVOC-Vorexport-Konformit\u00e4tszertifizierung, SABER, SONCAP und viele mehr. Diese Zertifikate k\u00f6nnen dazu beitragen, die meisten Zertifizierungsanforderungen unserer Kunden zu erf\u00fcllen.<\/p>    <figure class=\"wp-block-image size-full\"><img loading=\"lazy\" decoding=\"async\" width=\"720\" height=\"540\" src=\"https:\/\/www.shuliy.com\/wp-content\/uploads\/2023\/02\/Other-certificates-1-2.webp\" alt=\"Andere Zertifikate\" class=\"wp-image-5173\" title=\"Andere Zertifikate\"\/><figcaption class=\"wp-element-caption\">Andere Zertifikate<\/figcaption><\/figure>","protected":false},"excerpt":{"rendered":"<p>Shuliy&#8217;s qualifications &amp;honors Since its establishment, Shuliy has been actively involved in the innovation, development, and manufacture of machines. We have received many certificates of merit and have been awarded the &#8220;Annual Trustworthy Enterprise&#8221; and &#8220;Advanced Enterprise in Safety Production&#8221; in Henan Province, China. We have also actively participated in various exhibitions and machine innovation [&hellip;]<\/p>\n","protected":false},"author":1,"featured_media":5175,"parent":0,"menu_order":0,"comment_status":"closed","ping_status":"closed","template":"post-templates\/page-right-content.php","meta":{"footnotes":""},"class_list":["post-5033","page","type-page","status-publish","has-post-thumbnail","hentry"],"_links":{"self":[{"href":"https:\/\/www.shuliy.com\/de\/wp-json\/wp\/v2\/pages\/5033","targetHints":{"allow":["GET"]}}],"collection":[{"href":"https:\/\/www.shuliy.com\/de\/wp-json\/wp\/v2\/pages"}],"about":[{"href":"https:\/\/www.shuliy.com\/de\/wp-json\/wp\/v2\/types\/page"}],"author":[{"embeddable":true,"href":"https:\/\/www.shuliy.com\/de\/wp-json\/wp\/v2\/users\/1"}],"replies":[{"embeddable":true,"href":"https:\/\/www.shuliy.com\/de\/wp-json\/wp\/v2\/comments?post=5033"}],"version-history":[{"count":0,"href":"https:\/\/www.shuliy.com\/de\/wp-json\/wp\/v2\/pages\/5033\/revisions"}],"wp:featuredmedia":[{"embeddable":true,"href":"https:\/\/www.shuliy.com\/de\/wp-json\/wp\/v2\/media\/5175"}],"wp:attachment":[{"href":"https:\/\/www.shuliy.com\/de\/wp-json\/wp\/v2\/media?parent=5033"}],"curies":[{"name":"wp","href":"https:\/\/api.w.org\/{rel}","templated":true}]}}