{"id":1600,"date":"2020-12-22T02:34:01","date_gmt":"2020-12-21T18:34:01","guid":{"rendered":"http:\/\/sw-themes.com\/porto_dummy\/?page_id=1600"},"modified":"2025-12-05T11:42:28","modified_gmt":"2025-12-05T03:42:28","slug":"contact-us","status":"publish","type":"page","link":"https:\/\/www.shuliy.com\/es\/contact-us\/","title":{"rendered":"Cont\u00e1ctenos"},"content":{"rendered":"<h2 class=\"wp-block-heading\">Informaci\u00f3n de contacto<\/h2>    <p>El Grupo Shuliy fue establecido en 2011, y es una gran empresa de fabricaci\u00f3n y exportaci\u00f3n de equipos. Actualmente, el Grupo Shuliy cuenta con tres sub-marcas: maquinaria Shuliy, maquinaria Taizy y maquinaria de madera, que se encargan respectivamente de equipos de recuperaci\u00f3n de recursos, equipos de procesamiento de alimentos y equipos de procesamiento de madera.<\/p>    <p>Actualmente, el equipo de Shuliy ha sido ampliamente reconocido en los mercados nacional e internacional. En los \u00faltimos 10 a\u00f1os, miles de m\u00e1quinas de alta calidad y proyectos de procesamiento completos han servido a clientes en m\u00e1s de 150 pa\u00edses y regiones de todo el mundo.<\/p>    <h3 class=\"wp-block-heading\">Direcci\u00f3n<\/h3>    <p>East Hanghai Road, \u00c1rea de Desarrollo Econ\u00f3mico y Tecnol\u00f3gico, Zhengzhou, China<\/p>    <h3 class=\"wp-block-heading\">WhatsApp\/Tel\u00e9fono<\/h3>    <p>+86 15838192276<\/p>    <h3 class=\"wp-block-heading\">Direcci\u00f3n de correo electr\u00f3nico<\/h3>    <p>info@bestshuliy.com<\/p>","protected":false},"excerpt":{"rendered":"<p>Contact Info Shuliy Group was established in 2011, which is a large equipment manufacturing and exporting enterprise. Shuliy Group currently has three sub-brands: Shuliy machinery, Taizy machinery, and Wood machinery, which respectively are in charge of resource recovery equipment, food processing equipment, and wood processing equipment. At present, Shuliy equipment has been widely acclaimed in [&hellip;]<\/p>\n","protected":false},"author":1,"featured_media":0,"parent":0,"menu_order":0,"comment_status":"closed","ping_status":"closed","template":"post-templates\/page-right-content.php","meta":{"footnotes":""},"class_list":["post-1600","page","type-page","status-publish","hentry"],"_links":{"self":[{"href":"https:\/\/www.shuliy.com\/es\/wp-json\/wp\/v2\/pages\/1600","targetHints":{"allow":["GET"]}}],"collection":[{"href":"https:\/\/www.shuliy.com\/es\/wp-json\/wp\/v2\/pages"}],"about":[{"href":"https:\/\/www.shuliy.com\/es\/wp-json\/wp\/v2\/types\/page"}],"author":[{"embeddable":true,"href":"https:\/\/www.shuliy.com\/es\/wp-json\/wp\/v2\/users\/1"}],"replies":[{"embeddable":true,"href":"https:\/\/www.shuliy.com\/es\/wp-json\/wp\/v2\/comments?post=1600"}],"version-history":[{"count":0,"href":"https:\/\/www.shuliy.com\/es\/wp-json\/wp\/v2\/pages\/1600\/revisions"}],"wp:attachment":[{"href":"https:\/\/www.shuliy.com\/es\/wp-json\/wp\/v2\/media?parent=1600"}],"curies":[{"name":"wp","href":"https:\/\/api.w.org\/{rel}","templated":true}]}}