{"id":4885,"date":"2023-01-07T14:46:00","date_gmt":"2023-01-07T06:46:00","guid":{"rendered":"https:\/\/www.shuliy.com\/?page_id=4885"},"modified":"2023-02-21T17:23:12","modified_gmt":"2023-02-21T09:23:12","slug":"about-us","status":"publish","type":"page","link":"https:\/\/www.shuliy.com\/es\/about-us\/","title":{"rendered":"Sobre Shuliy"},"content":{"rendered":"<h2 class=\"wp-block-heading\">\u00bfQui\u00e9nes somos?<\/h2>    <div class=\"wp-block-media-text alignwide is-stacked-on-mobile\"><figure class=\"wp-block-media-text__media\"><img loading=\"lazy\" decoding=\"async\" width=\"720\" height=\"540\" src=\"https:\/\/www.shuliy.com\/wp-content\/uploads\/2023\/01\/Shuliy-factory-.webp\" alt=\"\" class=\"wp-image-4943 size-full\"\/><\/figure><div class=\"wp-block-media-text__content\"> <p class=\"translation-block\">Shuliy Machinery Co., Ltd. es una reconocida empresa de investigaci\u00f3n, desarrollo y fabricaci\u00f3n de maquinaria. Nuestras m\u00e1quinas se utilizan en una variedad de campos, principalmente en <strong><em>equipos de reciclaje de recursos, equipos agr\u00edcolas, equipos de procesamiento de alimentos y maquinaria de embalaje<\/em><\/strong>. Ofrecemos m\u00e1quinas individuales as\u00ed como soluciones profesionales de maquinaria a nuestros clientes.<\/p> <\/div><\/div>    <div class=\"wp-block-media-text alignwide has-media-on-the-right is-stacked-on-mobile\"><div class=\"wp-block-media-text__content\"> <p class=\"translation-block\">Fabricamos m\u00e1quinas para cada campo con cuidado. Adem\u00e1s de m\u00e1quinas individuales, tambi\u00e9n ofrecemos l\u00edneas de producci\u00f3n grandes. Por ejemplo, <strong><em>l\u00ednea de producci\u00f3n de carb\u00f3n, l\u00ednea de reciclaje de botellas pl\u00e1sticas, l\u00ednea de producci\u00f3n de harina de pescado, l\u00ednea de bandejas de huevos, l\u00ednea de producci\u00f3n de papas fritas,<\/em><\/strong> etc. Tambi\u00e9n brindamos servicios relacionados con planos de dise\u00f1o de plantas, dibujos en 3D de l\u00edneas de producci\u00f3n y la instalaci\u00f3n de equipos por ingenieros en el extranjero.<\/p> <\/div><figure class=\"wp-block-media-text__media\"><img loading=\"lazy\" decoding=\"async\" width=\"720\" height=\"540\" src=\"https:\/\/www.shuliy.com\/wp-content\/uploads\/2023\/01\/Shuliy-machine-solutions-.webp\" alt=\"\" class=\"wp-image-4952 size-full\"\/><\/figure><\/div>    <h2 class=\"wp-block-heading\">Cultura de Shuliy<\/h2>    <div class=\"wp-block-media-text alignwide is-stacked-on-mobile\"><figure class=\"wp-block-media-text__media\"><img loading=\"lazy\" decoding=\"async\" width=\"720\" height=\"540\" src=\"https:\/\/www.shuliy.com\/wp-content\/uploads\/2023\/01\/Shuliy-culture-.webp\" alt=\"\" class=\"wp-image-4955 size-full\"\/><\/figure><div class=\"wp-block-media-text__content\"> <p>Misi\u00f3n de Shuliy Machinery: Que las m\u00e1quinas chinas cambien cada rinc\u00f3n del mundo.<\/p>    <p>Visi\u00f3n de Shuliy Machinery: \u00a1Mejorar el valor del cliente y ofrecer crecimiento a los empleados!<\/p>    <p>Valores del personal de Shuliy: integridad, gratitud, altruismo, energ\u00eda positiva, aceptar el cambio y esp\u00edritu de equipo.<\/p>    <p>Desde su establecimiento, Shuliy siempre ha tenido como objetivo ofrecer mayor comodidad a nuestros clientes con equipos de calidad. Estamos constantemente innovando y desarroll\u00e1ndonos en campos relacionados. Adem\u00e1s de proporcionar m\u00e1quinas de alta calidad, nos centramos en ofrecer servicios integrales a nuestros clientes. <\/p>    <p>Estos servicios incluyen proporcionar informaci\u00f3n sobre las m\u00e1quinas, personalizar m\u00e1quinas, m\u00faltiples m\u00e9todos de pago, instalaci\u00f3n y puesta en marcha de las m\u00e1quinas, embalaje y env\u00edo. Y nuestro servicio postventa, todos los clientes que han trabajado con nosotros est\u00e1n muy satisfechos con nuestro servicio.<\/p> <\/div><\/div>    <h2 class=\"wp-block-heading\">Calificaciones y honores<\/h2>    <p>Shuliy Machinery ha recibido muchos honores por sus productos de alta calidad, excelente servicio y el apoyo de muchos clientes. Nuestra empresa cuenta con certificado ISO 9001 y la mayor\u00eda de los productos tienen certificado CE. Tambi\u00e9n podemos obtener PVOC, SONCAP, SABER y C\/O Preferencial para facilitar la importaci\u00f3n de nuestros clientes. \u00a1Continuaremos trabajando a\u00fan m\u00e1s en el campo de estas m\u00e1quinas para ofrecer equipos de mejor calidad a nuestros clientes!<\/p>    <figure class=\"wp-block-gallery has-nested-images columns-default is-cropped wp-block-gallery-2 is-layout-flex wp-block-gallery-is-layout-flex\"> <figure class=\"wp-block-image size-large\"><img loading=\"lazy\" decoding=\"async\" width=\"720\" height=\"540\" data-id=\"4959\" src=\"https:\/\/www.shuliy.com\/wp-content\/uploads\/2023\/01\/Shuliy-qualifications-.webp\" alt=\"\" class=\"wp-image-4959\" title=\"Calificaciones de Shuliy\"\/><figcaption class=\"wp-element-caption\">Calificaciones de Shuliy<\/figcaption><\/figure>    <figure class=\"wp-block-image size-large\"><img loading=\"lazy\" decoding=\"async\" width=\"720\" height=\"540\" data-id=\"4960\" src=\"https:\/\/www.shuliy.com\/wp-content\/uploads\/2023\/01\/Shuliy-certifications-.jpg\" alt=\"\" class=\"wp-image-4960\" title=\"Certificaciones de Shuliy\"\/><figcaption class=\"wp-element-caption\">Certificaciones de Shuliy<\/figcaption><\/figure> <\/figure>    <h2 class=\"wp-block-heading\">Clientes globales de Shuliy<\/h2>    <div class=\"wp-block-media-text alignwide is-stacked-on-mobile\"><figure class=\"wp-block-media-text__media\"><img loading=\"lazy\" decoding=\"async\" width=\"720\" height=\"540\" src=\"https:\/\/www.shuliy.com\/wp-content\/uploads\/2023\/01\/Shuliy-global-customers-1-1.webp\" alt=\"\" class=\"wp-image-4966 size-full\"\/><\/figure><div class=\"wp-block-media-text__content\"> <p>Desde el inicio de la exportaci\u00f3n, nuestro equipo ha sido bien recibido por muchos pa\u00edses. Por ejemplo, EE. UU., Rusia, Argentina, Etiop\u00eda, Arabia Saudita, Congo, Nigeria, Indonesia, T\u00fanez, Brasil, Burundi, Colombia y otros pa\u00edses. Al mismo tiempo, debido a la excelente calidad y efecto de trabajo de nuestras m\u00e1quinas, hemos mantenido una cooperaci\u00f3n a largo plazo con muchos clientes.<\/p> <\/div><\/div>    <h2 class=\"wp-block-heading\">Favoritos del cliente \u2013 nuestra mayor motivaci\u00f3n<\/h2>    <p>Tenemos clientes de todo el mundo. Los clientes dicen que las m\u00e1quinas que reciben funcionan tan bien que seguir\u00e1n trabajando con nosotros. \u00a1Si tienes alguna pregunta, por favor cont\u00e1ctanos! \u00a1Nos pondremos en contacto contigo lo antes posible!<\/p>    <figure class=\"wp-block-image size-full is-resized\"><img loading=\"lazy\" decoding=\"async\" src=\"https:\/\/www.shuliy.com\/wp-content\/uploads\/2023\/01\/customers-feedback-1-2.webp\" alt=\"\" class=\"wp-image-4973\" width=\"720\" height=\"540\"\/><\/figure>","protected":false},"excerpt":{"rendered":"<p>sobre extracto (post attr)<\/p>","protected":false},"author":1,"featured_media":4891,"parent":0,"menu_order":0,"comment_status":"closed","ping_status":"closed","template":"post-templates\/page-right-content.php","meta":{"footnotes":""},"class_list":["post-4885","page","type-page","status-publish","has-post-thumbnail","hentry"],"_links":{"self":[{"href":"https:\/\/www.shuliy.com\/es\/wp-json\/wp\/v2\/pages\/4885","targetHints":{"allow":["GET"]}}],"collection":[{"href":"https:\/\/www.shuliy.com\/es\/wp-json\/wp\/v2\/pages"}],"about":[{"href":"https:\/\/www.shuliy.com\/es\/wp-json\/wp\/v2\/types\/page"}],"author":[{"embeddable":true,"href":"https:\/\/www.shuliy.com\/es\/wp-json\/wp\/v2\/users\/1"}],"replies":[{"embeddable":true,"href":"https:\/\/www.shuliy.com\/es\/wp-json\/wp\/v2\/comments?post=4885"}],"version-history":[{"count":0,"href":"https:\/\/www.shuliy.com\/es\/wp-json\/wp\/v2\/pages\/4885\/revisions"}],"wp:featuredmedia":[{"embeddable":true,"href":"https:\/\/www.shuliy.com\/es\/wp-json\/wp\/v2\/media\/4891"}],"wp:attachment":[{"href":"https:\/\/www.shuliy.com\/es\/wp-json\/wp\/v2\/media?parent=4885"}],"curies":[{"name":"wp","href":"https:\/\/api.w.org\/{rel}","templated":true}]}}