{"id":4980,"date":"2023-02-16T14:11:05","date_gmt":"2023-02-16T06:11:05","guid":{"rendered":"https:\/\/www.shuliy.com\/?page_id=4980"},"modified":"2023-03-15T11:38:21","modified_gmt":"2023-03-15T03:38:21","slug":"company-culture","status":"publish","type":"page","link":"https:\/\/www.shuliy.com\/es\/company-culture\/","title":{"rendered":"Cultura empresarial"},"content":{"rendered":"<h2 class=\"wp-block-heading\">Cultura de la maquinaria Shuliy<\/h2>    <p>Desde su establecimiento, Shuliy se ha comprometido con la investigaci\u00f3n, la innovaci\u00f3n y el desarrollo de sus propios productos de maquinaria. Siempre buscamos proporcionar a nuestros clientes equipos de calidad para brindar mayor comodidad a nuestros clientes. <\/p>    <p>Adem\u00e1s de hacer bien nuestro trabajo con productos de maquinaria, tambi\u00e9n prestamos gran atenci\u00f3n a nuestra cultura de servicio. El comercio exterior, adem\u00e1s de los productos, se trata de un servicio de calidad. Por lo tanto, ofrecer un servicio completo es nuestro sello distintivo, y queremos que nuestros clientes se sientan tranquilos y relajados con sus compras de maquinaria.<\/p>    <ol class=\"wp-block-list\"> <li><strong>Misi\u00f3n corporativa:<\/strong> Dejar que las m\u00e1quinas chinas cambien cada rinc\u00f3n del mundo. Esperamos que nuestra maquinaria y equipo puedan ayudar a nuestros clientes en todo el mundo. Queremos brindar comodidad a nuestros clientes y, al mismo tiempo, ayudar a desarrollar la econom\u00eda del usuario o local.<\/li>    <li><strong>Visi\u00f3n corporativa:<\/strong> \u00a1Para mejorar el valor para nuestros clientes y ofrecer crecimiento a nuestros empleados! Nuestra empresa est\u00e1 ayudando a nuestros clientes a obtener m\u00e1s valor y, al mismo tiempo, ayudando a nuestros empleados a desarrollarse y crecer.<\/li>    <li><strong>Valor de la gente de Shuliy: <\/strong>integridad, gratitud, altruismo, energ\u00eda positiva, aceptar el cambio y esp\u00edritu de equipo. \u00a1Nuestros valores positivos y optimistas nos dan una gran energ\u00eda y hacen que nuestros pasos sean cada vez m\u00e1s decididos!<\/li> <\/ol>    <figure class=\"wp-block-image size-full\"><img loading=\"lazy\" decoding=\"async\" width=\"720\" height=\"540\" src=\"https:\/\/www.shuliy.com\/wp-content\/uploads\/2023\/02\/customers-visit-.webp\" alt=\"la visita del cliente\" class=\"wp-image-5146\" title=\"la visita del cliente\"\/><figcaption class=\"wp-element-caption\">la visita del cliente<\/figcaption><\/figure>    <p>La cultura empresarial mencionada anteriormente nos gu\u00eda a seguir avanzando. Como un grupo est\u00e1 formado por muchos empleados, tambi\u00e9n nos enfocamos en el desarrollo de empleados individuales: <\/p>    <ol class=\"wp-block-list\"> <li>Nos preocupamos por nuestro personal, los capacitamos en habilidades y conocimientos relevantes, y ofrecemos canales de promoci\u00f3n para la planificaci\u00f3n de carreras. Tambi\u00e9n valoramos recompensar a los l\u00edderes que se preocupan por sus subordinados y lideran sus equipos con cuidado.<\/li>    <li>Nos centramos en los valores de nuestros empleados. Las personas que comparten valores comunes y son responsables del reconocimiento de la empresa pueden construir mejores productos y ofrecer servicios de calidad. Al mismo tiempo, tambi\u00e9n obtendr\u00e1n un gran crecimiento.<\/li>    <li>Recompensamos a las personas que son valientes, responsables, comprometidas con su trabajo, aprendices fuertes y que tienen un alto nivel de comprensi\u00f3n.<\/li> <\/ol>    <figure class=\"wp-block-image size-full\"><img loading=\"lazy\" decoding=\"async\" width=\"720\" height=\"540\" src=\"https:\/\/www.shuliy.com\/wp-content\/uploads\/2023\/02\/Focus-on-employee-growth-.webp\" alt=\"Enfoque en el crecimiento de los empleados\" class=\"wp-image-5145\" title=\"Enfoque en el crecimiento de los empleados\"\/><figcaption class=\"wp-element-caption\">Enfoque en el crecimiento de los empleados<\/figcaption><\/figure>","protected":false},"excerpt":{"rendered":"<p>Shuliy Machinery culture Since its establishment, Shuliy has been committed to research, innovation, and the development of its own machinery products. We always aim to provide our customers with quality equipment to bring greater convenience to our customers. In addition to doing a good job with our machinery products, we also pay great attention to [&hellip;]<\/p>\n","protected":false},"author":1,"featured_media":5147,"parent":0,"menu_order":0,"comment_status":"closed","ping_status":"closed","template":"post-templates\/page-right-content.php","meta":{"footnotes":""},"class_list":["post-4980","page","type-page","status-publish","has-post-thumbnail","hentry"],"_links":{"self":[{"href":"https:\/\/www.shuliy.com\/es\/wp-json\/wp\/v2\/pages\/4980","targetHints":{"allow":["GET"]}}],"collection":[{"href":"https:\/\/www.shuliy.com\/es\/wp-json\/wp\/v2\/pages"}],"about":[{"href":"https:\/\/www.shuliy.com\/es\/wp-json\/wp\/v2\/types\/page"}],"author":[{"embeddable":true,"href":"https:\/\/www.shuliy.com\/es\/wp-json\/wp\/v2\/users\/1"}],"replies":[{"embeddable":true,"href":"https:\/\/www.shuliy.com\/es\/wp-json\/wp\/v2\/comments?post=4980"}],"version-history":[{"count":0,"href":"https:\/\/www.shuliy.com\/es\/wp-json\/wp\/v2\/pages\/4980\/revisions"}],"wp:featuredmedia":[{"embeddable":true,"href":"https:\/\/www.shuliy.com\/es\/wp-json\/wp\/v2\/media\/5147"}],"wp:attachment":[{"href":"https:\/\/www.shuliy.com\/es\/wp-json\/wp\/v2\/media?parent=4980"}],"curies":[{"name":"wp","href":"https:\/\/api.w.org\/{rel}","templated":true}]}}