{"id":4982,"date":"2023-02-16T14:16:03","date_gmt":"2023-02-16T06:16:03","guid":{"rendered":"https:\/\/www.shuliy.com\/?page_id=4982"},"modified":"2023-02-27T14:42:37","modified_gmt":"2023-02-27T06:42:37","slug":"global-customer","status":"publish","type":"page","link":"https:\/\/www.shuliy.com\/es\/global-customer\/","title":{"rendered":"Cliente global"},"content":{"rendered":"<h2 class=\"wp-block-heading\">Cliente global de Shuliy Machinery<\/h2>    <p>Desde la creaci\u00f3n de Shuliy Machinery, hemos estado exportando. Nuestras m\u00e1quinas se han vendido a Am\u00e9rica del Norte, Am\u00e9rica del Sur, Sudeste Asi\u00e1tico, \u00c1frica, Sudeste Asi\u00e1tico y muchas otras regiones. A lo largo de los a\u00f1os, hemos acumulado una gran experiencia en exportaci\u00f3n. Por lo tanto, podemos ayudar a nuestros clientes a resolver f\u00e1cilmente los problemas de pago, documentaci\u00f3n y log\u00edstica. Tambi\u00e9n contamos con un excelente sistema de servicio, por ejemplo, instalaci\u00f3n y puesta en marcha de m\u00e1quinas en el extranjero, un a\u00f1o de servicio postventa, servicio de asesoramiento en l\u00ednea gratuito de por vida, etc.<\/p>    <div class=\"wp-block-media-text alignwide is-stacked-on-mobile\"><figure class=\"wp-block-media-text__media\"><img loading=\"lazy\" decoding=\"async\" width=\"720\" height=\"540\" src=\"https:\/\/www.shuliy.com\/wp-content\/uploads\/2023\/02\/send-the-machines-to-customers-.webp\" alt=\"enviar las m\u00e1quinas a los clientes\" class=\"wp-image-5168 size-full\"\/><\/figure><div class=\"wp-block-media-text__content\"> <p>Hasta ahora, los pa\u00edses espec\u00edficos a los que se ha exportado son EE. UU., Rusia, Argentina, Etiop\u00eda, Congo, Nigeria, Ghana, Malasia, Singapur, Australia, Lesoto, Zimbabue, Indonesia, T\u00fanez, Brasil, Burundi, Colombia, etc. Debido a la excelente calidad de las m\u00e1quinas y los resultados laborales, muchos de nuestros clientes han mantenido una relaci\u00f3n a largo plazo con nosotros.<\/p> <\/div><\/div>    <h2 class=\"wp-block-heading\">Clientes atendidos<\/h2>    <p>Ofrecemos la m\u00e1quina y el equipo adecuados a cualquier cliente que los necesite. Adem\u00e1s de suministrar productos a los clientes finales, tambi\u00e9n trabajamos con mayoristas y distribuidores para ofrecer precios competitivos. Tambi\u00e9n tenemos una amplia experiencia en licitaciones de ONG, FAO y gobiernos. <\/p>    <figure class=\"wp-block-image size-full\"><img loading=\"lazy\" decoding=\"async\" width=\"720\" height=\"540\" src=\"https:\/\/www.shuliy.com\/wp-content\/uploads\/2023\/02\/help-customer-to-solve-the-problem-.webp\" alt=\"ayudar al cliente a resolver el problema\" class=\"wp-image-5165\" title=\"ayudar al cliente a resolver el problema\"\/><figcaption class=\"wp-element-caption\">ayudar al cliente a resolver el problema<\/figcaption><\/figure>    <h2 class=\"wp-block-heading\">Comentarios positivos de nuestros clientes<\/h2>    <p>Los excelentes resultados laborales y la calidad de nuestras m\u00e1quinas nos han ganado el apoyo de muchos clientes. Nuestros clientes nuevos y existentes han expresado su disposici\u00f3n a seguir trabajando con nosotros. A continuaci\u00f3n, se muestran fotos de comentarios de nuestros clientes.<\/p>    <figure class=\"wp-block-image size-full\"><img loading=\"lazy\" decoding=\"async\" width=\"720\" height=\"540\" src=\"https:\/\/www.shuliy.com\/wp-content\/uploads\/2023\/02\/feedback-from-our-customers-.webp\" alt=\"Comentarios de nuestros clientes\" class=\"wp-image-5164\" title=\"Comentarios de nuestros clientes\"\/><figcaption class=\"wp-element-caption\">Comentarios de nuestros clientes<\/figcaption><\/figure>    <h2 class=\"wp-block-heading\">Foto del cliente<\/h2>    <p>Damos la bienvenida a los clientes a visitarnos en cualquier momento. Los clientes vienen a Zhengzhou para visitar nuestra empresa.<\/p>    <figure class=\"wp-block-image size-full\"><img loading=\"lazy\" decoding=\"async\" width=\"720\" height=\"540\" src=\"https:\/\/www.shuliy.com\/wp-content\/uploads\/2023\/02\/Shuliy-customer-.webp\" alt=\"Cliente de Shuliy\" class=\"wp-image-5163\" title=\"Cliente de Shuliy\"\/><figcaption class=\"wp-element-caption\">Cliente de Shuliy<\/figcaption><\/figure>    <h2 class=\"wp-block-heading\">Clientes visitando nuestra f\u00e1brica<\/h2>    <p>Los clientes pueden visitar nuestra f\u00e1brica cuando lo necesiten. Tambi\u00e9n est\u00e1n disponibles videos en l\u00ednea para dar a los clientes una idea de la f\u00e1brica.<\/p>    <figure class=\"wp-block-image size-full\"><img loading=\"lazy\" decoding=\"async\" width=\"720\" height=\"540\" src=\"https:\/\/www.shuliy.com\/wp-content\/uploads\/2023\/02\/Shuliy-factory.webp\" alt=\"F\u00e1brica Shuliy\" class=\"wp-image-5162\" title=\"F\u00e1brica Shuliy\"\/><figcaption class=\"wp-element-caption\">F\u00e1brica Shuliy<\/figcaption><\/figure>    <h2 class=\"wp-block-heading\">Ferias a las que asiste Shuliy<\/h2>    <p>Asistimos a ferias en varias ciudades para que m\u00e1s clientes nos conozcan.<\/p>    <figure class=\"wp-block-image size-full\"><img loading=\"lazy\" decoding=\"async\" width=\"720\" height=\"540\" src=\"https:\/\/www.shuliy.com\/wp-content\/uploads\/2023\/02\/Exhibitions-.webp\" alt=\"Ferias\" class=\"wp-image-5161\" title=\"Ferias\"\/><figcaption class=\"wp-element-caption\">Ferias<\/figcaption><\/figure>","protected":false},"excerpt":{"rendered":"<p>Shuliy Machinery&#8217;s global customer Since the establishment of Shuliy Machinery, we have been exporting. Our machines have been sold to North America, South America, South East Asia, Africa, South East Asia, and many other regions. Over the years, we have accumulated a wealth of experience in exporting. Therefore, we can help our customers to solve [&hellip;]<\/p>\n","protected":false},"author":1,"featured_media":5171,"parent":0,"menu_order":0,"comment_status":"closed","ping_status":"closed","template":"post-templates\/page-right-content.php","meta":{"footnotes":""},"class_list":["post-4982","page","type-page","status-publish","has-post-thumbnail","hentry"],"_links":{"self":[{"href":"https:\/\/www.shuliy.com\/es\/wp-json\/wp\/v2\/pages\/4982","targetHints":{"allow":["GET"]}}],"collection":[{"href":"https:\/\/www.shuliy.com\/es\/wp-json\/wp\/v2\/pages"}],"about":[{"href":"https:\/\/www.shuliy.com\/es\/wp-json\/wp\/v2\/types\/page"}],"author":[{"embeddable":true,"href":"https:\/\/www.shuliy.com\/es\/wp-json\/wp\/v2\/users\/1"}],"replies":[{"embeddable":true,"href":"https:\/\/www.shuliy.com\/es\/wp-json\/wp\/v2\/comments?post=4982"}],"version-history":[{"count":0,"href":"https:\/\/www.shuliy.com\/es\/wp-json\/wp\/v2\/pages\/4982\/revisions"}],"wp:featuredmedia":[{"embeddable":true,"href":"https:\/\/www.shuliy.com\/es\/wp-json\/wp\/v2\/media\/5171"}],"wp:attachment":[{"href":"https:\/\/www.shuliy.com\/es\/wp-json\/wp\/v2\/media?parent=4982"}],"curies":[{"name":"wp","href":"https:\/\/api.w.org\/{rel}","templated":true}]}}