{"id":4993,"date":"2023-02-16T17:11:40","date_gmt":"2023-02-16T09:11:40","guid":{"rendered":"https:\/\/www.shuliy.com\/?page_id=4993"},"modified":"2023-02-28T14:23:44","modified_gmt":"2023-02-28T06:23:44","slug":"customized-services","status":"publish","type":"page","link":"https:\/\/www.shuliy.com\/es\/customized-services\/","title":{"rendered":"Servicios personalizados"},"content":{"rendered":"<h2 class=\"wp-block-heading\">Servicios personalizados de Shuliy<\/h2>    <div class=\"wp-block-media-text alignwide is-stacked-on-mobile\"><figure class=\"wp-block-media-text__media\"><img loading=\"lazy\" decoding=\"async\" width=\"720\" height=\"540\" src=\"https:\/\/www.shuliy.com\/wp-content\/uploads\/2023\/02\/Shuliy-global-customers-.webp\" alt=\"\" class=\"wp-image-5226 size-full\"\/><\/figure><div class=\"wp-block-media-text__content\"> <p>En Shuliy damos gran importancia a poder ofrecer m\u00e1quinas y equipos que satisfagan las necesidades espec\u00edficas de nuestros clientes. La mayor motivaci\u00f3n para nuestra mejora y desarrollo continuos es la satisfacci\u00f3n del cliente. Por lo tanto, en el curso de nuestro desarrollo continuo, estamos constantemente mejorando nuestros servicios personalizados. Confiamos en un excelente personal t\u00e9cnico, altos est\u00e1ndares, un equipo excelente, un sistema de supervisi\u00f3n estricto, un sistema log\u00edstico perfecto y un equipo de postventa que puede crear soluciones de maquinaria exclusivas para nuestros clientes. <\/p> <\/div><\/div>    <p>Un buen servicio personalizado desempe\u00f1a un papel importante a la hora de mantener una cooperaci\u00f3n a largo plazo con nuestros clientes. Hasta la fecha, hemos trabajado con clientes en varias regiones como Asia Sudoriental, Asia Meridional, \u00c1frica, Asia del Norte, Am\u00e9rica del Norte, Am\u00e9rica Latina, y muchos m\u00e1s. En cuanto a la personalizaci\u00f3n, abordamos las siguientes \u00e1reas principales.<\/p>    <h2 class=\"wp-block-heading\">Personalizaci\u00f3n de m\u00e1quinas individuales<\/h2>    <p>Nuestra gama de maquinaria est\u00e1 disponible en una amplia variedad de m\u00e1quinas individuales. La misma m\u00e1quina var\u00eda en tama\u00f1o dependiendo de la producci\u00f3n. O parecen diferentes debido a las diferencias en la funci\u00f3n. Para poder satisfacer las necesidades de diferentes clientes, producimos diferentes modelos de la misma m\u00e1quina.<br>Pero como tenemos clientes en todo el mundo, los requisitos pueden variar a\u00fan m\u00e1s. Por lo tanto, preguntamos a nuestros clientes en detalle sobre sus necesidades espec\u00edficas durante nuestra comunicaci\u00f3n con ellos. Por ejemplo, el color, funci\u00f3n, forma, tama\u00f1o, voltaje, hercios, fase, potencia, etc. de la m\u00e1quina. Una vez que se han determinado todos los requisitos espec\u00edficos, \u00a1fabricaremos la m\u00e1quina a medida para satisfacer las necesidades del cliente!<\/p>    <figure class=\"wp-block-gallery has-nested-images columns-default is-cropped wp-block-gallery-2 is-layout-flex wp-block-gallery-is-layout-flex\"> <figure class=\"wp-block-image size-large\"><img loading=\"lazy\" decoding=\"async\" width=\"720\" height=\"540\" data-id=\"5179\" src=\"https:\/\/www.shuliy.com\/wp-content\/uploads\/2023\/02\/wood-crushing-machine-with-motor.webp\" alt=\"maquina trituradora de madera con motor\" class=\"wp-image-5179\" title=\"maquina trituradora de madera con motor\"\/><figcaption class=\"wp-element-caption\">maquina trituradora de madera con motor<\/figcaption><\/figure>    <figure class=\"wp-block-image size-large\"><img loading=\"lazy\" decoding=\"async\" width=\"720\" height=\"540\" data-id=\"5180\" src=\"https:\/\/www.shuliy.com\/wp-content\/uploads\/2023\/02\/wood-crusher-with-diesel-engine-.webp\" alt=\"triturador de madera con motor di\u00e9sel\" class=\"wp-image-5180\" title=\"triturador de madera con motor di\u00e9sel\"\/><figcaption class=\"wp-element-caption\">triturador de madera con motor di\u00e9sel<\/figcaption><\/figure>    <figure class=\"wp-block-image size-large\"><img loading=\"lazy\" decoding=\"async\" width=\"720\" height=\"540\" data-id=\"5181\" src=\"https:\/\/www.shuliy.com\/wp-content\/uploads\/2023\/02\/wood-crusher-with-wheel-and-frame-.webp\" alt=\"trituradora de madera con ruedas y marco\" class=\"wp-image-5181\" title=\"trituradora de madera con ruedas y marco\"\/><figcaption class=\"wp-element-caption\">trituradora de madera con ruedas y marco<\/figcaption><\/figure> <\/figure>    <h2 class=\"wp-block-heading\">Servicios personalizados para l\u00edneas de producci\u00f3n <\/h2>    <p>Adem\u00e1s de m\u00e1quinas individuales, tambi\u00e9n tenemos l\u00edneas de producci\u00f3n que requieren que muchas m\u00e1quinas trabajen juntas, por ejemplo, l\u00edneas de producci\u00f3n de carb\u00f3n, l\u00edneas de producci\u00f3n de pellets de pl\u00e1stico, l\u00edneas de producci\u00f3n de palets de madera, l\u00edneas de jab\u00f3n, l\u00edneas de producci\u00f3n de patatas fritas, l\u00edneas de harina de pescado, l\u00edneas de molino de arroz, etc.<\/p>    <figure class=\"wp-block-image size-full\"><img loading=\"lazy\" decoding=\"async\" width=\"720\" height=\"385\" src=\"https:\/\/www.shuliy.com\/wp-content\/uploads\/2023\/02\/plastic-recycling-production-line-.webp\" alt=\"L\u00ednea de producci\u00f3n de reciclaje de pl\u00e1stico\" class=\"wp-image-5185\" title=\"L\u00ednea de producci\u00f3n de reciclaje de pl\u00e1stico\"\/><figcaption class=\"wp-element-caption\">L\u00ednea de producci\u00f3n de reciclaje de pl\u00e1stico<\/figcaption><\/figure>    <p class=\"translation-block\"><strong>Hay muchos m\u00e1s factores que los clientes deben considerar al comprar una l\u00ednea de producci\u00f3n, como<\/strong><\/p>    <ol class=\"wp-block-list\"> <li>\u00bfC\u00f3mo se ajusta la l\u00ednea de producci\u00f3n adquirida al dise\u00f1o de su propia f\u00e1brica?<\/li>    <li>\u00bfC\u00f3mo se puede colocar la l\u00ednea adquirida en su f\u00e1brica?<\/li>    <li>\u00bfEl tama\u00f1o de la f\u00e1brica coincide con el tama\u00f1o de la l\u00ednea de producci\u00f3n?<\/li>    <li>La combinaci\u00f3n de l\u00edneas de producci\u00f3n que necesito y la combinaci\u00f3n que tenemos disponible no son exactamente las mismas.<\/li>    <li>El cliente necesita un diagrama claro de la distribuci\u00f3n del equipo y un video del principio de funcionamiento del equipo.<\/li>    <li>\u00bfLa tensi\u00f3n, la potencia, la frecuencia y la energ\u00eda de fase del equipo cumplen los requisitos de su pa\u00eds?<\/li>    <li>\u00bfQu\u00e9 hacer si no sabe c\u00f3mo instalar y poner en marcha el equipo usted mismo?<\/li> <\/ol>    <p>As\u00ed que adaptaremos la l\u00ednea de producci\u00f3n de acuerdo con las necesidades espec\u00edficas del cliente para crear una l\u00ednea de producci\u00f3n \u00fanica para el cliente.<\/p>    <figure class=\"wp-block-image size-full is-resized\"><img loading=\"lazy\" decoding=\"async\" src=\"https:\/\/www.shuliy.com\/wp-content\/uploads\/2023\/02\/CAD-.webp\" alt=\"CAD\" class=\"wp-image-5186\" width=\"706\" height=\"299\" title=\"CAD\"\/><figcaption class=\"wp-element-caption\">CAD<\/figcaption><\/figure>    <p>Shuliy lleva m\u00e1s de 10 a\u00f1os en el negocio de comercio exterior. Como resultado, hemos acumulado mucha experiencia con m\u00e1quinas personalizadas. Esto ha facilitado el uso de nuestras m\u00e1quinas por parte de nuestros clientes y nos ha ayudado a acceder a una gama m\u00e1s amplia de clientes en diferentes regiones. No dude en contactarnos para cualquiera de sus requisitos.<\/p>","protected":false},"excerpt":{"rendered":"<p>Shuliy&#8217;s customized services We at Shuliy attach great importance to being able to offer machines and equipment that meet the specific needs of our customers. Customer satisfaction is the greatest motivation for our continuous improvement and development. Therefore, in the course of our continuous development, we are constantly improving our customized services. We rely on [&hellip;]<\/p>\n","protected":false},"author":1,"featured_media":5032,"parent":0,"menu_order":0,"comment_status":"closed","ping_status":"closed","template":"post-templates\/page-right-content.php","meta":{"footnotes":""},"class_list":["post-4993","page","type-page","status-publish","has-post-thumbnail","hentry"],"_links":{"self":[{"href":"https:\/\/www.shuliy.com\/es\/wp-json\/wp\/v2\/pages\/4993","targetHints":{"allow":["GET"]}}],"collection":[{"href":"https:\/\/www.shuliy.com\/es\/wp-json\/wp\/v2\/pages"}],"about":[{"href":"https:\/\/www.shuliy.com\/es\/wp-json\/wp\/v2\/types\/page"}],"author":[{"embeddable":true,"href":"https:\/\/www.shuliy.com\/es\/wp-json\/wp\/v2\/users\/1"}],"replies":[{"embeddable":true,"href":"https:\/\/www.shuliy.com\/es\/wp-json\/wp\/v2\/comments?post=4993"}],"version-history":[{"count":0,"href":"https:\/\/www.shuliy.com\/es\/wp-json\/wp\/v2\/pages\/4993\/revisions"}],"wp:featuredmedia":[{"embeddable":true,"href":"https:\/\/www.shuliy.com\/es\/wp-json\/wp\/v2\/media\/5032"}],"wp:attachment":[{"href":"https:\/\/www.shuliy.com\/es\/wp-json\/wp\/v2\/media?parent=4993"}],"curies":[{"name":"wp","href":"https:\/\/api.w.org\/{rel}","templated":true}]}}