{"id":5008,"date":"2023-02-17T18:00:17","date_gmt":"2023-02-17T10:00:17","guid":{"rendered":"https:\/\/www.shuliy.com\/?page_id=5008"},"modified":"2023-02-28T14:10:45","modified_gmt":"2023-02-28T06:10:45","slug":"shipping-delivery","status":"publish","type":"page","link":"https:\/\/www.shuliy.com\/es\/shipping-delivery\/","title":{"rendered":"Env\u00edo y entrega"},"content":{"rendered":"<h2 class=\"wp-block-heading\">Env\u00edo y entrega de Shuliy<\/h2>    <p>Shuliy cuenta con un sistema integral de servicios de transporte. Personalizaremos el proceso de env\u00edo seg\u00fan la situaci\u00f3n espec\u00edfica del cliente. Bas\u00e1ndonos en a\u00f1os de experiencia en exportaci\u00f3n, somos expertos en resolver todo tipo de problemas de env\u00edo que puedan encontrar nuestros clientes. Esta es una de las razones por las que muchos de nuestros clientes mantienen relaciones a largo plazo con nosotros. A continuaci\u00f3n, nuestros detalles respecto al env\u00edo.<\/p>    <div class=\"wp-block-media-text alignwide is-stacked-on-mobile\"><figure class=\"wp-block-media-text__media\"><img loading=\"lazy\" decoding=\"async\" width=\"720\" height=\"540\" src=\"https:\/\/www.shuliy.com\/wp-content\/uploads\/2023\/02\/Before-shipping-to-confirm-the-machine-1-1.webp\" alt=\"Antes del env\u00edo: Antes del env\u00edo, nos comunicamos principalmente con el cliente sobre los detalles de la m\u00e1quina. Personalizaremos la m\u00e1quina seg\u00fan la demanda. Despu\u00e9s de que la m\u00e1quina est\u00e9 hecha, enviaremos fotos y un video de la m\u00e1quina a trav\u00e9s de videollamada en l\u00ednea. Esto para que el cliente pueda ver la f\u00e1brica y verificar si hay alg\u00fan problema con la m\u00e1quina. Cuando todo est\u00e9 en orden, pasaremos al siguiente paso de embalaje en cajas de madera.\" class=\"wp-image-5208 size-full\"\/><\/figure><div class=\"wp-block-media-text__content\"> <p class=\"translation-block\"><strong>Antes del env\u00edo:<\/strong> Antes del env\u00edo, nos comunicamos principalmente con el cliente sobre los detalles de la m\u00e1quina. Personalizaremos la m\u00e1quina seg\u00fan la demanda. Despu\u00e9s de que la m\u00e1quina est\u00e9 hecha, enviaremos fotos y un video de la m\u00e1quina a trav\u00e9s de videollamada en l\u00ednea. Esto para que el cliente pueda ver la f\u00e1brica y verificar si hay alg\u00fan problema con la m\u00e1quina. Cuando todo est\u00e9 en orden, pasaremos al siguiente paso de embalaje en cajas de madera.<\/p> <\/div><\/div>    <p class=\"translation-block\"><strong>Embalaje en caja de madera:<\/strong> Para proteger la m\u00e1quina de golpes y da\u00f1os por humedad, utilizaremos una caja de madera para embalar la m\u00e1quina. Adem\u00e1s, usamos cajas de madera sin fumigaci\u00f3n, lo que ayuda a nuestros clientes a reducir el tiempo y el costo de transporte. Despu\u00e9s de embalar las cajas, las colocamos directamente en contenedores.<\/p>    <figure class=\"wp-block-image size-full\"><img loading=\"lazy\" decoding=\"async\" width=\"720\" height=\"540\" src=\"https:\/\/www.shuliy.com\/wp-content\/uploads\/2023\/02\/Wooden-case-packing-.webp\" alt=\"Embalaje en caja de madera\" class=\"wp-image-5200\" title=\"Embalaje en caja de madera\"\/><figcaption class=\"wp-element-caption\"><strong>Embalaje en caja de madera<\/strong><\/figcaption><\/figure>    <p class=\"translation-block\"><strong>Env\u00edo y entrega:<\/strong> Despu\u00e9s de que la m\u00e1quina ha sido embalada, comenzamos a transportar la m\u00e1quina directamente al destino especificado por el cliente. Todo el proceso de transporte puede involucrar una combinaci\u00f3n de diferentes formas de transporte como carretera, aire y mar. <\/p>    <figure class=\"wp-block-image size-full\"><img loading=\"lazy\" decoding=\"async\" width=\"720\" height=\"540\" src=\"https:\/\/www.shuliy.com\/wp-content\/uploads\/2023\/02\/Shipping-and-delivery-.webp\" alt=\"Env\u00edo y entrega\" class=\"wp-image-5201\" title=\"Env\u00edo y entrega\"\/><figcaption class=\"wp-element-caption\"><strong>Env\u00edo y entrega<\/strong><\/figcaption><\/figure>    <p class=\"translation-block\"><strong>Informaci\u00f3n log\u00edstica:<\/strong> Despu\u00e9s de que la m\u00e1quina sale de la f\u00e1brica, informaremos al cliente y proporcionaremos informaci\u00f3n log\u00edstica. El cliente tambi\u00e9n puede verificar la log\u00edstica por s\u00ed mismo. Tambi\u00e9n informaremos al cliente de cualquier situaci\u00f3n durante el proceso de transporte. Cuando la m\u00e1quina llegue al destino, informaremos inmediatamente al cliente para que pueda recibir nuestra m\u00e1quina a tiempo.<\/p>    <p class=\"translation-block\"><strong>Modo de transporte:<\/strong> Nuestros m\u00e9todos de entrega de la empresa son generalmente por aire y por mar. Utilizaremos los m\u00e9todos de transporte correspondientes seg\u00fan las necesidades del cliente.<\/p>    <figure class=\"wp-block-image size-full\"><img loading=\"lazy\" decoding=\"async\" width=\"720\" height=\"540\" src=\"https:\/\/www.shuliy.com\/wp-content\/uploads\/2023\/02\/Inland-transport-.webp\" alt=\"Transporte terrestre\" class=\"wp-image-5205\" title=\"Transporte terrestre\"\/><figcaption class=\"wp-element-caption\">Transporte terrestre<\/figcaption><\/figure>    <p class=\"translation-block\"><strong>Tiempo de entrega:<\/strong> Nuestro tiempo de entrega suele ser de aproximadamente 15 d\u00edas. Esto se debe a que a veces la m\u00e1quina no est\u00e1 en stock y necesita ser fabricada. O necesitamos personalizar la m\u00e1quina seg\u00fan las necesidades del cliente. Ser\u00e1 m\u00e1s r\u00e1pido cuando la m\u00e1quina est\u00e9 en stock. <\/p>    <p class=\"translation-block\"><strong>Sobre el transporte de mercanc\u00edas:<\/strong> Los clientes pueden encontrar su propio transitario, o tambi\u00e9n podemos recomendar un transitario al cliente.<\/p>    <p class=\"translation-block\"><strong>Sobre los costos de env\u00edo:<\/strong> La cantidad de costos de env\u00edo depende de diferentes factores. Por ejemplo; el tama\u00f1o, peso, volumen de la m\u00e1quina, pol\u00edtica nacional, distancia, etc. Ya sea por carretera, aire o mar, decidimos consultando con una empresa de transporte profesional y cobrando tarifas de flete razonables.<\/p>","protected":false},"excerpt":{"rendered":"<p>Shuliy shipping and delivery Shuliy has a comprehensive transport service system. We will customize the shipping process according to the customer&#8217;s specific situation. Based on years of export experience, we are skilled in solving all kinds of shipping problems that our customers may encounter. This is one of the reasons why many of our customers [&hellip;]<\/p>\n","protected":false},"author":1,"featured_media":5064,"parent":0,"menu_order":0,"comment_status":"closed","ping_status":"closed","template":"post-templates\/page-right-content.php","meta":{"footnotes":""},"class_list":["post-5008","page","type-page","status-publish","has-post-thumbnail","hentry"],"_links":{"self":[{"href":"https:\/\/www.shuliy.com\/es\/wp-json\/wp\/v2\/pages\/5008","targetHints":{"allow":["GET"]}}],"collection":[{"href":"https:\/\/www.shuliy.com\/es\/wp-json\/wp\/v2\/pages"}],"about":[{"href":"https:\/\/www.shuliy.com\/es\/wp-json\/wp\/v2\/types\/page"}],"author":[{"embeddable":true,"href":"https:\/\/www.shuliy.com\/es\/wp-json\/wp\/v2\/users\/1"}],"replies":[{"embeddable":true,"href":"https:\/\/www.shuliy.com\/es\/wp-json\/wp\/v2\/comments?post=5008"}],"version-history":[{"count":0,"href":"https:\/\/www.shuliy.com\/es\/wp-json\/wp\/v2\/pages\/5008\/revisions"}],"wp:featuredmedia":[{"embeddable":true,"href":"https:\/\/www.shuliy.com\/es\/wp-json\/wp\/v2\/media\/5064"}],"wp:attachment":[{"href":"https:\/\/www.shuliy.com\/es\/wp-json\/wp\/v2\/media?parent=5008"}],"curies":[{"name":"wp","href":"https:\/\/api.w.org\/{rel}","templated":true}]}}