{"id":5033,"date":"2023-02-20T16:19:16","date_gmt":"2023-02-20T08:19:16","guid":{"rendered":"https:\/\/www.shuliy.com\/?page_id=5033"},"modified":"2023-02-27T14:48:25","modified_gmt":"2023-02-27T06:48:25","slug":"qualifications-and-honors","status":"publish","type":"page","link":"https:\/\/www.shuliy.com\/es\/qualifications-and-honors\/","title":{"rendered":"Calificaciones y honores"},"content":{"rendered":"<h2 class=\"wp-block-heading\">Calificaciones y honores de Shuliy<\/h2>    <p>Desde su establecimiento, Shuliy ha estado activamente involucrada en la innovaci\u00f3n, desarrollo y fabricaci\u00f3n de m\u00e1quinas. Hemos recibido muchos certificados de m\u00e9rito y hemos sido galardonados con el \u201cEmpresa Confiable Anual\u201d y la \u201cEmpresa Avanzada en Seguridad en la Producci\u00f3n\u201d en la provincia de Henan, China. Tambi\u00e9n hemos participado activamente en varias exposiciones y actividades de innovaci\u00f3n en m\u00e1quinas y hemos ganado muchos trofeos y logros. Adem\u00e1s, tenemos muchos certificados relacionados con m\u00e1quinas.<\/p>    <h3 class=\"wp-block-heading\">1. Certificados CE<\/h3>    <p>El certificado CE es requerido por muchos clientes. La mayor\u00eda de nuestras m\u00e1quinas tienen un certificado CE. A continuaci\u00f3n, se muestran los diferentes certificados CE de las m\u00e1quinas: <\/p>    <p class=\"translation-block\"><strong>M\u00e1quinas de carb\u00f3n vegetal:<\/strong><\/p>    <figure class=\"wp-block-image size-full\"><img loading=\"lazy\" decoding=\"async\" width=\"720\" height=\"540\" src=\"https:\/\/www.shuliy.com\/wp-content\/uploads\/2023\/02\/Charcoal-machines-CE-certifications-.webp\" alt=\"\" class=\"wp-image-5150\"\/><figcaption class=\"wp-element-caption\">Certificaciones CE de m\u00e1quinas de carb\u00f3n vegetal<\/figcaption><\/figure>    <p class=\"translation-block\"><br><strong>M\u00e1quinas de reciclaje de pl\u00e1stico:<\/strong><\/p>    <figure class=\"wp-block-image size-full\"><img loading=\"lazy\" decoding=\"async\" width=\"720\" height=\"540\" src=\"https:\/\/www.shuliy.com\/wp-content\/uploads\/2023\/02\/Plastic-recycling-machine-certification-.webp\" alt=\"Certificaci\u00f3n de m\u00e1quina de reciclaje de pl\u00e1stico\" class=\"wp-image-5151\" title=\"Certificaci\u00f3n de m\u00e1quina de reciclaje de pl\u00e1stico\"\/><figcaption class=\"wp-element-caption\">Certificaci\u00f3n de m\u00e1quina de reciclaje de pl\u00e1stico<\/figcaption><\/figure>    <p class=\"translation-block\"><br><strong>M\u00e1quinas de procesamiento de alimentos:<\/strong><\/p>    <figure class=\"wp-block-image size-full\"><img loading=\"lazy\" decoding=\"async\" width=\"720\" height=\"540\" src=\"https:\/\/www.shuliy.com\/wp-content\/uploads\/2023\/02\/Food-processing-machines-CE-certifications.webp\" alt=\"Certificaciones CE de m\u00e1quinas de procesamiento de alimentos\" class=\"wp-image-5152\" title=\"Certificaciones CE de m\u00e1quinas de procesamiento de alimentos\"\/><figcaption class=\"wp-element-caption\">Certificaciones CE de m\u00e1quinas de procesamiento de alimentos<\/figcaption><\/figure>    <p class=\"translation-block\"><br><strong>M\u00e1quinas agr\u00edcolas:<\/strong><\/p>    <figure class=\"wp-block-image size-full\"><img loading=\"lazy\" decoding=\"async\" width=\"720\" height=\"540\" src=\"https:\/\/www.shuliy.com\/wp-content\/uploads\/2023\/02\/Agricultural-machines-certification-.webp\" alt=\"Certificaci\u00f3n de m\u00e1quinas agr\u00edcolas\" class=\"wp-image-5154\" title=\"Certificaci\u00f3n de m\u00e1quinas agr\u00edcolas\"\/><figcaption class=\"wp-element-caption\">Certificaci\u00f3n de m\u00e1quinas agr\u00edcolas<\/figcaption><\/figure>    <h3 class=\"wp-block-heading\">2. Otros certificados<\/h3>    <p>Adem\u00e1s de los certificados CE, tambi\u00e9n contamos con certificaci\u00f3n de calidad ISO 9001, Licencia Comercial, certificaci\u00f3n de cumplimiento previo a exportaci\u00f3n PVOC, SABER, SONCAP y muchas m\u00e1s. Estos certificados pueden ayudar a satisfacer la mayor\u00eda de las necesidades de certificaci\u00f3n de nuestros clientes.<\/p>    <figure class=\"wp-block-image size-full\"><img loading=\"lazy\" decoding=\"async\" width=\"720\" height=\"540\" src=\"https:\/\/www.shuliy.com\/wp-content\/uploads\/2023\/02\/Other-certificates-1-2.webp\" alt=\"Otros certificados\" class=\"wp-image-5173\" title=\"Otros certificados\"\/><figcaption class=\"wp-element-caption\">Otros certificados<\/figcaption><\/figure>","protected":false},"excerpt":{"rendered":"<p>Shuliy&#8217;s qualifications &amp;honors Since its establishment, Shuliy has been actively involved in the innovation, development, and manufacture of machines. We have received many certificates of merit and have been awarded the &#8220;Annual Trustworthy Enterprise&#8221; and &#8220;Advanced Enterprise in Safety Production&#8221; in Henan Province, China. We have also actively participated in various exhibitions and machine innovation [&hellip;]<\/p>\n","protected":false},"author":1,"featured_media":5175,"parent":0,"menu_order":0,"comment_status":"closed","ping_status":"closed","template":"post-templates\/page-right-content.php","meta":{"footnotes":""},"class_list":["post-5033","page","type-page","status-publish","has-post-thumbnail","hentry"],"_links":{"self":[{"href":"https:\/\/www.shuliy.com\/es\/wp-json\/wp\/v2\/pages\/5033","targetHints":{"allow":["GET"]}}],"collection":[{"href":"https:\/\/www.shuliy.com\/es\/wp-json\/wp\/v2\/pages"}],"about":[{"href":"https:\/\/www.shuliy.com\/es\/wp-json\/wp\/v2\/types\/page"}],"author":[{"embeddable":true,"href":"https:\/\/www.shuliy.com\/es\/wp-json\/wp\/v2\/users\/1"}],"replies":[{"embeddable":true,"href":"https:\/\/www.shuliy.com\/es\/wp-json\/wp\/v2\/comments?post=5033"}],"version-history":[{"count":0,"href":"https:\/\/www.shuliy.com\/es\/wp-json\/wp\/v2\/pages\/5033\/revisions"}],"wp:featuredmedia":[{"embeddable":true,"href":"https:\/\/www.shuliy.com\/es\/wp-json\/wp\/v2\/media\/5175"}],"wp:attachment":[{"href":"https:\/\/www.shuliy.com\/es\/wp-json\/wp\/v2\/media?parent=5033"}],"curies":[{"name":"wp","href":"https:\/\/api.w.org\/{rel}","templated":true}]}}