{"id":5040,"date":"2023-02-20T17:53:51","date_gmt":"2023-02-20T09:53:51","guid":{"rendered":"https:\/\/www.shuliy.com\/?page_id=5040"},"modified":"2023-02-28T14:15:43","modified_gmt":"2023-02-28T06:15:43","slug":"distributors","status":"publish","type":"page","link":"https:\/\/www.shuliy.com\/es\/distributors\/","title":{"rendered":"Distribuidores"},"content":{"rendered":"<h2 class=\"wp-block-heading\">Convertirse en distribuidor de Shuliy<\/h2>    <p>Shuliy ha estado involucrada en comercio exterior durante m\u00e1s de diez a\u00f1os y ha sido conocida tanto en el pa\u00eds como en el extranjero durante muchos a\u00f1os, ya que el equipo se vende a muchos pa\u00edses. La alta calidad de nuestro equipo, el precio correcto y el excelente servicio postventa han atra\u00eddo a muchos clientes que desean convertirse en nuestros distribuidores. Nuestros distribuidores se encuentran principalmente en el Sudeste Asi\u00e1tico, \u00c1frica, el Sur de Asia, Am\u00e9rica Latina y otras regiones.<\/p>    <h2 class=\"wp-block-heading\">Dos ejemplos de c\u00f3mo convertirse en distribuidores de Shuliy<\/h2>    <h3 class=\"wp-block-heading\">Distribuidor de m\u00e1quinas de trillar arroz y trigo<\/h3>    <p>Este cliente es de Nigeria y ha estado vendiendo maquinaria agr\u00edcola. Despu\u00e9s de muchos a\u00f1os de experiencia, el cliente quer\u00eda convertirse en distribuidor local para ayudar a desarrollar la econom\u00eda local y cambiar el desarrollo agr\u00edcola local. Como tenemos muchos clientes para nuestra maquinaria agr\u00edcola en \u00c1frica, el cliente se acerc\u00f3 a nosotros con la expectativa de cooperaci\u00f3n. Despu\u00e9s de la comunicaci\u00f3n, el cliente decidi\u00f3 vender la l\u00ednea con el principal producto de m\u00e1quinas de trillar arroz y trigo.<\/p>    <figure class=\"wp-block-image size-full\"><img loading=\"lazy\" decoding=\"async\" width=\"720\" height=\"540\" src=\"https:\/\/www.shuliy.com\/wp-content\/uploads\/2023\/02\/Distributor-of-rice-and-wheat-threshing-machines-.webp\" alt=\"Distribuidor de m\u00e1quinas de trillar arroz y trigo\" class=\"wp-image-5217\" title=\"Distribuidor de m\u00e1quinas de trillar arroz y trigo\"\/><figcaption class=\"wp-element-caption\">Distribuidor de m\u00e1quinas de trillar arroz y trigo<\/figcaption><\/figure>    <h3 class=\"wp-block-heading\">Distribuidor de trituradoras de madera <\/h3>    <p>El cliente era de Arabia Saudita y decidi\u00f3 contactarnos despu\u00e9s de comparar varios fabricantes de trituradoras de madera. Despu\u00e9s de la comunicaci\u00f3n, el cliente quiso visitar la f\u00e1brica con antelaci\u00f3n. Tras la visita, el cliente decidi\u00f3 comprar un lote de trituradores de madera y se convirti\u00f3 en nuestro distribuidor.<\/p>    <figure class=\"wp-block-image size-full\"><img loading=\"lazy\" decoding=\"async\" width=\"720\" height=\"540\" src=\"https:\/\/www.shuliy.com\/wp-content\/uploads\/2023\/02\/wood-crushers-distributor-.webp\" alt=\"Distribuidor de trituradoras de madera\" class=\"wp-image-5218\" title=\"Distribuidor de trituradoras de madera\"\/><figcaption class=\"wp-element-caption\">Distribuidor de trituradoras de madera<\/figcaption><\/figure>    <h2 class=\"wp-block-heading\">\u00bfPor qu\u00e9 decidi\u00f3 el cliente convertirse en nuestro distribuidor?<\/h2>    <ol class=\"wp-block-list\"> <li>El precio de la m\u00e1quina era correcto. Apoyaremos el negocio del cliente ofreciendo el precio adecuado, lo que tambi\u00e9n beneficiar\u00e1 las ventas del cliente.<\/li>    <li>Proporcionaremos soporte t\u00e9cnico a nuestros distribuidores. Si es necesario la instalaci\u00f3n y puesta en marcha de la m\u00e1quina, enviaremos a nuestros t\u00e9cnicos al extranjero.<\/li>    <li>M\u00e1quinas de alta calidad. Con m\u00e1quinas de alta calidad, menos mantenimiento y menos servicio postventa, el cliente puede conseguir m\u00e1s clientes. Al mismo tiempo, el trabajo es relativamente f\u00e1cil.<\/li>    <li>Varios certificados que cumplen con los requisitos.<\/li> <\/ol>","protected":false},"excerpt":{"rendered":"<p>Become Shuliy&#8217;s distributors Shuliy has been engaged in foreign trade for more than ten years and has been known both at home and abroad for many years as the equipment is sold to many countries. The high quality of our equipment, the right price, and the excellent after-sales service have attracted many customers who want [&hellip;]<\/p>\n","protected":false},"author":1,"featured_media":0,"parent":0,"menu_order":0,"comment_status":"closed","ping_status":"closed","template":"post-templates\/page-right-content.php","meta":{"footnotes":""},"class_list":["post-5040","page","type-page","status-publish","hentry"],"_links":{"self":[{"href":"https:\/\/www.shuliy.com\/es\/wp-json\/wp\/v2\/pages\/5040","targetHints":{"allow":["GET"]}}],"collection":[{"href":"https:\/\/www.shuliy.com\/es\/wp-json\/wp\/v2\/pages"}],"about":[{"href":"https:\/\/www.shuliy.com\/es\/wp-json\/wp\/v2\/types\/page"}],"author":[{"embeddable":true,"href":"https:\/\/www.shuliy.com\/es\/wp-json\/wp\/v2\/users\/1"}],"replies":[{"embeddable":true,"href":"https:\/\/www.shuliy.com\/es\/wp-json\/wp\/v2\/comments?post=5040"}],"version-history":[{"count":0,"href":"https:\/\/www.shuliy.com\/es\/wp-json\/wp\/v2\/pages\/5040\/revisions"}],"wp:attachment":[{"href":"https:\/\/www.shuliy.com\/es\/wp-json\/wp\/v2\/media?parent=5040"}],"curies":[{"name":"wp","href":"https:\/\/api.w.org\/{rel}","templated":true}]}}