{"id":5044,"date":"2023-02-20T18:02:55","date_gmt":"2023-02-20T10:02:55","guid":{"rendered":"https:\/\/www.shuliy.com\/?page_id=5044"},"modified":"2023-02-28T14:17:22","modified_gmt":"2023-02-28T06:17:22","slug":"resellers","status":"publish","type":"page","link":"https:\/\/www.shuliy.com\/es\/resellers\/","title":{"rendered":"Revendedores"},"content":{"rendered":"<h2 class=\"wp-block-heading\">Convi\u00e9rtete en revendedor de Shuliy<\/h2>    <p>Tambi\u00e9n tenemos muchos clientes que compran nuestro equipo para vender localmente. Los tipos de revendedores compran m\u00e1quinas a nosotros y luego las suministran al cliente final. Tenemos muchos clientes revendedores. Para apoyar a nuestros clientes en su negocio local, les ofrecemos el precio adecuado seg\u00fan la cantidad de m\u00e1quinas que compren.<\/p>    <h2 class=\"wp-block-heading\">Un cliente de picadora de paja de Per\u00fa<\/h2>    <p>Este cliente tiene una tienda en Per\u00fa que se especializa en la venta de maquinaria agr\u00edcola. Nos contact\u00f3 navegando por nuestro sitio web y compr\u00f3 diez m\u00e1quinas cortadoras de c\u00e9sped de aqu\u00ed.<\/p>    <figure class=\"wp-block-image size-full\"><img loading=\"lazy\" decoding=\"async\" width=\"720\" height=\"540\" src=\"https:\/\/www.shuliy.com\/wp-content\/uploads\/2023\/02\/chaff-cutter-reseller-.webp\" alt=\"Revendedor de picadoras de paja \" class=\"wp-image-5221\" title=\"Revendedor de picadoras de paja \"\/><figcaption class=\"wp-element-caption\">Revendedor de picadoras de paja<\/figcaption><\/figure>    <h2 class=\"wp-block-heading\">Un cliente de peladoras de cacahuetes de Senegal<\/h2>    <p>Nuestro cliente tambi\u00e9n tiene una tienda de maquinaria agr\u00edcola en la zona. Nos contact\u00f3 a trav\u00e9s de un amigo y vino a visitarnos. Despu\u00e9s de la visita, decidi\u00f3 comprar 20 peladoras de cacahuetes.<\/p>    <figure class=\"wp-block-image size-full\"><img loading=\"lazy\" decoding=\"async\" width=\"720\" height=\"540\" src=\"https:\/\/www.shuliy.com\/wp-content\/uploads\/2023\/02\/peanut-sheller-reseller-.webp\" alt=\"Revendedor de peladoras de cacahuetes\" class=\"wp-image-5223\" title=\"Revendedor de peladoras de cacahuetes\"\/><figcaption class=\"wp-element-caption\">Revendedor de peladoras de cacahuetes<\/figcaption><\/figure>    <p>Adem\u00e1s de ofrecer al cliente el precio adecuado para la m\u00e1quina, tambi\u00e9n le proporcionaremos piezas de repuesto, piezas de desgaste, etc. \u00a1Esperamos trabajar contigo!<\/p>","protected":false},"excerpt":{"rendered":"<p>Become Shuliy&#8217;s resellers We also have many customers who buy our equipment to sell locally. reseller types buy machines from us and then supply them to the end customer. We have many reseller customers. In order to support our customers in their local business, we offer them the right price depending on the number of [&hellip;]<\/p>\n","protected":false},"author":1,"featured_media":0,"parent":0,"menu_order":0,"comment_status":"closed","ping_status":"closed","template":"post-templates\/page-right-content.php","meta":{"footnotes":""},"class_list":["post-5044","page","type-page","status-publish","hentry"],"_links":{"self":[{"href":"https:\/\/www.shuliy.com\/es\/wp-json\/wp\/v2\/pages\/5044","targetHints":{"allow":["GET"]}}],"collection":[{"href":"https:\/\/www.shuliy.com\/es\/wp-json\/wp\/v2\/pages"}],"about":[{"href":"https:\/\/www.shuliy.com\/es\/wp-json\/wp\/v2\/types\/page"}],"author":[{"embeddable":true,"href":"https:\/\/www.shuliy.com\/es\/wp-json\/wp\/v2\/users\/1"}],"replies":[{"embeddable":true,"href":"https:\/\/www.shuliy.com\/es\/wp-json\/wp\/v2\/comments?post=5044"}],"version-history":[{"count":0,"href":"https:\/\/www.shuliy.com\/es\/wp-json\/wp\/v2\/pages\/5044\/revisions"}],"wp:attachment":[{"href":"https:\/\/www.shuliy.com\/es\/wp-json\/wp\/v2\/media?parent=5044"}],"curies":[{"name":"wp","href":"https:\/\/api.w.org\/{rel}","templated":true}]}}