{"id":1600,"date":"2020-12-22T02:34:01","date_gmt":"2020-12-21T18:34:01","guid":{"rendered":"http:\/\/sw-themes.com\/porto_dummy\/?page_id=1600"},"modified":"2025-12-05T11:42:28","modified_gmt":"2025-12-05T03:42:28","slug":"contact-us","status":"publish","type":"page","link":"https:\/\/www.shuliy.com\/fr\/contact-us\/","title":{"rendered":"Nous contacter"},"content":{"rendered":"<h2 class=\"wp-block-heading\">Coordonn\u00e9es<\/h2>    <p>Le groupe Shuliy a \u00e9t\u00e9 fond\u00e9 en 2011, ce qui en fait une grande entreprise de fabrication et d'exportation d'\u00e9quipements. Le groupe Shuliy poss\u00e8de actuellement trois sous-marques : Shuliy Machinery, Taizy Machinery et Wood Machinery, qui sont respectivement responsables des \u00e9quipements de r\u00e9cup\u00e9ration des ressources, des \u00e9quipements de transformation alimentaire et des \u00e9quipements de transformation du bois.<\/p>    <p>\u00c0 l'heure actuelle, l'\u00e9quipement Shuliy a \u00e9t\u00e9 largement salu\u00e9 sur les march\u00e9s domestique et \u00e9tranger. Au cours des 10 derni\u00e8res ann\u00e9es, des milliers de machines de haute qualit\u00e9 et des projets de traitement complets ont servi des clients dans plus de 150 pays et r\u00e9gions du monde.<\/p>    <h3 class=\"wp-block-heading\">Adresse<\/h3>    <p>East Hanghai Road, Zone de d\u00e9veloppement \u00e9conomique et technologique, Zhengzhou, Chine<\/p>    <h3 class=\"wp-block-heading\">WhatsApp\/T\u00e9l<\/h3>    <p>+86 15838192276<\/p>    <h3 class=\"wp-block-heading\">Adresse e-mail<\/h3>    <p>info@bestshuliy.com<\/p>","protected":false},"excerpt":{"rendered":"<p>Contact Info Shuliy Group was established in 2011, which is a large equipment manufacturing and exporting enterprise. Shuliy Group currently has three sub-brands: Shuliy machinery, Taizy machinery, and Wood machinery, which respectively are in charge of resource recovery equipment, food processing equipment, and wood processing equipment. At present, Shuliy equipment has been widely acclaimed in [&hellip;]<\/p>\n","protected":false},"author":1,"featured_media":0,"parent":0,"menu_order":0,"comment_status":"closed","ping_status":"closed","template":"post-templates\/page-right-content.php","meta":{"footnotes":""},"class_list":["post-1600","page","type-page","status-publish","hentry"],"_links":{"self":[{"href":"https:\/\/www.shuliy.com\/fr\/wp-json\/wp\/v2\/pages\/1600","targetHints":{"allow":["GET"]}}],"collection":[{"href":"https:\/\/www.shuliy.com\/fr\/wp-json\/wp\/v2\/pages"}],"about":[{"href":"https:\/\/www.shuliy.com\/fr\/wp-json\/wp\/v2\/types\/page"}],"author":[{"embeddable":true,"href":"https:\/\/www.shuliy.com\/fr\/wp-json\/wp\/v2\/users\/1"}],"replies":[{"embeddable":true,"href":"https:\/\/www.shuliy.com\/fr\/wp-json\/wp\/v2\/comments?post=1600"}],"version-history":[{"count":0,"href":"https:\/\/www.shuliy.com\/fr\/wp-json\/wp\/v2\/pages\/1600\/revisions"}],"wp:attachment":[{"href":"https:\/\/www.shuliy.com\/fr\/wp-json\/wp\/v2\/media?parent=1600"}],"curies":[{"name":"wp","href":"https:\/\/api.w.org\/{rel}","templated":true}]}}