{"id":4885,"date":"2023-01-07T14:46:00","date_gmt":"2023-01-07T06:46:00","guid":{"rendered":"https:\/\/www.shuliy.com\/?page_id=4885"},"modified":"2023-02-21T17:23:12","modified_gmt":"2023-02-21T09:23:12","slug":"about-us","status":"publish","type":"page","link":"https:\/\/www.shuliy.com\/fr\/about-us\/","title":{"rendered":"\u00c0 propos de Shuliy"},"content":{"rendered":"<h2 class=\"wp-block-heading\">Qui sommes-nous ?<\/h2>    <div class=\"wp-block-media-text alignwide is-stacked-on-mobile\"><figure class=\"wp-block-media-text__media\"><img loading=\"lazy\" decoding=\"async\" width=\"720\" height=\"540\" src=\"https:\/\/www.shuliy.com\/wp-content\/uploads\/2023\/01\/Shuliy-factory-.webp\" alt=\"\" class=\"wp-image-4943 size-full\"\/><\/figure><div class=\"wp-block-media-text__content\"> <p class=\"translation-block\">Shuliy Machinery Co., Ltd. est une entreprise renomm\u00e9e de recherche, d\u00e9veloppement, et fabrication de machines. Nos machines sont utilis\u00e9es dans divers domaines, principalement dans <strong><em>l'\u00e9quipement de recyclage des ressources, l'\u00e9quipement agricole, l'\u00e9quipement de transformation alimentaire, et la machinerie d'emballage<\/em><\/strong>. Nous fournissons des machines individuelles ainsi que des solutions professionnelles pour nos clients.<\/p> <\/div><\/div>    <div class=\"wp-block-media-text alignwide has-media-on-the-right is-stacked-on-mobile\"><div class=\"wp-block-media-text__content\"> <p class=\"translation-block\">Nous fabriquons des machines pour chaque domaine avec soin. En plus des machines individuelles, nous proposons \u00e9galement de grandes lignes de production. Par exemple, <strong><em>ligne de production de charbon de bois, ligne de recyclage de bouteilles en plastique, ligne de production de farine de poisson, ligne de production de plateaux \u00e0 \u0153ufs, ligne de production de frites,<\/em><\/strong> etc. Nous fournissons \u00e9galement des services li\u00e9s aux plans de conception d'usines, aux dessins 3D des lignes de production, et des ing\u00e9nieurs qui se rendent \u00e0 l'\u00e9tranger pour installer l'\u00e9quipement.<\/p> <\/div><figure class=\"wp-block-media-text__media\"><img loading=\"lazy\" decoding=\"async\" width=\"720\" height=\"540\" src=\"https:\/\/www.shuliy.com\/wp-content\/uploads\/2023\/01\/Shuliy-machine-solutions-.webp\" alt=\"\" class=\"wp-image-4952 size-full\"\/><\/figure><\/div>    <h2 class=\"wp-block-heading\">Culture de Shuliy<\/h2>    <div class=\"wp-block-media-text alignwide is-stacked-on-mobile\"><figure class=\"wp-block-media-text__media\"><img loading=\"lazy\" decoding=\"async\" width=\"720\" height=\"540\" src=\"https:\/\/www.shuliy.com\/wp-content\/uploads\/2023\/01\/Shuliy-culture-.webp\" alt=\"\" class=\"wp-image-4955 size-full\"\/><\/figure><div class=\"wp-block-media-text__content\"> <p>Mission de Shuliy Machinery : Laisser les machines chinoises changer chaque coin du monde.<\/p>    <p>Vision de Shuliy Machinery : Am\u00e9liorer la valeur du client et offrir de la croissance aux employ\u00e9s !<\/p>    <p>Valeurs du personnel de Shuliy : int\u00e9grit\u00e9, gratitude, altruisme, \u00e9nergie positive, acceptation du changement, et esprit d'\u00e9quipe.<\/p>    <p>Depuis sa cr\u00e9ation, Shuliy a toujours vis\u00e9 \u00e0 apporter une plus grande commodit\u00e9 \u00e0 nos clients avec un \u00e9quipement de qualit\u00e9. Nous innovons et d\u00e9veloppons constamment dans des domaines connexes. En plus de fournir des machines de haute qualit\u00e9, nous nous concentrons sur la fourniture de services complets \u00e0 nos clients. <\/p>    <p>Ces services incluent la fourniture d'informations sur les machines, la personnalisation des machines, plusieurs m\u00e9thodes de paiement, l'installation et la mise en service des machines, l'emballage et l'exp\u00e9dition. Et notre service apr\u00e8s-vente, tous les clients qui ont travaill\u00e9 avec nous sont tr\u00e8s satisfaits de notre service.<\/p> <\/div><\/div>    <h2 class=\"wp-block-heading\">Qualifications et distinctions<\/h2>    <p>Shuliy Machinery a re\u00e7u de nombreux honneurs pour ses produits de haute qualit\u00e9, son service excellent, et le soutien de nombreux clients. Notre entreprise a obtenu la certification ISO 9001 et la plupart de nos produits ont la certification CE. Nous pouvons \u00e9galement obtenir PVOC, SONCAP, SABER, et C\/O pr\u00e9f\u00e9rentiel pour aider les clients \u00e0 faciliter le d\u00e9douanement \u00e0 l'importation. Nous continuerons \u00e0 travailler encore plus dur dans le domaine de ces machines pour apporter un \u00e9quipement de meilleure qualit\u00e9 \u00e0 nos clients !<\/p>    <figure class=\"wp-block-gallery has-nested-images columns-default is-cropped wp-block-gallery-2 is-layout-flex wp-block-gallery-is-layout-flex\"> <figure class=\"wp-block-image size-large\"><img loading=\"lazy\" decoding=\"async\" width=\"720\" height=\"540\" data-id=\"4959\" src=\"https:\/\/www.shuliy.com\/wp-content\/uploads\/2023\/01\/Shuliy-qualifications-.webp\" alt=\"\" class=\"wp-image-4959\" title=\"Qualifications de Shuliy\"\/><figcaption class=\"wp-element-caption\">Qualifications de Shuliy<\/figcaption><\/figure>    <figure class=\"wp-block-image size-large\"><img loading=\"lazy\" decoding=\"async\" width=\"720\" height=\"540\" data-id=\"4960\" src=\"https:\/\/www.shuliy.com\/wp-content\/uploads\/2023\/01\/Shuliy-certifications-.jpg\" alt=\"\" class=\"wp-image-4960\" title=\"Certifications de Shuliy\"\/><figcaption class=\"wp-element-caption\">Certifications de Shuliy<\/figcaption><\/figure> <\/figure>    <h2 class=\"wp-block-heading\">Clients mondiaux de Shuliy<\/h2>    <div class=\"wp-block-media-text alignwide is-stacked-on-mobile\"><figure class=\"wp-block-media-text__media\"><img loading=\"lazy\" decoding=\"async\" width=\"720\" height=\"540\" src=\"https:\/\/www.shuliy.com\/wp-content\/uploads\/2023\/01\/Shuliy-global-customers-1-1.webp\" alt=\"\" class=\"wp-image-4966 size-full\"\/><\/figure><div class=\"wp-block-media-text__content\"> <p>Depuis le d\u00e9but de l'exportation, notre \u00e9quipement a \u00e9t\u00e9 accueilli par de nombreux pays. Par exemple, les \u00c9tats-Unis, la Russie, l'Argentine, l'\u00c9thiopie, l'Arabie Saoudite, le Congo, le Nigeria, l'Indon\u00e9sie, la Tunisie, le Br\u00e9sil, le Burundi, la Colombie, et d'autres pays. En m\u00eame temps, en raison de la qualit\u00e9 exceptionnelle et de l'effet de travail de nos machines, nous avons maintenu une coop\u00e9ration \u00e0 long terme avec de nombreux clients.<\/p> <\/div><\/div>    <h2 class=\"wp-block-heading\">Favoris du client \u2013 notre plus grande motivation<\/h2>    <p>Nous avons des clients du monde entier. Les clients disent que les machines qu'ils re\u00e7oivent fonctionnent si bien qu'ils continueront \u00e0 travailler avec nous ! Si vous avez des questions, veuillez nous contacter. Nous vous r\u00e9pondrons d\u00e8s que possible !<\/p>    <figure class=\"wp-block-image size-full is-resized\"><img loading=\"lazy\" decoding=\"async\" src=\"https:\/\/www.shuliy.com\/wp-content\/uploads\/2023\/01\/customers-feedback-1-2.webp\" alt=\"\" class=\"wp-image-4973\" width=\"720\" height=\"540\"\/><\/figure>","protected":false},"excerpt":{"rendered":"<p>extrait \u00e0 propos (post attr)<\/p>","protected":false},"author":1,"featured_media":4891,"parent":0,"menu_order":0,"comment_status":"closed","ping_status":"closed","template":"post-templates\/page-right-content.php","meta":{"footnotes":""},"class_list":["post-4885","page","type-page","status-publish","has-post-thumbnail","hentry"],"_links":{"self":[{"href":"https:\/\/www.shuliy.com\/fr\/wp-json\/wp\/v2\/pages\/4885","targetHints":{"allow":["GET"]}}],"collection":[{"href":"https:\/\/www.shuliy.com\/fr\/wp-json\/wp\/v2\/pages"}],"about":[{"href":"https:\/\/www.shuliy.com\/fr\/wp-json\/wp\/v2\/types\/page"}],"author":[{"embeddable":true,"href":"https:\/\/www.shuliy.com\/fr\/wp-json\/wp\/v2\/users\/1"}],"replies":[{"embeddable":true,"href":"https:\/\/www.shuliy.com\/fr\/wp-json\/wp\/v2\/comments?post=4885"}],"version-history":[{"count":0,"href":"https:\/\/www.shuliy.com\/fr\/wp-json\/wp\/v2\/pages\/4885\/revisions"}],"wp:featuredmedia":[{"embeddable":true,"href":"https:\/\/www.shuliy.com\/fr\/wp-json\/wp\/v2\/media\/4891"}],"wp:attachment":[{"href":"https:\/\/www.shuliy.com\/fr\/wp-json\/wp\/v2\/media?parent=4885"}],"curies":[{"name":"wp","href":"https:\/\/api.w.org\/{rel}","templated":true}]}}