{"id":4975,"date":"2023-02-13T17:26:40","date_gmt":"2023-02-13T09:26:40","guid":{"rendered":"https:\/\/www.shuliy.com\/?page_id=4975"},"modified":"2023-02-27T14:53:19","modified_gmt":"2023-02-27T06:53:19","slug":"company-profile","status":"publish","type":"page","link":"https:\/\/www.shuliy.com\/fr\/company-profile\/","title":{"rendered":"Profil de l'entreprise"},"content":{"rendered":"<h2 class=\"wp-block-heading\">Pr\u00e9sentation de Shuliy Machinery Co. Ltd.<\/h2>    <div class=\"wp-block-media-text alignwide is-stacked-on-mobile\"><figure class=\"wp-block-media-text__media\"><img loading=\"lazy\" decoding=\"async\" width=\"664\" height=\"376\" src=\"https:\/\/www.shuliy.com\/wp-content\/uploads\/2023\/02\/Shuliy-factory-2-1.webp\" alt=\"\" class=\"wp-image-5139 size-full\"\/><\/figure><div class=\"wp-block-media-text__content\"> <p>Shuliy Machinery Co. Ltd. a \u00e9t\u00e9 fond\u00e9e en 2011. Notre si\u00e8ge social est situ\u00e9 \u00e0 Zhengzhou, dans la province du Henan. Nous disposons d'une grande usine de fabrication de machines avec des installations compl\u00e8tes et une pr\u00e9cision avanc\u00e9e. Nous avons \u00e9galement plus de 500 employ\u00e9s hautement qualifi\u00e9s travaillant pour notre Shuliy Machinery. Diff\u00e9rents d\u00e9partements supervisent diff\u00e9rents aspects tels que la production, la fabrication, l'emballage et la logistique. Nous veillons \u00e0 ce que nos clients re\u00e7oivent un produit de haute qualit\u00e9, sans dommage.<\/p> <\/div><\/div>    <p>Nous sommes pass\u00e9s d'une petite usine \u00e0 une grande usine couvrant une large gamme de produits m\u00e9caniques. En raison de la haute qualit\u00e9 de nos produits et de notre excellent service, nous avons export\u00e9 des machines vers plus de 100 pays tels que l'Am\u00e9rique, l'Australie, le Kenya, le Ghana, le Congo, l'\u00c9thiopie, le Zimbabwe, l'Ouganda, l'Alg\u00e9rie, l'Indon\u00e9sie, le Cameroun, le Botswana, etc. Nous sommes maintenant devenus un fabricant d'exportation bien connu tant sur le march\u00e9 national qu'international.<\/p>    <h2 class=\"wp-block-heading\">Adresse de Shuliy Machinery<\/h2>    <p>En plus de notre usine, nous disposons d\u00e9sormais d'un d\u00e9partement d\u00e9di\u00e9 au commerce d'exportation. Nous sommes actuellement situ\u00e9s dans la Zone de d\u00e9veloppement \u00e9conomique et technologique de Zhengzhou, une zone de d\u00e9veloppement \u00e9conomique et technologique avec une industrie logistique bien d\u00e9velopp\u00e9e, ce qui favorise le d\u00e9veloppement de notre activit\u00e9 commerciale \u00e0 l'\u00e9tranger. Concernant l'usine, comme nous produisons une large gamme de machines, l'usine est situ\u00e9e \u00e0 diff\u00e9rents endroits. Les clients sont invit\u00e9s \u00e0 visiter notre usine !<\/p>    <figure class=\"wp-block-image size-full\"><img loading=\"lazy\" decoding=\"async\" width=\"720\" height=\"540\" src=\"https:\/\/www.shuliy.com\/wp-content\/uploads\/2023\/02\/foreign-trade-business-location-.webp\" alt=\"lieu d&#039;affaires de commerce ext\u00e9rieur\" class=\"wp-image-5128\" title=\"lieu d&#039;affaires de commerce ext\u00e9rieur\"\/><figcaption class=\"wp-element-caption\">lieu d'affaires de commerce ext\u00e9rieur<\/figcaption><\/figure>    <h2 class=\"wp-block-heading\">Produits de Shuliy Machinery<\/h2>    <p class=\"translation-block\">Shuliy produit des \u00e9quipements dans de nombreux domaines, notamment les \u00e9quipements de r\u00e9cup\u00e9ration des ressources, les \u00e9quipements agricoles, les \u00e9quipements de transformation alimentaire et les machines d'emballage. Dans ces domaines, nous avons de petites machines ainsi que de grandes lignes de production. Par exemple, <strong>lignes de production de charbon de bois, lignes de production de granul\u00e9s plastiques, lignes de production de frites, lignes de mouture de riz, grandes machines d'emballage,<\/strong> etc. Nous nous engageons \u00e0 fournir \u00e0 nos clients des produits de la plus haute qualit\u00e9 et les lignes de production les plus adapt\u00e9es.<\/p>    <figure class=\"wp-block-image size-full\"><img loading=\"lazy\" decoding=\"async\" width=\"720\" height=\"540\" src=\"https:\/\/www.shuliy.com\/wp-content\/uploads\/2023\/02\/Products-of-Shuliy-Machinery-.webp\" alt=\"Produits de Shuliy Machinery\" class=\"wp-image-5129\" title=\"Produits de Shuliy Machinery\"\/><figcaption class=\"wp-element-caption\">Produits de Shuliy Machinery<\/figcaption><\/figure>    <h2 class=\"wp-block-heading\">Service exceptionnel de Shuliy<\/h2>    <p>Shuliy s'engage \u00e0 fournir un service complet \u00e0 ses clients. Afin de donner \u00e0 nos clients confiance dans leur achat, chez Shuliy, nous offrons un excellent service dans tous les aspects de notre activit\u00e9.<\/p>    <p class=\"translation-block\"><strong>Pr\u00e9-vente :<\/strong> Nous fournissons \u00e0 nos clients des informations professionnelles et compl\u00e8tes sur nos machines \u2014 par exemple, des images, des vid\u00e9os, des param\u00e8tres, etc.<\/p>    <p class=\"translation-block\"><strong>Pendant la vente :<\/strong> Nous r\u00e9pondons activement \u00e0 toutes les questions de nos clients et faisons des suggestions de leur point de vue pour les aider \u00e0 choisir l'\u00e9quipement le plus adapt\u00e9.<\/p>    <p class=\"translation-block\"><strong>Apr\u00e8s-vente :<\/strong> En excluant les pi\u00e8ces d'usure, les dommages caus\u00e9s par l'homme et une op\u00e9ration incorrecte, tous les \u00e9quipements sont garantis un an et un support technique en ligne est fourni en plus de ces services r\u00e9guliers. Nous proposons \u00e9galement des services tels que les dessins 3D des machines, les plans de conception d'usine, et des ing\u00e9nieurs pour installer et mettre en service les machines.<\/p>    <p>Shuliy Machinery vous accueille avec votre demande !<\/p>    <figure class=\"wp-block-image size-full\"><img loading=\"lazy\" decoding=\"async\" width=\"720\" height=\"540\" src=\"https:\/\/www.shuliy.com\/wp-content\/uploads\/2023\/02\/Shuliys-outstanding-service-.webp\" alt=\"Service exceptionnel de Shuliy\" class=\"wp-image-5130\" title=\"Service exceptionnel de Shuliy\"\/><figcaption class=\"wp-element-caption\">Service exceptionnel de Shuliy<\/figcaption><\/figure>","protected":false},"excerpt":{"rendered":"<p>Overview of Shuliy Machinery Co. Ltd. Shuliy Machinery Co. Ltd. was established in 2011. Our head office is located in Zhengzhou, Henan Province. We have a large machinery manufacturing plant with full facilities and advanced precision. And we also have over 500 highly qualified employees working for our Shuliy Machinery. Different departments oversee different aspects [&hellip;]<\/p>\n","protected":false},"author":1,"featured_media":5176,"parent":0,"menu_order":0,"comment_status":"closed","ping_status":"closed","template":"post-templates\/page-right-content.php","meta":{"footnotes":""},"class_list":["post-4975","page","type-page","status-publish","has-post-thumbnail","hentry"],"_links":{"self":[{"href":"https:\/\/www.shuliy.com\/fr\/wp-json\/wp\/v2\/pages\/4975","targetHints":{"allow":["GET"]}}],"collection":[{"href":"https:\/\/www.shuliy.com\/fr\/wp-json\/wp\/v2\/pages"}],"about":[{"href":"https:\/\/www.shuliy.com\/fr\/wp-json\/wp\/v2\/types\/page"}],"author":[{"embeddable":true,"href":"https:\/\/www.shuliy.com\/fr\/wp-json\/wp\/v2\/users\/1"}],"replies":[{"embeddable":true,"href":"https:\/\/www.shuliy.com\/fr\/wp-json\/wp\/v2\/comments?post=4975"}],"version-history":[{"count":0,"href":"https:\/\/www.shuliy.com\/fr\/wp-json\/wp\/v2\/pages\/4975\/revisions"}],"wp:featuredmedia":[{"embeddable":true,"href":"https:\/\/www.shuliy.com\/fr\/wp-json\/wp\/v2\/media\/5176"}],"wp:attachment":[{"href":"https:\/\/www.shuliy.com\/fr\/wp-json\/wp\/v2\/media?parent=4975"}],"curies":[{"name":"wp","href":"https:\/\/api.w.org\/{rel}","templated":true}]}}