{"id":4980,"date":"2023-02-16T14:11:05","date_gmt":"2023-02-16T06:11:05","guid":{"rendered":"https:\/\/www.shuliy.com\/?page_id=4980"},"modified":"2023-03-15T11:38:21","modified_gmt":"2023-03-15T03:38:21","slug":"company-culture","status":"publish","type":"page","link":"https:\/\/www.shuliy.com\/fr\/company-culture\/","title":{"rendered":"Culture d'entreprise"},"content":{"rendered":"<h2 class=\"wp-block-heading\">Culture de Shuliy Machinery<\/h2>    <p>Depuis sa cr\u00e9ation, Shuliy s'est engag\u00e9 dans la recherche, l'innovation et le d\u00e9veloppement de ses propres produits m\u00e9caniques. Nous visons toujours \u00e0 fournir \u00e0 nos clients des \u00e9quipements de qualit\u00e9 pour apporter une commodit\u00e9 accrue \u00e0 nos clients. <\/p>    <p>En plus de bien faire nos produits m\u00e9caniques, nous accordons \u00e9galement une grande importance \u00e0 notre culture de service. Le commerce ext\u00e9rieur, en dehors des produits, concerne la qualit\u00e9 du service. Par cons\u00e9quent, fournir un service complet est notre marque de fabrique, et nous voulons que nos clients se sentent \u00e0 l'aise et d\u00e9tendus lors de leurs achats de machines.<\/p>    <ol class=\"wp-block-list\"> <li><strong>Mission d'entreprise :<\/strong> Laissez les machines chinoises changer chaque coin du monde. Nous esp\u00e9rons que nos machines et \u00e9quipements peuvent aider nos clients partout dans le monde. Nous voulons apporter de la commodit\u00e9 \u00e0 nos clients et en m\u00eame temps aider \u00e0 d\u00e9velopper l'\u00e9conomie locale ou des utilisateurs.<\/li>    <li><strong>Vision d'entreprise:<\/strong> Pour am\u00e9liorer la valeur pour nos clients et offrir de la croissance \u00e0 nos employ\u00e9s ! Notre entreprise aide nos clients \u00e0 obtenir plus de valeur et en m\u00eame temps aide nos employ\u00e9s \u00e0 se d\u00e9velopper et \u00e0 grandir.<\/li>    <li><strong>Valeurs du personnel de Shuliy : <\/strong>int\u00e9grit\u00e9, gratitude, altruisme, \u00e9nergie positive, embrasser le changement et esprit d'\u00e9quipe. Nos valeurs positives et optimistes nous donnent une grande \u00e9nergie et rendent nos pas de plus en plus d\u00e9termin\u00e9s !<\/li> <\/ol>    <figure class=\"wp-block-image size-full\"><img loading=\"lazy\" decoding=\"async\" width=\"720\" height=\"540\" src=\"https:\/\/www.shuliy.com\/wp-content\/uploads\/2023\/02\/customers-visit-.webp\" alt=\"visite du client\" class=\"wp-image-5146\" title=\"visite du client\"\/><figcaption class=\"wp-element-caption\">visite du client<\/figcaption><\/figure>    <p>La culture d'entreprise mentionn\u00e9e ci-dessus nous guide pour continuer \u00e0 avancer. En tant que groupe compos\u00e9 de nombreux employ\u00e9s, nous nous concentrons \u00e9galement sur le d\u00e9veloppement individuel des employ\u00e9s : <\/p>    <ol class=\"wp-block-list\"> <li>Nous prenons soin de notre personnel, les formons aux comp\u00e9tences et connaissances pertinentes, et offrons des voies de promotion pour la planification de carri\u00e8re. Nous valorisons \u00e9galement la r\u00e9compense des leaders qui se soucient de leurs subordonn\u00e9s et dirigent leurs \u00e9quipes avec attention.<\/li>    <li>Nous mettons l'accent sur les valeurs de nos employ\u00e9s. Les personnes partageant des valeurs communes et responsables de la reconnaissance de l'entreprise peuvent cr\u00e9er de meilleurs produits et fournir des services de qualit\u00e9. En m\u00eame temps, elles conna\u00eetront \u00e9galement une grande croissance.<\/li>    <li>Nous r\u00e9compensons les personnes courageuses, responsables, engag\u00e9es dans leur travail, grands apprenants et ayant un haut niveau de compr\u00e9hension.<\/li> <\/ol>    <figure class=\"wp-block-image size-full\"><img loading=\"lazy\" decoding=\"async\" width=\"720\" height=\"540\" src=\"https:\/\/www.shuliy.com\/wp-content\/uploads\/2023\/02\/Focus-on-employee-growth-.webp\" alt=\"Se concentrer sur la croissance des employ\u00e9s\" class=\"wp-image-5145\" title=\"Se concentrer sur la croissance des employ\u00e9s\"\/><figcaption class=\"wp-element-caption\">Se concentrer sur la croissance des employ\u00e9s<\/figcaption><\/figure>","protected":false},"excerpt":{"rendered":"<p>Shuliy Machinery culture Since its establishment, Shuliy has been committed to research, innovation, and the development of its own machinery products. We always aim to provide our customers with quality equipment to bring greater convenience to our customers. In addition to doing a good job with our machinery products, we also pay great attention to [&hellip;]<\/p>\n","protected":false},"author":1,"featured_media":5147,"parent":0,"menu_order":0,"comment_status":"closed","ping_status":"closed","template":"post-templates\/page-right-content.php","meta":{"footnotes":""},"class_list":["post-4980","page","type-page","status-publish","has-post-thumbnail","hentry"],"_links":{"self":[{"href":"https:\/\/www.shuliy.com\/fr\/wp-json\/wp\/v2\/pages\/4980","targetHints":{"allow":["GET"]}}],"collection":[{"href":"https:\/\/www.shuliy.com\/fr\/wp-json\/wp\/v2\/pages"}],"about":[{"href":"https:\/\/www.shuliy.com\/fr\/wp-json\/wp\/v2\/types\/page"}],"author":[{"embeddable":true,"href":"https:\/\/www.shuliy.com\/fr\/wp-json\/wp\/v2\/users\/1"}],"replies":[{"embeddable":true,"href":"https:\/\/www.shuliy.com\/fr\/wp-json\/wp\/v2\/comments?post=4980"}],"version-history":[{"count":0,"href":"https:\/\/www.shuliy.com\/fr\/wp-json\/wp\/v2\/pages\/4980\/revisions"}],"wp:featuredmedia":[{"embeddable":true,"href":"https:\/\/www.shuliy.com\/fr\/wp-json\/wp\/v2\/media\/5147"}],"wp:attachment":[{"href":"https:\/\/www.shuliy.com\/fr\/wp-json\/wp\/v2\/media?parent=4980"}],"curies":[{"name":"wp","href":"https:\/\/api.w.org\/{rel}","templated":true}]}}