{"id":4982,"date":"2023-02-16T14:16:03","date_gmt":"2023-02-16T06:16:03","guid":{"rendered":"https:\/\/www.shuliy.com\/?page_id=4982"},"modified":"2023-02-27T14:42:37","modified_gmt":"2023-02-27T06:42:37","slug":"global-customer","status":"publish","type":"page","link":"https:\/\/www.shuliy.com\/fr\/global-customer\/","title":{"rendered":"Client mondial"},"content":{"rendered":"<h2 class=\"wp-block-heading\">Client mondial de Shuliy Machinery<\/h2>    <p>Depuis la cr\u00e9ation de Shuliy Machinery, nous exportons. Nos machines ont \u00e9t\u00e9 vendues en Am\u00e9rique du Nord, en Am\u00e9rique du Sud, en Asie du Sud-Est, en Afrique, en Asie du Sud-Est, et dans de nombreuses autres r\u00e9gions. Au fil des ann\u00e9es, nous avons accumul\u00e9 une riche exp\u00e9rience en exportation. Par cons\u00e9quent, nous pouvons aider nos clients \u00e0 r\u00e9soudre facilement les probl\u00e8mes de paiement, de documentation et de logistique. Nous disposons \u00e9galement d\u2019un excellent syst\u00e8me de service, par exemple, l\u2019installation et la mise en service de machines \u00e0 l\u2019\u00e9tranger, un service apr\u00e8s-vente d\u2019un an, un service de conseil en ligne gratuit \u00e0 vie, etc.<\/p>    <div class=\"wp-block-media-text alignwide is-stacked-on-mobile\"><figure class=\"wp-block-media-text__media\"><img loading=\"lazy\" decoding=\"async\" width=\"720\" height=\"540\" src=\"https:\/\/www.shuliy.com\/wp-content\/uploads\/2023\/02\/send-the-machines-to-customers-.webp\" alt=\"envoyer les machines aux clients\" class=\"wp-image-5168 size-full\"\/><\/figure><div class=\"wp-block-media-text__content\"> <p>Jusqu\u2019\u00e0 pr\u00e9sent, les pays export\u00e9s sont les \u00c9tats-Unis, la Russie, l\u2019Argentine, l\u2019\u00c9thiopie, le Congo, le Nigeria, le Ghana, la Malaisie, Singapour, l\u2019Australie, le Lesotho, le Zimbabwe, l\u2019Indon\u00e9sie, la Tunisie, le Br\u00e9sil, le Burundi, la Colombie, etc. En raison de la qualit\u00e9 exceptionnelle des machines et des r\u00e9sultats obtenus, beaucoup de nos clients ont maintenu une relation \u00e0 long terme avec nous.<\/p> <\/div><\/div>    <h2 class=\"wp-block-heading\">Clients servis<\/h2>    <p>Nous proposons la machine et l\u2019\u00e9quipement adapt\u00e9s \u00e0 tout client qui en a besoin. En plus de fournir des produits aux clients finaux, nous travaillons \u00e9galement avec des grossistes et des distributeurs pour offrir des prix comp\u00e9titifs. Nous avons \u00e9galement une vaste exp\u00e9rience dans les appels d\u2019offres des ONG, de la FAO et des gouvernements. <\/p>    <figure class=\"wp-block-image size-full\"><img loading=\"lazy\" decoding=\"async\" width=\"720\" height=\"540\" src=\"https:\/\/www.shuliy.com\/wp-content\/uploads\/2023\/02\/help-customer-to-solve-the-problem-.webp\" alt=\"aider le client \u00e0 r\u00e9soudre le probl\u00e8me\" class=\"wp-image-5165\" title=\"aider le client \u00e0 r\u00e9soudre le probl\u00e8me\"\/><figcaption class=\"wp-element-caption\">aider le client \u00e0 r\u00e9soudre le probl\u00e8me<\/figcaption><\/figure>    <h2 class=\"wp-block-heading\">Retour positif de nos clients<\/h2>    <p>Les excellents r\u00e9sultats de travail et la qualit\u00e9 de nos machines nous ont valu le soutien de nombreux clients. Nos nouveaux et anciens clients ont exprim\u00e9 leur volont\u00e9 de continuer \u00e0 travailler avec nous. Voici des photos de retours de nos clients.<\/p>    <figure class=\"wp-block-image size-full\"><img loading=\"lazy\" decoding=\"async\" width=\"720\" height=\"540\" src=\"https:\/\/www.shuliy.com\/wp-content\/uploads\/2023\/02\/feedback-from-our-customers-.webp\" alt=\"retours de nos clients\" class=\"wp-image-5164\" title=\"retours de nos clients\"\/><figcaption class=\"wp-element-caption\">retours de nos clients<\/figcaption><\/figure>    <h2 class=\"wp-block-heading\">Photo du client<\/h2>    <p>Nous accueillons tr\u00e8s volontiers les clients \u00e0 tout moment. Les clients viennent \u00e0 Zhengzhou pour visiter notre entreprise.<\/p>    <figure class=\"wp-block-image size-full\"><img loading=\"lazy\" decoding=\"async\" width=\"720\" height=\"540\" src=\"https:\/\/www.shuliy.com\/wp-content\/uploads\/2023\/02\/Shuliy-customer-.webp\" alt=\"Client Shuliy\" class=\"wp-image-5163\" title=\"Client Shuliy\"\/><figcaption class=\"wp-element-caption\">Client Shuliy<\/figcaption><\/figure>    <h2 class=\"wp-block-heading\">Clients visitant notre usine<\/h2>    <p>Les clients peuvent visiter notre usine quand ils le souhaitent. Des vid\u00e9os en ligne sont \u00e9galement disponibles pour donner aux clients un aper\u00e7u de l\u2019usine.<\/p>    <figure class=\"wp-block-image size-full\"><img loading=\"lazy\" decoding=\"async\" width=\"720\" height=\"540\" src=\"https:\/\/www.shuliy.com\/wp-content\/uploads\/2023\/02\/Shuliy-factory.webp\" alt=\"Usine Shuliy\" class=\"wp-image-5162\" title=\"Usine Shuliy\"\/><figcaption class=\"wp-element-caption\">Usine Shuliy<\/figcaption><\/figure>    <h2 class=\"wp-block-heading\">Expositions auxquelles Shuliy participe<\/h2>    <p>Nous participons \u00e0 des expositions dans diff\u00e9rentes villes pour faire conna\u00eetre davantage notre soci\u00e9t\u00e9.<\/p>    <figure class=\"wp-block-image size-full\"><img loading=\"lazy\" decoding=\"async\" width=\"720\" height=\"540\" src=\"https:\/\/www.shuliy.com\/wp-content\/uploads\/2023\/02\/Exhibitions-.webp\" alt=\"Expositions\" class=\"wp-image-5161\" title=\"Expositions\"\/><figcaption class=\"wp-element-caption\">Expositions<\/figcaption><\/figure>","protected":false},"excerpt":{"rendered":"<p>Shuliy Machinery&#8217;s global customer Since the establishment of Shuliy Machinery, we have been exporting. Our machines have been sold to North America, South America, South East Asia, Africa, South East Asia, and many other regions. Over the years, we have accumulated a wealth of experience in exporting. Therefore, we can help our customers to solve [&hellip;]<\/p>\n","protected":false},"author":1,"featured_media":5171,"parent":0,"menu_order":0,"comment_status":"closed","ping_status":"closed","template":"post-templates\/page-right-content.php","meta":{"footnotes":""},"class_list":["post-4982","page","type-page","status-publish","has-post-thumbnail","hentry"],"_links":{"self":[{"href":"https:\/\/www.shuliy.com\/fr\/wp-json\/wp\/v2\/pages\/4982","targetHints":{"allow":["GET"]}}],"collection":[{"href":"https:\/\/www.shuliy.com\/fr\/wp-json\/wp\/v2\/pages"}],"about":[{"href":"https:\/\/www.shuliy.com\/fr\/wp-json\/wp\/v2\/types\/page"}],"author":[{"embeddable":true,"href":"https:\/\/www.shuliy.com\/fr\/wp-json\/wp\/v2\/users\/1"}],"replies":[{"embeddable":true,"href":"https:\/\/www.shuliy.com\/fr\/wp-json\/wp\/v2\/comments?post=4982"}],"version-history":[{"count":0,"href":"https:\/\/www.shuliy.com\/fr\/wp-json\/wp\/v2\/pages\/4982\/revisions"}],"wp:featuredmedia":[{"embeddable":true,"href":"https:\/\/www.shuliy.com\/fr\/wp-json\/wp\/v2\/media\/5171"}],"wp:attachment":[{"href":"https:\/\/www.shuliy.com\/fr\/wp-json\/wp\/v2\/media?parent=4982"}],"curies":[{"name":"wp","href":"https:\/\/api.w.org\/{rel}","templated":true}]}}