{"id":4993,"date":"2023-02-16T17:11:40","date_gmt":"2023-02-16T09:11:40","guid":{"rendered":"https:\/\/www.shuliy.com\/?page_id=4993"},"modified":"2023-02-28T14:23:44","modified_gmt":"2023-02-28T06:23:44","slug":"customized-services","status":"publish","type":"page","link":"https:\/\/www.shuliy.com\/fr\/customized-services\/","title":{"rendered":"Services personnalis\u00e9s"},"content":{"rendered":"<h2 class=\"wp-block-heading\">Services personnalis\u00e9s de Shuliy<\/h2>    <div class=\"wp-block-media-text alignwide is-stacked-on-mobile\"><figure class=\"wp-block-media-text__media\"><img loading=\"lazy\" decoding=\"async\" width=\"720\" height=\"540\" src=\"https:\/\/www.shuliy.com\/wp-content\/uploads\/2023\/02\/Shuliy-global-customers-.webp\" alt=\"\" class=\"wp-image-5226 size-full\"\/><\/figure><div class=\"wp-block-media-text__content\"> <p>Chez Shuliy, nous attachons une grande importance \u00e0 la capacit\u00e9 d'offrir des machines et \u00e9quipements qui r\u00e9pondent aux besoins sp\u00e9cifiques de nos clients. La satisfaction du client est la plus grande motivation pour notre am\u00e9lioration et d\u00e9veloppement continus. Par cons\u00e9quent, dans le cadre de notre d\u00e9veloppement constant, nous am\u00e9liorons continuellement nos services personnalis\u00e9s. Nous comptons sur un personnel technique excellent, des normes \u00e9lev\u00e9es, un \u00e9quipement de qualit\u00e9, un syst\u00e8me de supervision strict, un syst\u00e8me logistique parfait et une \u00e9quipe de service apr\u00e8s-vente capable de cr\u00e9er des solutions de machines exclusives pour nos clients. <\/p> <\/div><\/div>    <p>Un bon service personnalis\u00e9 joue un r\u00f4le important dans le maintien d'une coop\u00e9ration \u00e0 long terme avec nos clients. \u00c0 ce jour, nous avons travaill\u00e9 avec des clients dans plusieurs r\u00e9gions telles que l'Asie du Sud-Est, l'Asie du Sud, l'Afrique, l'Asie du Nord, l'Am\u00e9rique du Nord, l'Am\u00e9rique latine, et bien d'autres. En ce qui concerne la personnalisation, nous couvrons les principaux domaines suivants.<\/p>    <h2 class=\"wp-block-heading\">Personnalisation des machines individuelles<\/h2>    <p>Notre gamme de machines est disponible dans une large gamme de machines individuelles. La m\u00eame machine varie en taille en fonction de la production. Ou elles ont un aspect diff\u00e9rent en raison de diff\u00e9rences de fonction. Afin de pouvoir r\u00e9pondre aux besoins de diff\u00e9rents clients, nous produisons diff\u00e9rents mod\u00e8les de la m\u00eame machine.<br>Mais comme nous avons des clients partout dans le monde, les exigences peuvent varier encore plus. Par cons\u00e9quent, nous demandons \u00e0 nos clients en d\u00e9tail leurs besoins sp\u00e9cifiques lors de notre communication avec eux. Par exemple, la couleur, la fonction, la forme, la taille, la tension, le hertz, la phase, la puissance, etc. de la machine. Une fois que toutes les exigences sp\u00e9cifiques ont \u00e9t\u00e9 d\u00e9termin\u00e9es, nous construirons la machine sur mesure pour r\u00e9pondre aux besoins du client !<\/p>    <figure class=\"wp-block-gallery has-nested-images columns-default is-cropped wp-block-gallery-2 is-layout-flex wp-block-gallery-is-layout-flex\"> <figure class=\"wp-block-image size-large\"><img loading=\"lazy\" decoding=\"async\" width=\"720\" height=\"540\" data-id=\"5179\" src=\"https:\/\/www.shuliy.com\/wp-content\/uploads\/2023\/02\/wood-crushing-machine-with-motor.webp\" alt=\"machine de broyage du bois avec moteur\" class=\"wp-image-5179\" title=\"machine de broyage du bois avec moteur\"\/><figcaption class=\"wp-element-caption\">machine de broyage du bois avec moteur<\/figcaption><\/figure>    <figure class=\"wp-block-image size-large\"><img loading=\"lazy\" decoding=\"async\" width=\"720\" height=\"540\" data-id=\"5180\" src=\"https:\/\/www.shuliy.com\/wp-content\/uploads\/2023\/02\/wood-crusher-with-diesel-engine-.webp\" alt=\"broyeur de bois avec moteur diesel\" class=\"wp-image-5180\" title=\"broyeur de bois avec moteur diesel\"\/><figcaption class=\"wp-element-caption\">broyeur de bois avec moteur diesel<\/figcaption><\/figure>    <figure class=\"wp-block-image size-large\"><img loading=\"lazy\" decoding=\"async\" width=\"720\" height=\"540\" data-id=\"5181\" src=\"https:\/\/www.shuliy.com\/wp-content\/uploads\/2023\/02\/wood-crusher-with-wheel-and-frame-.webp\" alt=\"broyeur de bois avec roue et cadre\" class=\"wp-image-5181\" title=\"broyeur de bois avec roue et cadre\"\/><figcaption class=\"wp-element-caption\">broyeur de bois avec roue et cadre<\/figcaption><\/figure> <\/figure>    <h2 class=\"wp-block-heading\">Services personnalis\u00e9s pour lignes de production <\/h2>    <p>En plus des machines individuelles, nous disposons \u00e9galement de lignes de production qui n\u00e9cessitent de nombreuses machines pour fonctionner ensemble, par exemple, des lignes de production de charbon de bois, des lignes de pellets en plastique, des lignes de palettes en bois, des lignes de savon, des lignes de frites, des lignes de farine de poisson, des lignes de moulin \u00e0 riz, etc.<\/p>    <figure class=\"wp-block-image size-full\"><img loading=\"lazy\" decoding=\"async\" width=\"720\" height=\"385\" src=\"https:\/\/www.shuliy.com\/wp-content\/uploads\/2023\/02\/plastic-recycling-production-line-.webp\" alt=\"Ligne de production de recyclage de plastique\" class=\"wp-image-5185\" title=\"Ligne de production de recyclage de plastique\"\/><figcaption class=\"wp-element-caption\">Ligne de production de recyclage de plastique<\/figcaption><\/figure>    <p class=\"translation-block\"><strong>Il y a de nombreux autres facteurs que les clients doivent prendre en compte lors de l'achat d'une ligne de production, tels que<\/strong><\/p>    <ol class=\"wp-block-list\"> <li>Comment la ligne de production achet\u00e9e correspond-elle \u00e0 la disposition de leur propre usine ?<\/li>    <li>Comment la ligne achet\u00e9e peut-elle \u00eatre install\u00e9e dans votre usine ?<\/li>    <li>La taille de l'usine correspond-elle \u00e0 la taille de la ligne de production ?<\/li>    <li>La combinaison de lignes de production dont j'ai besoin et celle que nous avons disponible ne sont pas exactement les m\u00eames.<\/li>    <li>Le client a besoin d'un sch\u00e9ma clair de la disposition de l'\u00e9quipement et d'une vid\u00e9o du principe de fonctionnement de l'\u00e9quipement.<\/li>    <li>La tension, la puissance, la fr\u00e9quence et la phase de l'\u00e9quipement r\u00e9pondent-elles aux exigences de votre pays ?<\/li>    <li>Et si vous ne savez pas comment installer et mettre en service l'\u00e9quipement vous-m\u00eame ?<\/li> <\/ol>    <p>Nous r\u00e9aliserons donc la ligne de production selon les besoins sp\u00e9cifiques du client pour cr\u00e9er une ligne de production unique pour le client.<\/p>    <figure class=\"wp-block-image size-full is-resized\"><img loading=\"lazy\" decoding=\"async\" src=\"https:\/\/www.shuliy.com\/wp-content\/uploads\/2023\/02\/CAD-.webp\" alt=\"CAO\" class=\"wp-image-5186\" width=\"706\" height=\"299\" title=\"CAO\"\/><figcaption class=\"wp-element-caption\">CAO<\/figcaption><\/figure>    <p>Shuliy est dans le commerce international depuis plus de 10 ans. En cons\u00e9quence, nous avons accumul\u00e9 beaucoup d'exp\u00e9rience avec des machines personnalis\u00e9es. Cela a facilit\u00e9 l'utilisation de nos machines par nos clients et nous a permis d'acc\u00e9der \u00e0 une gamme plus large de clients dans diff\u00e9rentes r\u00e9gions. N'h\u00e9sitez pas \u00e0 nous contacter pour l'un de vos besoins !<\/p>","protected":false},"excerpt":{"rendered":"<p>Shuliy&#8217;s customized services We at Shuliy attach great importance to being able to offer machines and equipment that meet the specific needs of our customers. Customer satisfaction is the greatest motivation for our continuous improvement and development. Therefore, in the course of our continuous development, we are constantly improving our customized services. We rely on [&hellip;]<\/p>\n","protected":false},"author":1,"featured_media":5032,"parent":0,"menu_order":0,"comment_status":"closed","ping_status":"closed","template":"post-templates\/page-right-content.php","meta":{"footnotes":""},"class_list":["post-4993","page","type-page","status-publish","has-post-thumbnail","hentry"],"_links":{"self":[{"href":"https:\/\/www.shuliy.com\/fr\/wp-json\/wp\/v2\/pages\/4993","targetHints":{"allow":["GET"]}}],"collection":[{"href":"https:\/\/www.shuliy.com\/fr\/wp-json\/wp\/v2\/pages"}],"about":[{"href":"https:\/\/www.shuliy.com\/fr\/wp-json\/wp\/v2\/types\/page"}],"author":[{"embeddable":true,"href":"https:\/\/www.shuliy.com\/fr\/wp-json\/wp\/v2\/users\/1"}],"replies":[{"embeddable":true,"href":"https:\/\/www.shuliy.com\/fr\/wp-json\/wp\/v2\/comments?post=4993"}],"version-history":[{"count":0,"href":"https:\/\/www.shuliy.com\/fr\/wp-json\/wp\/v2\/pages\/4993\/revisions"}],"wp:featuredmedia":[{"embeddable":true,"href":"https:\/\/www.shuliy.com\/fr\/wp-json\/wp\/v2\/media\/5032"}],"wp:attachment":[{"href":"https:\/\/www.shuliy.com\/fr\/wp-json\/wp\/v2\/media?parent=4993"}],"curies":[{"name":"wp","href":"https:\/\/api.w.org\/{rel}","templated":true}]}}