{"id":5008,"date":"2023-02-17T18:00:17","date_gmt":"2023-02-17T10:00:17","guid":{"rendered":"https:\/\/www.shuliy.com\/?page_id=5008"},"modified":"2023-02-28T14:10:45","modified_gmt":"2023-02-28T06:10:45","slug":"shipping-delivery","status":"publish","type":"page","link":"https:\/\/www.shuliy.com\/fr\/shipping-delivery\/","title":{"rendered":"Exp\u00e9dition et livraison"},"content":{"rendered":"<h2 class=\"wp-block-heading\">Exp\u00e9dition et livraison Shuliy<\/h2>    <p>Shuliy dispose d'un syst\u00e8me complet de services de transport. Nous personnaliserons le processus d'exp\u00e9dition en fonction de la situation sp\u00e9cifique du client. Forts de plusieurs ann\u00e9es d'exp\u00e9rience \u00e0 l'exportation, nous sommes comp\u00e9tents pour r\u00e9soudre toutes sortes de probl\u00e8mes d'exp\u00e9dition que nos clients peuvent rencontrer. C'est l'une des raisons pour lesquelles beaucoup de nos clients maintiennent une relation \u00e0 long terme avec nous. Voici nos d\u00e9tails concernant l'exp\u00e9dition.<\/p>    <div class=\"wp-block-media-text alignwide is-stacked-on-mobile\"><figure class=\"wp-block-media-text__media\"><img loading=\"lazy\" decoding=\"async\" width=\"720\" height=\"540\" src=\"https:\/\/www.shuliy.com\/wp-content\/uploads\/2023\/02\/Before-shipping-to-confirm-the-machine-1-1.webp\" alt=\"Avant l&#039;exp\u00e9dition : Avant l&#039;exp\u00e9dition, nous communiquons principalement avec le client sur les d\u00e9tails de la machine. Nous personnaliserons la machine selon la demande. Apr\u00e8s la fabrication de la machine, nous enverrons des photos et une vid\u00e9o de la machine via une vid\u00e9o en ligne. Cela permet au client de voir l&#039;usine et de v\u00e9rifier s&#039;il y a des probl\u00e8mes avec la machine. Lorsque tout est en ordre, nous passons \u00e0 l&#039;\u00e9tape suivante de l&#039;emballage en caisses en bois.\" class=\"wp-image-5208 size-full\"\/><\/figure><div class=\"wp-block-media-text__content\"> <p class=\"translation-block\"><strong>Avant l'exp\u00e9dition :<\/strong> Avant l'exp\u00e9dition, nous communiquons principalement avec le client sur les d\u00e9tails de la machine. Nous personnaliserons la machine selon la demande. Apr\u00e8s la fabrication de la machine, nous enverrons des photos et une vid\u00e9o de la machine via une vid\u00e9o en ligne. Cela permet au client de voir l'usine et de v\u00e9rifier s'il y a des probl\u00e8mes avec la machine. Lorsque tout est en ordre, nous passons \u00e0 l'\u00e9tape suivante de l'emballage en caisses en bois.<\/p> <\/div><\/div>    <p class=\"translation-block\"><strong>Emballage en caisse en bois :<\/strong> Pour prot\u00e9ger la machine contre les collisions et l'humidit\u00e9, nous utiliserons une caisse en bois pour emballer la machine. De plus, nous utilisons des caisses en bois sans fumigation, ce qui aide nos clients \u00e0 r\u00e9duire le temps et le co\u00fbt du transport. Apr\u00e8s avoir emball\u00e9 les caisses, nous les pla\u00e7ons directement dans des conteneurs.<\/p>    <figure class=\"wp-block-image size-full\"><img loading=\"lazy\" decoding=\"async\" width=\"720\" height=\"540\" src=\"https:\/\/www.shuliy.com\/wp-content\/uploads\/2023\/02\/Wooden-case-packing-.webp\" alt=\"Emballage en caisse en bois\" class=\"wp-image-5200\" title=\"Emballage en caisse en bois\"\/><figcaption class=\"wp-element-caption\"><strong>Emballage en caisse en bois<\/strong><\/figcaption><\/figure>    <p class=\"translation-block\"><strong>Exp\u00e9dition et livraison :<\/strong> Apr\u00e8s que la machine a \u00e9t\u00e9 emball\u00e9e, nous commen\u00e7ons \u00e0 transporter la machine directement vers la destination sp\u00e9cifi\u00e9e par le client. Tout le processus de transport peut impliquer une combinaison de diff\u00e9rents modes de transport tels que la route, l'air et la mer. <\/p>    <figure class=\"wp-block-image size-full\"><img loading=\"lazy\" decoding=\"async\" width=\"720\" height=\"540\" src=\"https:\/\/www.shuliy.com\/wp-content\/uploads\/2023\/02\/Shipping-and-delivery-.webp\" alt=\"Exp\u00e9dition et livraison\" class=\"wp-image-5201\" title=\"Exp\u00e9dition et livraison\"\/><figcaption class=\"wp-element-caption\"><strong>Exp\u00e9dition et livraison<\/strong><\/figcaption><\/figure>    <p class=\"translation-block\"><strong>Informations logistiques :<\/strong> Apr\u00e8s que la machine a quitt\u00e9 l'usine, nous informerons le client et fournirons des informations logistiques. Le client peut \u00e9galement v\u00e9rifier lui-m\u00eame la logistique. Nous informerons \u00e9galement le client de toute situation pendant le processus de transport. Lorsque la machine arrive \u00e0 destination, nous en informerons imm\u00e9diatement le client afin qu'il puisse recevoir notre machine \u00e0 temps.<\/p>    <p class=\"translation-block\"><strong>Mode de transport :<\/strong> Les m\u00e9thodes de livraison de notre entreprise sont g\u00e9n\u00e9ralement le fret a\u00e9rien et maritime. Nous utiliserons les modes de transport correspondants en fonction des besoins du client.<\/p>    <figure class=\"wp-block-image size-full\"><img loading=\"lazy\" decoding=\"async\" width=\"720\" height=\"540\" src=\"https:\/\/www.shuliy.com\/wp-content\/uploads\/2023\/02\/Inland-transport-.webp\" alt=\"Transport int\u00e9rieur\" class=\"wp-image-5205\" title=\"Transport int\u00e9rieur\"\/><figcaption class=\"wp-element-caption\">Transport int\u00e9rieur<\/figcaption><\/figure>    <p class=\"translation-block\"><strong>D\u00e9lai de livraison :<\/strong> Notre d\u00e9lai de livraison est g\u00e9n\u00e9ralement d'environ 15 jours. Cela est d\u00fb au fait que parfois la machine n'est pas en stock et doit \u00eatre fabriqu\u00e9e. Ou devons-nous personnaliser la machine selon les besoins du client. Ce sera plus rapide lorsque la machine est en stock. <\/p>    <p class=\"translation-block\"><strong>\u00c0 propos du transit :<\/strong> Les clients peuvent trouver leur propre transitaire, ou nous pouvons \u00e9galement recommander un transitaire au client.<\/p>    <p class=\"translation-block\"><strong>\u00c0 propos des frais d'exp\u00e9dition :<\/strong> Le montant des frais d'exp\u00e9dition d\u00e9pend de diff\u00e9rents facteurs. Par exemple ; la taille, le poids, le volume de la machine, la politique nationale, la distance, etc. Que ce soit par route, air ou mer, nous d\u00e9cidons en consultant une entreprise de transport professionnelle et en facturant des tarifs de fret raisonnables.<\/p>","protected":false},"excerpt":{"rendered":"<p>Shuliy shipping and delivery Shuliy has a comprehensive transport service system. We will customize the shipping process according to the customer&#8217;s specific situation. Based on years of export experience, we are skilled in solving all kinds of shipping problems that our customers may encounter. This is one of the reasons why many of our customers [&hellip;]<\/p>\n","protected":false},"author":1,"featured_media":5064,"parent":0,"menu_order":0,"comment_status":"closed","ping_status":"closed","template":"post-templates\/page-right-content.php","meta":{"footnotes":""},"class_list":["post-5008","page","type-page","status-publish","has-post-thumbnail","hentry"],"_links":{"self":[{"href":"https:\/\/www.shuliy.com\/fr\/wp-json\/wp\/v2\/pages\/5008","targetHints":{"allow":["GET"]}}],"collection":[{"href":"https:\/\/www.shuliy.com\/fr\/wp-json\/wp\/v2\/pages"}],"about":[{"href":"https:\/\/www.shuliy.com\/fr\/wp-json\/wp\/v2\/types\/page"}],"author":[{"embeddable":true,"href":"https:\/\/www.shuliy.com\/fr\/wp-json\/wp\/v2\/users\/1"}],"replies":[{"embeddable":true,"href":"https:\/\/www.shuliy.com\/fr\/wp-json\/wp\/v2\/comments?post=5008"}],"version-history":[{"count":0,"href":"https:\/\/www.shuliy.com\/fr\/wp-json\/wp\/v2\/pages\/5008\/revisions"}],"wp:featuredmedia":[{"embeddable":true,"href":"https:\/\/www.shuliy.com\/fr\/wp-json\/wp\/v2\/media\/5064"}],"wp:attachment":[{"href":"https:\/\/www.shuliy.com\/fr\/wp-json\/wp\/v2\/media?parent=5008"}],"curies":[{"name":"wp","href":"https:\/\/api.w.org\/{rel}","templated":true}]}}