{"id":5022,"date":"2023-02-20T15:16:19","date_gmt":"2023-02-20T07:16:19","guid":{"rendered":"https:\/\/www.shuliy.com\/?page_id=5022"},"modified":"2023-02-28T14:13:01","modified_gmt":"2023-02-28T06:13:01","slug":"purchases","status":"publish","type":"page","link":"https:\/\/www.shuliy.com\/fr\/purchases\/","title":{"rendered":"Achats"},"content":{"rendered":"<h2 class=\"wp-block-heading\">Processus d'achat de Shuliy<\/h2>    <p>Nos clients viennent de nombreux pays diff\u00e9rents et de secteurs tr\u00e8s vari\u00e9s. En cons\u00e9quence, ils ont des connaissances diff\u00e9rentes sur les produits et le commerce d'import\/export. Par cons\u00e9quent, les clients ont des priorit\u00e9s diff\u00e9rentes en fonction de leurs besoins. Le processus d'achat face \u00e0 d'autres clients est le suivant.<\/p>    <p>1. Clients qui effectuent pour la premi\u00e8re fois des transactions commerciales \u00e0 l'\u00e9tranger. Ce type de client n'a aucune exp\u00e9rience en achat, nous expliquerons en d\u00e9tail \u00e0 chaque \u00e9tape du processus d'achat. Notre processus d'achat comprend g\u00e9n\u00e9ralement la pr\u00e9sentation pr\u00e9-vente de la machine, la communication en cours de vente et les d\u00e9tails du paiement, le service apr\u00e8s-vente, etc. Le processus d\u00e9taill\u00e9 est montr\u00e9 ci-dessous.<\/p>    <figure class=\"wp-block-image size-full\"><img loading=\"lazy\" decoding=\"async\" width=\"1256\" height=\"540\" src=\"https:\/\/www.shuliy.com\/wp-content\/uploads\/2023\/02\/1-.webp\" alt=\"\" class=\"wp-image-5212\"\/><\/figure>    <p>2. Clients exp\u00e9riment\u00e9s. Nous avons \u00e9galement de nombreux clients sp\u00e9cialis\u00e9s dans l'import-export. Ce client conna\u00eet bien le processus d'achat et dispose g\u00e9n\u00e9ralement d'un transitaire en Chine. Par cons\u00e9quent, ce type de client se concentre g\u00e9n\u00e9ralement sur les aspects du produit dont il conna\u00eet les informations. Par exemple, les param\u00e8tres de la machine, les d\u00e9tails, les images, les vid\u00e9os, les certificats, la puissance, etc. Ci-dessous se trouve un diagramme du processus d'achat correspondant.<\/p>    <figure class=\"wp-block-image size-full\"><img loading=\"lazy\" decoding=\"async\" width=\"1256\" height=\"540\" src=\"https:\/\/www.shuliy.com\/wp-content\/uploads\/2023\/02\/2-.webp\" alt=\"\" class=\"wp-image-5213\"\/><\/figure>    <p>Que l'acheteur connaisse ou non le processus de commerce ext\u00e9rieur, Shuliy consid\u00e9rera le probl\u00e8me du point de vue du client. Nous proposons et recommandons la solution de machine la plus adapt\u00e9e \u00e0 nos clients, r\u00e9pondons \u00e0 toutes sortes de questions et fournissons le meilleur service de qualit\u00e9.<\/p>","protected":false},"excerpt":{"rendered":"<p>Shuliy&#8217;s purchase process Our customers come from many different countries and from a wide range of industries. As a result, customers have different knowledge about products and the import\/export trade. Therefore customers have different focuses on their needs. The buying process in the face of other customers is as follows. 1. Customers who are making [&hellip;]<\/p>\n","protected":false},"author":1,"featured_media":5065,"parent":0,"menu_order":0,"comment_status":"closed","ping_status":"closed","template":"post-templates\/page-right-content.php","meta":{"footnotes":""},"class_list":["post-5022","page","type-page","status-publish","has-post-thumbnail","hentry"],"_links":{"self":[{"href":"https:\/\/www.shuliy.com\/fr\/wp-json\/wp\/v2\/pages\/5022","targetHints":{"allow":["GET"]}}],"collection":[{"href":"https:\/\/www.shuliy.com\/fr\/wp-json\/wp\/v2\/pages"}],"about":[{"href":"https:\/\/www.shuliy.com\/fr\/wp-json\/wp\/v2\/types\/page"}],"author":[{"embeddable":true,"href":"https:\/\/www.shuliy.com\/fr\/wp-json\/wp\/v2\/users\/1"}],"replies":[{"embeddable":true,"href":"https:\/\/www.shuliy.com\/fr\/wp-json\/wp\/v2\/comments?post=5022"}],"version-history":[{"count":0,"href":"https:\/\/www.shuliy.com\/fr\/wp-json\/wp\/v2\/pages\/5022\/revisions"}],"wp:featuredmedia":[{"embeddable":true,"href":"https:\/\/www.shuliy.com\/fr\/wp-json\/wp\/v2\/media\/5065"}],"wp:attachment":[{"href":"https:\/\/www.shuliy.com\/fr\/wp-json\/wp\/v2\/media?parent=5022"}],"curies":[{"name":"wp","href":"https:\/\/api.w.org\/{rel}","templated":true}]}}