{"id":5040,"date":"2023-02-20T17:53:51","date_gmt":"2023-02-20T09:53:51","guid":{"rendered":"https:\/\/www.shuliy.com\/?page_id=5040"},"modified":"2023-02-28T14:15:43","modified_gmt":"2023-02-28T06:15:43","slug":"distributors","status":"publish","type":"page","link":"https:\/\/www.shuliy.com\/fr\/distributors\/","title":{"rendered":"Distributeurs"},"content":{"rendered":"<h2 class=\"wp-block-heading\">Devenir distributeur de Shuliy<\/h2>    <p>Shuliy est engag\u00e9 dans le commerce ext\u00e9rieur depuis plus de dix ans et est connu depuis de nombreuses ann\u00e9es tant au niveau national qu'international, car l'\u00e9quipement est vendu \u00e0 de nombreux pays. La haute qualit\u00e9 de notre \u00e9quipement, le prix juste et le service apr\u00e8s-vente excellent ont attir\u00e9 de nombreux clients souhaitant devenir nos distributeurs. Nos distributeurs sont principalement situ\u00e9s en Asie du Sud-Est, en Afrique, en Asie du Sud, en Am\u00e9rique Latine et dans d'autres r\u00e9gions.<\/p>    <h2 class=\"wp-block-heading\">Deux exemples de devenir distributeur de Shuliy<\/h2>    <h3 class=\"wp-block-heading\">Distributeur de machines de battage de riz et de bl\u00e9<\/h3>    <p>Ce client vient du Nigeria et vend des machines agricoles. Apr\u00e8s de nombreuses ann\u00e9es d'exp\u00e9rience, le client souhaitait devenir distributeur local pour aider \u00e0 d\u00e9velopper l'\u00e9conomie locale et changer le d\u00e9veloppement agricole local. Comme nous avons de nombreux clients pour nos machines agricoles en Afrique, le client nous a approch\u00e9s avec l'espoir d'une coop\u00e9ration. Apr\u00e8s communication, le client a d\u00e9cid\u00e9 de vendre la ligne avec le produit principal de machines de battage de riz et de bl\u00e9.<\/p>    <figure class=\"wp-block-image size-full\"><img loading=\"lazy\" decoding=\"async\" width=\"720\" height=\"540\" src=\"https:\/\/www.shuliy.com\/wp-content\/uploads\/2023\/02\/Distributor-of-rice-and-wheat-threshing-machines-.webp\" alt=\"Distributeur de machines de battage de riz et de bl\u00e9\" class=\"wp-image-5217\" title=\"Distributeur de machines de battage de riz et de bl\u00e9\"\/><figcaption class=\"wp-element-caption\">Distributeur de machines de battage de riz et de bl\u00e9<\/figcaption><\/figure>    <h3 class=\"wp-block-heading\">Distributeur de broyeurs de bois <\/h3>    <p>Le client venait d'Arabie Saoudite et a d\u00e9cid\u00e9 de nous contacter apr\u00e8s avoir compar\u00e9 plusieurs fabricants de broyeurs de bois. Apr\u00e8s communication, le client a voulu visiter l'usine \u00e0 l'avance. Apr\u00e8s la visite, le client a d\u00e9cid\u00e9 d'acheter une s\u00e9rie de d\u00e9chiqueteuses \u00e0 bois et est devenu notre distributeur.<\/p>    <figure class=\"wp-block-image size-full\"><img loading=\"lazy\" decoding=\"async\" width=\"720\" height=\"540\" src=\"https:\/\/www.shuliy.com\/wp-content\/uploads\/2023\/02\/wood-crushers-distributor-.webp\" alt=\"distributeur de broyeurs de bois\" class=\"wp-image-5218\" title=\"distributeur de broyeurs de bois\"\/><figcaption class=\"wp-element-caption\">distributeur de broyeurs de bois<\/figcaption><\/figure>    <h2 class=\"wp-block-heading\">Pourquoi le client a-t-il choisi de devenir notre distributeur ?<\/h2>    <ol class=\"wp-block-list\"> <li>Le prix de la machine \u00e9tait correct. Nous soutiendrons l'entreprise du client en proposant le bon prix, ce qui profitera \u00e9galement aux ventes du client.<\/li>    <li>Nous fournirons un support technique \u00e0 nos distributeurs. S'il y a besoin d'installation et de mise en service de la machine, nous enverrons nos techniciens \u00e0 l'\u00e9tranger.<\/li>    <li>Machines de haute qualit\u00e9. Avec des machines de haute qualit\u00e9, moins d'entretien et moins de service apr\u00e8s-vente, le client peut attirer plus de clients. En m\u00eame temps, le travail est relativement facile.<\/li>    <li>Divers certificats qui r\u00e9pondent aux exigences.<\/li> <\/ol>","protected":false},"excerpt":{"rendered":"<p>Become Shuliy&#8217;s distributors Shuliy has been engaged in foreign trade for more than ten years and has been known both at home and abroad for many years as the equipment is sold to many countries. The high quality of our equipment, the right price, and the excellent after-sales service have attracted many customers who want [&hellip;]<\/p>\n","protected":false},"author":1,"featured_media":0,"parent":0,"menu_order":0,"comment_status":"closed","ping_status":"closed","template":"post-templates\/page-right-content.php","meta":{"footnotes":""},"class_list":["post-5040","page","type-page","status-publish","hentry"],"_links":{"self":[{"href":"https:\/\/www.shuliy.com\/fr\/wp-json\/wp\/v2\/pages\/5040","targetHints":{"allow":["GET"]}}],"collection":[{"href":"https:\/\/www.shuliy.com\/fr\/wp-json\/wp\/v2\/pages"}],"about":[{"href":"https:\/\/www.shuliy.com\/fr\/wp-json\/wp\/v2\/types\/page"}],"author":[{"embeddable":true,"href":"https:\/\/www.shuliy.com\/fr\/wp-json\/wp\/v2\/users\/1"}],"replies":[{"embeddable":true,"href":"https:\/\/www.shuliy.com\/fr\/wp-json\/wp\/v2\/comments?post=5040"}],"version-history":[{"count":0,"href":"https:\/\/www.shuliy.com\/fr\/wp-json\/wp\/v2\/pages\/5040\/revisions"}],"wp:attachment":[{"href":"https:\/\/www.shuliy.com\/fr\/wp-json\/wp\/v2\/media?parent=5040"}],"curies":[{"name":"wp","href":"https:\/\/api.w.org\/{rel}","templated":true}]}}