{"id":5044,"date":"2023-02-20T18:02:55","date_gmt":"2023-02-20T10:02:55","guid":{"rendered":"https:\/\/www.shuliy.com\/?page_id=5044"},"modified":"2023-02-28T14:17:22","modified_gmt":"2023-02-28T06:17:22","slug":"resellers","status":"publish","type":"page","link":"https:\/\/www.shuliy.com\/fr\/resellers\/","title":{"rendered":"Revendeurs"},"content":{"rendered":"<h2 class=\"wp-block-heading\">Devenir revendeur de Shuliy<\/h2>    <p>Nous avons \u00e9galement de nombreux clients qui ach\u00e8tent notre \u00e9quipement pour le vendre localement. Les types de revendeurs ach\u00e8tent des machines chez nous puis les fournissent au client final. Nous avons de nombreux clients revendeurs. Afin de soutenir nos clients dans leur activit\u00e9 locale, nous leur proposons le bon prix en fonction du nombre de machines qu'ils ach\u00e8tent.<\/p>    <h2 class=\"wp-block-heading\">Un client de coupe-choux du P\u00e9rou<\/h2>    <p>Ce client poss\u00e8de un magasin au P\u00e9rou sp\u00e9cialis\u00e9 dans la vente de machines agricoles. Il nous a contact\u00e9s en naviguant sur notre site Web et a achet\u00e9 dix machines \u00e0 couper l'herbe d'ici.<\/p>    <figure class=\"wp-block-image size-full\"><img loading=\"lazy\" decoding=\"async\" width=\"720\" height=\"540\" src=\"https:\/\/www.shuliy.com\/wp-content\/uploads\/2023\/02\/chaff-cutter-reseller-.webp\" alt=\"revendeur de coupe-choux \" class=\"wp-image-5221\" title=\"revendeur de coupe-choux \"\/><figcaption class=\"wp-element-caption\">revendeur de coupe-choux<\/figcaption><\/figure>    <h2 class=\"wp-block-heading\">Un client de d\u00e9cortiqueur de cacahu\u00e8tes du S\u00e9n\u00e9gal<\/h2>    <p>Notre client poss\u00e8de \u00e9galement un magasin de machines agricoles dans la r\u00e9gion. Il nous a contact\u00e9s par l'interm\u00e9diaire d'un ami et est venu nous rendre visite. Apr\u00e8s la visite, il a d\u00e9cid\u00e9 d'acheter 20 d\u00e9cortiqueurs de cacahu\u00e8tes.<\/p>    <figure class=\"wp-block-image size-full\"><img loading=\"lazy\" decoding=\"async\" width=\"720\" height=\"540\" src=\"https:\/\/www.shuliy.com\/wp-content\/uploads\/2023\/02\/peanut-sheller-reseller-.webp\" alt=\"revendeur de d\u00e9cortiqueur de cacahu\u00e8tes\" class=\"wp-image-5223\" title=\"revendeur de d\u00e9cortiqueur de cacahu\u00e8tes\"\/><figcaption class=\"wp-element-caption\">revendeur de d\u00e9cortiqueur de cacahu\u00e8tes<\/figcaption><\/figure>    <p>En plus d'offrir au client le bon prix pour la machine, nous lui fournirons \u00e9galement des pi\u00e8ces de rechange, des pi\u00e8ces d'usure, etc. Nous sommes impatients de travailler avec vous !<\/p>","protected":false},"excerpt":{"rendered":"<p>Become Shuliy&#8217;s resellers We also have many customers who buy our equipment to sell locally. reseller types buy machines from us and then supply them to the end customer. We have many reseller customers. In order to support our customers in their local business, we offer them the right price depending on the number of [&hellip;]<\/p>\n","protected":false},"author":1,"featured_media":0,"parent":0,"menu_order":0,"comment_status":"closed","ping_status":"closed","template":"post-templates\/page-right-content.php","meta":{"footnotes":""},"class_list":["post-5044","page","type-page","status-publish","hentry"],"_links":{"self":[{"href":"https:\/\/www.shuliy.com\/fr\/wp-json\/wp\/v2\/pages\/5044","targetHints":{"allow":["GET"]}}],"collection":[{"href":"https:\/\/www.shuliy.com\/fr\/wp-json\/wp\/v2\/pages"}],"about":[{"href":"https:\/\/www.shuliy.com\/fr\/wp-json\/wp\/v2\/types\/page"}],"author":[{"embeddable":true,"href":"https:\/\/www.shuliy.com\/fr\/wp-json\/wp\/v2\/users\/1"}],"replies":[{"embeddable":true,"href":"https:\/\/www.shuliy.com\/fr\/wp-json\/wp\/v2\/comments?post=5044"}],"version-history":[{"count":0,"href":"https:\/\/www.shuliy.com\/fr\/wp-json\/wp\/v2\/pages\/5044\/revisions"}],"wp:attachment":[{"href":"https:\/\/www.shuliy.com\/fr\/wp-json\/wp\/v2\/media?parent=5044"}],"curies":[{"name":"wp","href":"https:\/\/api.w.org\/{rel}","templated":true}]}}