{"id":4885,"date":"2023-01-07T14:46:00","date_gmt":"2023-01-07T06:46:00","guid":{"rendered":"https:\/\/www.shuliy.com\/?page_id=4885"},"modified":"2023-02-21T17:23:12","modified_gmt":"2023-02-21T09:23:12","slug":"about-us","status":"publish","type":"page","link":"https:\/\/www.shuliy.com\/it\/about-us\/","title":{"rendered":"Chi siamo"},"content":{"rendered":"<h2 class=\"wp-block-heading\">Chi siamo?<\/h2>    <div class=\"wp-block-media-text alignwide is-stacked-on-mobile\"><figure class=\"wp-block-media-text__media\"><img loading=\"lazy\" decoding=\"async\" width=\"720\" height=\"540\" src=\"https:\/\/www.shuliy.com\/wp-content\/uploads\/2023\/01\/Shuliy-factory-.webp\" alt=\"\" class=\"wp-image-4943 size-full\"\/><\/figure><div class=\"wp-block-media-text__content\"> <p class=\"translation-block\">Shuliy Machinery Co., Ltd. \u00e8 un\u2019azienda rinomata di ricerca, sviluppo e produzione di macchinari. Le nostre macchine sono utilizzate in vari settori, principalmente in <strong><em> attrezzature per il riciclo delle risorse, attrezzature agricole, attrezzature per l\u2019elaborazione alimentare e macchinari per l\u2019imballaggio <\/em><\/strong>. Forniamo macchine singole e soluzioni professionali di macchinari ai nostri clienti.<\/p> <\/div><\/div>    <div class=\"wp-block-media-text alignwide has-media-on-the-right is-stacked-on-mobile\"><div class=\"wp-block-media-text__content\"> <p class=\"translation-block\">Produciamo macchine per ogni settore con cura. Oltre alle macchine singole, offriamo anche grandi linee di produzione. Per esempio, <strong><em> linea di produzione di carbone, linea di riciclo di bottiglie di plastica, linea di produzione di farina di pesce, linea di produzione di vassoi per uova, linea di produzione di patatine fritte,<\/em><\/strong> ecc. Offriamo anche servizi relativi a disegni di progettazione di impianti, disegni 3D delle linee di produzione e ingegneri che vanno all\u2019estero per installare le attrezzature.<\/p> <\/div><figure class=\"wp-block-media-text__media\"><img loading=\"lazy\" decoding=\"async\" width=\"720\" height=\"540\" src=\"https:\/\/www.shuliy.com\/wp-content\/uploads\/2023\/01\/Shuliy-machine-solutions-.webp\" alt=\"\" class=\"wp-image-4952 size-full\"\/><\/figure><\/div>    <h2 class=\"wp-block-heading\">Shuliy Culture<\/h2>    <div class=\"wp-block-media-text alignwide is-stacked-on-mobile\"><figure class=\"wp-block-media-text__media\"><img loading=\"lazy\" decoding=\"async\" width=\"720\" height=\"540\" src=\"https:\/\/www.shuliy.com\/wp-content\/uploads\/2023\/01\/Shuliy-culture-.webp\" alt=\"\" class=\"wp-image-4955 size-full\"\/><\/figure><div class=\"wp-block-media-text__content\"> <p>Missione di Shuliy Machinery: Lasciare che le macchine cinesi cambino ogni angolo del mondo.<\/p>    <p>Visione di Shuliy Machinery: Aumentare il valore per il cliente e offrire crescita ai dipendenti!<\/p>    <p>Valori dello staff di Shuliy: integrit\u00e0, gratitudine, altruismo, energia positiva, abbracciare il cambiamento e spirito di squadra.<\/p>    <p>Dalla sua fondazione, Shuliy ha sempre mirato a portare maggiore comodit\u00e0 ai nostri clienti con attrezzature di qualit\u00e0. Innoviamo e sviluppiamo costantemente in settori correlati. Oltre a fornire macchine di alta qualit\u00e0, ci concentriamo a offrire servizi completi ai nostri clienti. <\/p>    <p>Questi servizi includono fornitura di informazioni sulle macchine, personalizzazione delle macchine, metodi di pagamento multipli, installazione e messa in funzione delle macchine, imballaggio e spedizione. E il nostro servizio post-vendita, tutti i clienti che hanno collaborato con noi sono molto soddisfatti del nostro servizio.<\/p> <\/div><\/div>    <h2 class=\"wp-block-heading\">Qualifiche e onori<\/h2>    <p>Shuliy Machinery ha ricevuto numerosi riconoscimenti per i suoi prodotti di alta qualit\u00e0, servizio eccellente e il supporto di molti clienti. La nostra azienda ha ottenuto la certificazione ISO 9001 e la maggior parte dei prodotti ha il certificato CE. Possiamo anche ottenere PVOC, SONCAP, SABER e C\/O Preferenziale per facilitare le pratiche di importazione dei clienti. Continueremo a lavorare ancora pi\u00f9 duramente nel campo di queste macchine per offrire attrezzature di qualit\u00e0 superiore ai nostri clienti!<\/p>    <figure class=\"wp-block-gallery has-nested-images columns-default is-cropped wp-block-gallery-2 is-layout-flex wp-block-gallery-is-layout-flex\"> <figure class=\"wp-block-image size-large\"><img loading=\"lazy\" decoding=\"async\" width=\"720\" height=\"540\" data-id=\"4959\" src=\"https:\/\/www.shuliy.com\/wp-content\/uploads\/2023\/01\/Shuliy-qualifications-.webp\" alt=\"\" class=\"wp-image-4959\" title=\"Qualifiche di Shuliy\"\/><figcaption class=\"wp-element-caption\">Qualifiche di Shuliy<\/figcaption><\/figure>    <figure class=\"wp-block-image size-large\"><img loading=\"lazy\" decoding=\"async\" width=\"720\" height=\"540\" data-id=\"4960\" src=\"https:\/\/www.shuliy.com\/wp-content\/uploads\/2023\/01\/Shuliy-certifications-.jpg\" alt=\"\" class=\"wp-image-4960\" title=\"Certificazioni di Shuliy\"\/><figcaption class=\"wp-element-caption\">Certificazioni di Shuliy<\/figcaption><\/figure> <\/figure>    <h2 class=\"wp-block-heading\">Clienti globali di Shuliy<\/h2>    <div class=\"wp-block-media-text alignwide is-stacked-on-mobile\"><figure class=\"wp-block-media-text__media\"><img loading=\"lazy\" decoding=\"async\" width=\"720\" height=\"540\" src=\"https:\/\/www.shuliy.com\/wp-content\/uploads\/2023\/01\/Shuliy-global-customers-1-1.webp\" alt=\"\" class=\"wp-image-4966 size-full\"\/><\/figure><div class=\"wp-block-media-text__content\"> <p>Fin dall\u2019inizio dell\u2019esportazione, le nostre attrezzature sono state ben accolte da molti paesi. Per esempio, USA, Russia, Argentina, Etiopia, Arabia Saudita, Congo, Nigeria, Indonesia, Tunisia, Brasile, Burundi, Colombia e altri paesi. Allo stesso tempo, grazie alla qualit\u00e0 eccellente e all\u2019efficacia delle nostre macchine, abbiamo mantenuto collaborazioni a lungo termine con molti clienti.<\/p> <\/div><\/div>    <h2 class=\"wp-block-heading\">Il preferito del cliente \u2013 la nostra pi\u00f9 grande motivazione<\/h2>    <p>Abbiamo clienti da tutto il mondo. I clienti dicono che le macchine che ricevono funzionano cos\u00ec bene che continueranno a lavorare con noi! Se hai domande, contattaci. Ti risponderemo il prima possibile!<\/p>    <figure class=\"wp-block-image size-full is-resized\"><img loading=\"lazy\" decoding=\"async\" src=\"https:\/\/www.shuliy.com\/wp-content\/uploads\/2023\/01\/customers-feedback-1-2.webp\" alt=\"\" class=\"wp-image-4973\" width=\"720\" height=\"540\"\/><\/figure>","protected":false},"excerpt":{"rendered":"<p>about excerpt (post attr)<\/p>","protected":false},"author":1,"featured_media":4891,"parent":0,"menu_order":0,"comment_status":"closed","ping_status":"closed","template":"post-templates\/page-right-content.php","meta":{"footnotes":""},"class_list":["post-4885","page","type-page","status-publish","has-post-thumbnail","hentry"],"_links":{"self":[{"href":"https:\/\/www.shuliy.com\/it\/wp-json\/wp\/v2\/pages\/4885","targetHints":{"allow":["GET"]}}],"collection":[{"href":"https:\/\/www.shuliy.com\/it\/wp-json\/wp\/v2\/pages"}],"about":[{"href":"https:\/\/www.shuliy.com\/it\/wp-json\/wp\/v2\/types\/page"}],"author":[{"embeddable":true,"href":"https:\/\/www.shuliy.com\/it\/wp-json\/wp\/v2\/users\/1"}],"replies":[{"embeddable":true,"href":"https:\/\/www.shuliy.com\/it\/wp-json\/wp\/v2\/comments?post=4885"}],"version-history":[{"count":0,"href":"https:\/\/www.shuliy.com\/it\/wp-json\/wp\/v2\/pages\/4885\/revisions"}],"wp:featuredmedia":[{"embeddable":true,"href":"https:\/\/www.shuliy.com\/it\/wp-json\/wp\/v2\/media\/4891"}],"wp:attachment":[{"href":"https:\/\/www.shuliy.com\/it\/wp-json\/wp\/v2\/media?parent=4885"}],"curies":[{"name":"wp","href":"https:\/\/api.w.org\/{rel}","templated":true}]}}