{"id":5008,"date":"2023-02-17T18:00:17","date_gmt":"2023-02-17T10:00:17","guid":{"rendered":"https:\/\/www.shuliy.com\/?page_id=5008"},"modified":"2023-02-28T14:10:45","modified_gmt":"2023-02-28T06:10:45","slug":"shipping-delivery","status":"publish","type":"page","link":"https:\/\/www.shuliy.com\/it\/shipping-delivery\/","title":{"rendered":"Spedizione e consegna"},"content":{"rendered":"<h2 class=\"wp-block-heading\">Spedizione e consegna Shuliy<\/h2>    <p>Shuliy dispone di un sistema completo di servizi di trasporto. Personalizzeremo il processo di spedizione in base alla situazione specifica del cliente. Basandoci su anni di esperienza nelle esportazioni, siamo esperti nel risolvere tutti i tipi di problemi di spedizione che i nostri clienti possono incontrare. Questo \u00e8 uno dei motivi per cui molti dei nostri clienti mantengono rapporti a lungo termine con noi. Di seguito sono riportati i dettagli relativi alla spedizione.<\/p>    <div class=\"wp-block-media-text alignwide is-stacked-on-mobile\"><figure class=\"wp-block-media-text__media\"><img loading=\"lazy\" decoding=\"async\" width=\"720\" height=\"540\" src=\"https:\/\/www.shuliy.com\/wp-content\/uploads\/2023\/02\/Before-shipping-to-confirm-the-machine-1-1.webp\" alt=\"Prima della spedizione: Prima della spedizione, comunichiamo principalmente con il cliente sui dettagli della macchina. Personalizzeremo la macchina su richiesta. Dopo aver prodotto la macchina, invieremo foto e un video della macchina tramite video online. Questo permette al cliente di vedere la fabbrica e verificare eventuali problemi con la macchina. Quando tutto \u00e8 in ordine, procederemo al passo successivo di imballaggio in scatole di legno.\" class=\"wp-image-5208 size-full\"\/><\/figure><div class=\"wp-block-media-text__content\"> <p class=\"translation-block\"><strong>Prima della spedizione:<\/strong> Prima della spedizione, comunichiamo principalmente con il cliente sui dettagli della macchina. Personalizzeremo la macchina su richiesta. Dopo aver prodotto la macchina, invieremo foto e un video della macchina tramite video online. Questo permette al cliente di vedere la fabbrica e verificare eventuali problemi con la macchina. Quando tutto \u00e8 in ordine, procederemo al passo successivo di imballaggio in casse di legno.<\/p> <\/div><\/div>    <p class=\"translation-block\"><strong>Imballaggio in casse di legno:<\/strong> Per proteggere la macchina da collisioni e danni da umidit\u00e0, utilizzeremo una cassa di legno per imballare la macchina. Inoltre, usiamo casse di legno prive di fumigazione, che aiutano i nostri clienti a ridurre i tempi e i costi di trasporto. Dopo aver imballato le casse, le inseriamo direttamente nei container.<\/p>    <figure class=\"wp-block-image size-full\"><img loading=\"lazy\" decoding=\"async\" width=\"720\" height=\"540\" src=\"https:\/\/www.shuliy.com\/wp-content\/uploads\/2023\/02\/Wooden-case-packing-.webp\" alt=\"Imballaggio in casse di legno\" class=\"wp-image-5200\" title=\"Imballaggio in casse di legno\"\/><figcaption class=\"wp-element-caption\"><strong>Imballaggio in casse di legno<\/strong><\/figcaption><\/figure>    <p class=\"translation-block\"><strong>Spedizione e consegna:<\/strong> Dopo che la macchina \u00e8 stata imballata, iniziamo a trasportarla direttamente alla destinazione specificata dal cliente. L'intero processo di trasporto pu\u00f2 coinvolgere una combinazione di diversi mezzi di trasporto come strada, aria e mare. <\/p>    <figure class=\"wp-block-image size-full\"><img loading=\"lazy\" decoding=\"async\" width=\"720\" height=\"540\" src=\"https:\/\/www.shuliy.com\/wp-content\/uploads\/2023\/02\/Shipping-and-delivery-.webp\" alt=\"Spedizione e consegna\" class=\"wp-image-5201\" title=\"Spedizione e consegna\"\/><figcaption class=\"wp-element-caption\"><strong>Spedizione e consegna<\/strong><\/figcaption><\/figure>    <p class=\"translation-block\"><strong>Informazioni logistiche:<\/strong> Dopo che la macchina ha lasciato la fabbrica, informeremo il cliente e forniremo le informazioni logistiche. Il cliente pu\u00f2 anche controllare la logistica da solo. Informeremo anche il cliente di qualsiasi situazione durante il processo di trasporto. Quando la macchina arriva a destinazione, informeremo immediatamente il cliente affinch\u00e9 possa ricevere la nostra macchina in tempo.<\/p>    <p class=\"translation-block\"><strong>Modo di trasporto:<\/strong> I metodi di consegna della nostra azienda sono generalmente via aerea e marittima. Utilizzeremo i metodi di trasporto corrispondenti in base alle esigenze del cliente.<\/p>    <figure class=\"wp-block-image size-full\"><img loading=\"lazy\" decoding=\"async\" width=\"720\" height=\"540\" src=\"https:\/\/www.shuliy.com\/wp-content\/uploads\/2023\/02\/Inland-transport-.webp\" alt=\"Trasporto interno\" class=\"wp-image-5205\" title=\"Trasporto interno\"\/><figcaption class=\"wp-element-caption\">Trasporto interno<\/figcaption><\/figure>    <p class=\"translation-block\"><strong>Tempi di consegna:<\/strong> Il nostro tempo di consegna \u00e8 generalmente di circa 15 giorni. Questo perch\u00e9 a volte la macchina non \u00e8 in stock e deve essere prodotta. Oppure dobbiamo personalizzare la macchina secondo le esigenze del cliente. Sar\u00e0 pi\u00f9 veloce quando la macchina \u00e8 disponibile in magazzino. <\/p>    <p class=\"translation-block\"><strong>Informazioni sul trasporto internazionale:<\/strong> I clienti possono trovare il proprio spedizioniere, oppure possiamo anche raccomandarne uno al cliente.<\/p>    <p class=\"translation-block\"><strong>Costi di spedizione:<\/strong> L'importo dei costi di spedizione dipende da diversi fattori. Ad esempio; dimensioni, peso, volume della macchina, politica nazionale, distanza, ecc. Sia via strada, aria o mare, decidiamo consultando un'azienda di trasporti professionale e applicando tariffe di trasporto ragionevoli.<\/p>","protected":false},"excerpt":{"rendered":"<p>Shuliy shipping and delivery Shuliy has a comprehensive transport service system. We will customize the shipping process according to the customer&#8217;s specific situation. Based on years of export experience, we are skilled in solving all kinds of shipping problems that our customers may encounter. This is one of the reasons why many of our customers [&hellip;]<\/p>\n","protected":false},"author":1,"featured_media":5064,"parent":0,"menu_order":0,"comment_status":"closed","ping_status":"closed","template":"post-templates\/page-right-content.php","meta":{"footnotes":""},"class_list":["post-5008","page","type-page","status-publish","has-post-thumbnail","hentry"],"_links":{"self":[{"href":"https:\/\/www.shuliy.com\/it\/wp-json\/wp\/v2\/pages\/5008","targetHints":{"allow":["GET"]}}],"collection":[{"href":"https:\/\/www.shuliy.com\/it\/wp-json\/wp\/v2\/pages"}],"about":[{"href":"https:\/\/www.shuliy.com\/it\/wp-json\/wp\/v2\/types\/page"}],"author":[{"embeddable":true,"href":"https:\/\/www.shuliy.com\/it\/wp-json\/wp\/v2\/users\/1"}],"replies":[{"embeddable":true,"href":"https:\/\/www.shuliy.com\/it\/wp-json\/wp\/v2\/comments?post=5008"}],"version-history":[{"count":0,"href":"https:\/\/www.shuliy.com\/it\/wp-json\/wp\/v2\/pages\/5008\/revisions"}],"wp:featuredmedia":[{"embeddable":true,"href":"https:\/\/www.shuliy.com\/it\/wp-json\/wp\/v2\/media\/5064"}],"wp:attachment":[{"href":"https:\/\/www.shuliy.com\/it\/wp-json\/wp\/v2\/media?parent=5008"}],"curies":[{"name":"wp","href":"https:\/\/api.w.org\/{rel}","templated":true}]}}