{"id":5022,"date":"2023-02-20T15:16:19","date_gmt":"2023-02-20T07:16:19","guid":{"rendered":"https:\/\/www.shuliy.com\/?page_id=5022"},"modified":"2023-02-28T14:13:01","modified_gmt":"2023-02-28T06:13:01","slug":"purchases","status":"publish","type":"page","link":"https:\/\/www.shuliy.com\/it\/purchases\/","title":{"rendered":"Acquisti"},"content":{"rendered":"<h2 class=\"wp-block-heading\">Processo di acquisto di Shuliy<\/h2>    <p>I nostri clienti provengono da molti paesi diversi e da una vasta gamma di settori. Di conseguenza, i clienti hanno conoscenze diverse sui prodotti e sul commercio di import\/export. Pertanto, i clienti hanno diversi punti di attenzione sulle loro esigenze. Il processo di acquisto di fronte ad altri clienti \u00e8 il seguente.<\/p>    <p>1. Clienti che effettuano transazioni commerciali estere per la prima volta. Questo tipo di cliente non ha esperienza negli acquisti, spiegheremo in dettaglio al cliente ogni aspetto del processo di acquisto. Il nostro processo di acquisto generalmente include l'introduzione pre-vendita della macchina, la comunicazione durante la vendita e i dettagli del pagamento, il servizio post-vendita, ecc. Il processo dettagliato \u00e8 mostrato di seguito.<\/p>    <figure class=\"wp-block-image size-full\"><img loading=\"lazy\" decoding=\"async\" width=\"1256\" height=\"540\" src=\"https:\/\/www.shuliy.com\/wp-content\/uploads\/2023\/02\/1-.webp\" alt=\"\" class=\"wp-image-5212\"\/><\/figure>    <p>2. Clienti esperti. Abbiamo anche molti clienti specializzati in import\/export. Questo cliente \u00e8 familiare con il processo di acquisto e generalmente ha un spedizioniere in Cina. Pertanto, questo tipo di cliente si concentra generalmente sugli aspetti del prodotto di cui conosce le informazioni. Ad esempio, i parametri della macchina, dettagli, immagini, video, certificati, potenza, ecc. Di seguito \u00e8 riportato un diagramma del processo di acquisto corrispondente.<\/p>    <figure class=\"wp-block-image size-full\"><img loading=\"lazy\" decoding=\"async\" width=\"1256\" height=\"540\" src=\"https:\/\/www.shuliy.com\/wp-content\/uploads\/2023\/02\/2-.webp\" alt=\"\" class=\"wp-image-5213\"\/><\/figure>    <p>Che l'acquirente sia familiare o meno con il processo di commercio estero, Shuliy considerer\u00e0 il problema dal punto di vista del cliente. Offriamo e consigliamo la soluzione di macchina pi\u00f9 adatta ai nostri clienti, rispondiamo a ogni tipo di domanda e forniamo il miglior servizio di qualit\u00e0.<\/p>","protected":false},"excerpt":{"rendered":"<p>Shuliy&#8217;s purchase process Our customers come from many different countries and from a wide range of industries. As a result, customers have different knowledge about products and the import\/export trade. Therefore customers have different focuses on their needs. The buying process in the face of other customers is as follows. 1. Customers who are making [&hellip;]<\/p>\n","protected":false},"author":1,"featured_media":5065,"parent":0,"menu_order":0,"comment_status":"closed","ping_status":"closed","template":"post-templates\/page-right-content.php","meta":{"footnotes":""},"class_list":["post-5022","page","type-page","status-publish","has-post-thumbnail","hentry"],"_links":{"self":[{"href":"https:\/\/www.shuliy.com\/it\/wp-json\/wp\/v2\/pages\/5022","targetHints":{"allow":["GET"]}}],"collection":[{"href":"https:\/\/www.shuliy.com\/it\/wp-json\/wp\/v2\/pages"}],"about":[{"href":"https:\/\/www.shuliy.com\/it\/wp-json\/wp\/v2\/types\/page"}],"author":[{"embeddable":true,"href":"https:\/\/www.shuliy.com\/it\/wp-json\/wp\/v2\/users\/1"}],"replies":[{"embeddable":true,"href":"https:\/\/www.shuliy.com\/it\/wp-json\/wp\/v2\/comments?post=5022"}],"version-history":[{"count":0,"href":"https:\/\/www.shuliy.com\/it\/wp-json\/wp\/v2\/pages\/5022\/revisions"}],"wp:featuredmedia":[{"embeddable":true,"href":"https:\/\/www.shuliy.com\/it\/wp-json\/wp\/v2\/media\/5065"}],"wp:attachment":[{"href":"https:\/\/www.shuliy.com\/it\/wp-json\/wp\/v2\/media?parent=5022"}],"curies":[{"name":"wp","href":"https:\/\/api.w.org\/{rel}","templated":true}]}}