{"id":5040,"date":"2023-02-20T17:53:51","date_gmt":"2023-02-20T09:53:51","guid":{"rendered":"https:\/\/www.shuliy.com\/?page_id=5040"},"modified":"2023-02-28T14:15:43","modified_gmt":"2023-02-28T06:15:43","slug":"distributors","status":"publish","type":"page","link":"https:\/\/www.shuliy.com\/it\/distributors\/","title":{"rendered":"Distributori"},"content":{"rendered":"<h2 class=\"wp-block-heading\">Diventa distributore di Shuliy<\/h2>    <p>Shuliy si occupa di commercio estero da pi\u00f9 di dieci anni ed \u00e8 conosciuta sia a livello nazionale che internazionale da molti anni, poich\u00e9 le attrezzature vengono vendute in molti paesi. La alta qualit\u00e0 delle nostre attrezzature, il prezzo giusto e l'eccellente servizio post-vendita hanno attirato molti clienti che desiderano diventare nostri distributori. I nostri distributori sono principalmente situati in Sud-Est asiatico, Africa, Asia meridionale, America Latina e altre regioni.<\/p>    <h2 class=\"wp-block-heading\">Due esempi di diventare distributori di Shuliy<\/h2>    <h3 class=\"wp-block-heading\">Distributore di mietitrebbiatrici di riso e grano<\/h3>    <p>Questo cliente \u00e8 dalla Nigeria e si occupa di vendere macchinari agricoli. Dopo molti anni di esperienza e competenza, il cliente desiderava diventare un distributore locale per contribuire allo sviluppo dell'economia locale e cambiare lo sviluppo agricolo locale. Poich\u00e9 abbiamo molti clienti per i nostri macchinari agricoli in Africa, il cliente si \u00e8 rivolto a noi con l'aspettativa di collaborazione. Dopo aver comunicato, il cliente ha deciso di vendere la linea con il prodotto principale di mietitrebbiatrici di riso e grano.<\/p>    <figure class=\"wp-block-image size-full\"><img loading=\"lazy\" decoding=\"async\" width=\"720\" height=\"540\" src=\"https:\/\/www.shuliy.com\/wp-content\/uploads\/2023\/02\/Distributor-of-rice-and-wheat-threshing-machines-.webp\" alt=\"Distributore di mietitrebbiatrici di riso e grano\" class=\"wp-image-5217\" title=\"Distributore di mietitrebbiatrici di riso e grano\"\/><figcaption class=\"wp-element-caption\">Distributore di mietitrebbiatrici di riso e grano<\/figcaption><\/figure>    <h3 class=\"wp-block-heading\">Distributore di trituratori di legno <\/h3>    <p>Il cliente proveniva dall'Arabia Saudita e ha deciso di contattarci dopo aver confrontato vari produttori di trituratori di legno. Dopo aver comunicato, il cliente ha voluto visitare lo stabilimento in anticipo. Dopo la visita, il cliente ha deciso di acquistare un lotto di trituratori di legno e di diventare nostro distributore.<\/p>    <figure class=\"wp-block-image size-full\"><img loading=\"lazy\" decoding=\"async\" width=\"720\" height=\"540\" src=\"https:\/\/www.shuliy.com\/wp-content\/uploads\/2023\/02\/wood-crushers-distributor-.webp\" alt=\"Distributore di trituratori di legno\" class=\"wp-image-5218\" title=\"Distributore di trituratori di legno\"\/><figcaption class=\"wp-element-caption\">Distributore di trituratori di legno<\/figcaption><\/figure>    <h2 class=\"wp-block-heading\">Perch\u00e9 il cliente ha scelto di diventare nostro distributore?<\/h2>    <ol class=\"wp-block-list\"> <li>Il prezzo della macchina era giusto. Supporteremo l'attivit\u00e0 del cliente offrendo il prezzo giusto, che beneficer\u00e0 anche le vendite del cliente.<\/li>    <li>Forniremo supporto tecnico ai nostri distributori. Se \u00e8 necessario installare e mettere in funzione la macchina, invieremo i nostri tecnici all'estero.<\/li>    <li>Macchine di alta qualit\u00e0. Con macchine di alta qualit\u00e0, meno manutenzione e meno assistenza post-vendita, il cliente pu\u00f2 ottenere pi\u00f9 clienti. Allo stesso tempo, il lavoro \u00e8 relativamente facile.<\/li>    <li>Vari certificati che soddisfano i requisiti.<\/li> <\/ol>","protected":false},"excerpt":{"rendered":"<p>Become Shuliy&#8217;s distributors Shuliy has been engaged in foreign trade for more than ten years and has been known both at home and abroad for many years as the equipment is sold to many countries. The high quality of our equipment, the right price, and the excellent after-sales service have attracted many customers who want [&hellip;]<\/p>\n","protected":false},"author":1,"featured_media":0,"parent":0,"menu_order":0,"comment_status":"closed","ping_status":"closed","template":"post-templates\/page-right-content.php","meta":{"footnotes":""},"class_list":["post-5040","page","type-page","status-publish","hentry"],"_links":{"self":[{"href":"https:\/\/www.shuliy.com\/it\/wp-json\/wp\/v2\/pages\/5040","targetHints":{"allow":["GET"]}}],"collection":[{"href":"https:\/\/www.shuliy.com\/it\/wp-json\/wp\/v2\/pages"}],"about":[{"href":"https:\/\/www.shuliy.com\/it\/wp-json\/wp\/v2\/types\/page"}],"author":[{"embeddable":true,"href":"https:\/\/www.shuliy.com\/it\/wp-json\/wp\/v2\/users\/1"}],"replies":[{"embeddable":true,"href":"https:\/\/www.shuliy.com\/it\/wp-json\/wp\/v2\/comments?post=5040"}],"version-history":[{"count":0,"href":"https:\/\/www.shuliy.com\/it\/wp-json\/wp\/v2\/pages\/5040\/revisions"}],"wp:attachment":[{"href":"https:\/\/www.shuliy.com\/it\/wp-json\/wp\/v2\/media?parent=5040"}],"curies":[{"name":"wp","href":"https:\/\/api.w.org\/{rel}","templated":true}]}}