{"id":1600,"date":"2020-12-22T02:34:01","date_gmt":"2020-12-21T18:34:01","guid":{"rendered":"http:\/\/sw-themes.com\/porto_dummy\/?page_id=1600"},"modified":"2025-12-05T11:42:28","modified_gmt":"2025-12-05T03:42:28","slug":"contact-us","status":"publish","type":"page","link":"https:\/\/www.shuliy.com\/pt\/contact-us\/","title":{"rendered":"Fale Conosco"},"content":{"rendered":"<h2 class=\"wp-block-heading\">Informa\u00e7\u00f5es de Contato<\/h2>    <p>O Grupo Shuliy foi estabelecido em 2011, uma grande empresa de fabrica\u00e7\u00e3o e exporta\u00e7\u00e3o de equipamentos. Atualmente, o Grupo Shuliy possui tr\u00eas sub-marcas: Shuliy machinery, Taizy machinery e Wood machinery, que respectivamente s\u00e3o respons\u00e1veis por equipamentos de recupera\u00e7\u00e3o de recursos, equipamentos de processamento de alimentos e equipamentos de processamento de madeira.<\/p>    <p>No momento, os equipamentos Shuliy t\u00eam sido amplamente elogiados nos mercados dom\u00e9stico e internacional. Nos \u00faltimos 10 anos, milhares de m\u00e1quinas de alta qualidade e projetos de processamento completos t\u00eam atendido clientes em mais de 150 pa\u00edses e regi\u00f5es ao redor do mundo.<\/p>    <h3 class=\"wp-block-heading\">Endere\u00e7o<\/h3>    <p>East Hanghai Road, \u00c1rea de Desenvolvimento Econ\u00f4mico e Tecnol\u00f3gico, Zhengzhou, China<\/p>    <h3 class=\"wp-block-heading\">WhatsApp\/Telefone<\/h3>    <p>+86 15838192276<\/p>    <h3 class=\"wp-block-heading\">Endere\u00e7o de E-mail<\/h3>    <p>info@bestshuliy.com<\/p>","protected":false},"excerpt":{"rendered":"<p>Contact Info Shuliy Group was established in 2011, which is a large equipment manufacturing and exporting enterprise. Shuliy Group currently has three sub-brands: Shuliy machinery, Taizy machinery, and Wood machinery, which respectively are in charge of resource recovery equipment, food processing equipment, and wood processing equipment. At present, Shuliy equipment has been widely acclaimed in [&hellip;]<\/p>\n","protected":false},"author":1,"featured_media":0,"parent":0,"menu_order":0,"comment_status":"closed","ping_status":"closed","template":"post-templates\/page-right-content.php","meta":{"footnotes":""},"class_list":["post-1600","page","type-page","status-publish","hentry"],"_links":{"self":[{"href":"https:\/\/www.shuliy.com\/pt\/wp-json\/wp\/v2\/pages\/1600","targetHints":{"allow":["GET"]}}],"collection":[{"href":"https:\/\/www.shuliy.com\/pt\/wp-json\/wp\/v2\/pages"}],"about":[{"href":"https:\/\/www.shuliy.com\/pt\/wp-json\/wp\/v2\/types\/page"}],"author":[{"embeddable":true,"href":"https:\/\/www.shuliy.com\/pt\/wp-json\/wp\/v2\/users\/1"}],"replies":[{"embeddable":true,"href":"https:\/\/www.shuliy.com\/pt\/wp-json\/wp\/v2\/comments?post=1600"}],"version-history":[{"count":0,"href":"https:\/\/www.shuliy.com\/pt\/wp-json\/wp\/v2\/pages\/1600\/revisions"}],"wp:attachment":[{"href":"https:\/\/www.shuliy.com\/pt\/wp-json\/wp\/v2\/media?parent=1600"}],"curies":[{"name":"wp","href":"https:\/\/api.w.org\/{rel}","templated":true}]}}