{"id":4885,"date":"2023-01-07T14:46:00","date_gmt":"2023-01-07T06:46:00","guid":{"rendered":"https:\/\/www.shuliy.com\/?page_id=4885"},"modified":"2023-02-21T17:23:12","modified_gmt":"2023-02-21T09:23:12","slug":"about-us","status":"publish","type":"page","link":"https:\/\/www.shuliy.com\/pt\/about-us\/","title":{"rendered":"Sobre a Shuliy"},"content":{"rendered":"<h2 class=\"wp-block-heading\">Quem somos n\u00f3s?<\/h2>    <div class=\"wp-block-media-text alignwide is-stacked-on-mobile\"><figure class=\"wp-block-media-text__media\"><img loading=\"lazy\" decoding=\"async\" width=\"720\" height=\"540\" src=\"https:\/\/www.shuliy.com\/wp-content\/uploads\/2023\/01\/Shuliy-factory-.webp\" alt=\"\" class=\"wp-image-4943 size-full\"\/><\/figure><div class=\"wp-block-media-text__content\"> <p class=\"translation-block\">A M\u00e1quinas Shuliy Co., Ltd. \u00e9 uma renomada empresa de pesquisa, desenvolvimento e fabrica\u00e7\u00e3o de m\u00e1quinas. Nossas m\u00e1quinas s\u00e3o usadas em diversas \u00e1reas, principalmente em <strong><em>equipamentos de reciclagem de recursos, equipamentos agr\u00edcolas, equipamentos de processamento de alimentos e m\u00e1quinas de embalagem<\/em><\/strong>. Oferecemos m\u00e1quinas individuais assim como solu\u00e7\u00f5es profissionais de m\u00e1quinas para nossos clientes.<\/p> <\/div><\/div>    <div class=\"wp-block-media-text alignwide has-media-on-the-right is-stacked-on-mobile\"><div class=\"wp-block-media-text__content\"> <p class=\"translation-block\">Fabricamos m\u00e1quinas para cada \u00e1rea com cuidado. Al\u00e9m de m\u00e1quinas individuais, tamb\u00e9m oferecemos linhas de produ\u00e7\u00e3o de grande porte. Por exemplo, <strong><em>linha de produ\u00e7\u00e3o de carv\u00e3o, linha de reciclagem de garrafas pl\u00e1sticas, linha de produ\u00e7\u00e3o de farinha de peixe, linha de bandejas de ovos, linha de produ\u00e7\u00e3o de batatas fritas,<\/em><\/strong> etc. Tamb\u00e9m fornecemos servi\u00e7os relacionados a desenhos de plantas, desenhos 3D de linhas de produ\u00e7\u00e3o e engenheiros que v\u00e3o ao exterior para instalar equipamentos.<\/p> <\/div><figure class=\"wp-block-media-text__media\"><img loading=\"lazy\" decoding=\"async\" width=\"720\" height=\"540\" src=\"https:\/\/www.shuliy.com\/wp-content\/uploads\/2023\/01\/Shuliy-machine-solutions-.webp\" alt=\"\" class=\"wp-image-4952 size-full\"\/><\/figure><\/div>    <h2 class=\"wp-block-heading\">Cultura Shuliy<\/h2>    <div class=\"wp-block-media-text alignwide is-stacked-on-mobile\"><figure class=\"wp-block-media-text__media\"><img loading=\"lazy\" decoding=\"async\" width=\"720\" height=\"540\" src=\"https:\/\/www.shuliy.com\/wp-content\/uploads\/2023\/01\/Shuliy-culture-.webp\" alt=\"\" class=\"wp-image-4955 size-full\"\/><\/figure><div class=\"wp-block-media-text__content\"> <p>Miss\u00e3o da M\u00e1quinas Shuliy: Deixar as m\u00e1quinas chinesas mudarem cada canto do mundo.<\/p>    <p>Vis\u00e3o da M\u00e1quinas Shuliy: Aumentar o valor do cliente e proporcionar crescimento para os funcion\u00e1rios!<\/p>    <p>Valores da equipe Shuliy: integridade, gratid\u00e3o, altru\u00edsmo, energia positiva, abra\u00e7ar a mudan\u00e7a e esp\u00edrito de equipe.<\/p>    <p>Desde sua funda\u00e7\u00e3o, a Shuliy sempre teve como objetivo oferecer maior conveni\u00eancia aos nossos clientes com equipamentos de qualidade. Estamos constantemente inovando e desenvolvendo em \u00e1reas relacionadas. Al\u00e9m de fornecer m\u00e1quinas de alta qualidade, focamos em oferecer servi\u00e7os abrangentes aos nossos clientes. <\/p>    <p>Esses servi\u00e7os incluem fornecer informa\u00e7\u00f5es sobre m\u00e1quinas, personalizar m\u00e1quinas, m\u00faltiplos m\u00e9todos de pagamento, instala\u00e7\u00e3o e comissionamento de m\u00e1quinas, embalagem e envio. E nosso servi\u00e7o p\u00f3s-venda, todos os clientes que trabalharam conosco est\u00e3o muito satisfeitos com nosso atendimento.<\/p> <\/div><\/div>    <h2 class=\"wp-block-heading\">Qualifica\u00e7\u00f5es e Honrarias<\/h2>    <p>A M\u00e1quinas Shuliy recebeu muitas honras por seus produtos de alta qualidade, excelente servi\u00e7o e o apoio de muitos clientes. Nossa empresa possui certificado ISO 9001 e a maioria dos produtos possui certificado CE. Tamb\u00e9m podemos obter PVOC, SONCAP, SABER e C\/O Preferencial para ajudar os clientes a facilitar a libera\u00e7\u00e3o de importa\u00e7\u00e3o. Continuaremos a trabalhar ainda mais na \u00e1rea dessas m\u00e1quinas para oferecer equipamentos de melhor qualidade aos nossos clientes!<\/p>    <figure class=\"wp-block-gallery has-nested-images columns-default is-cropped wp-block-gallery-2 is-layout-flex wp-block-gallery-is-layout-flex\"> <figure class=\"wp-block-image size-large\"><img loading=\"lazy\" decoding=\"async\" width=\"720\" height=\"540\" data-id=\"4959\" src=\"https:\/\/www.shuliy.com\/wp-content\/uploads\/2023\/01\/Shuliy-qualifications-.webp\" alt=\"\" class=\"wp-image-4959\" title=\"Qualifica\u00e7\u00f5es da Shuliy\"\/><figcaption class=\"wp-element-caption\">Qualifica\u00e7\u00f5es da Shuliy<\/figcaption><\/figure>    <figure class=\"wp-block-image size-large\"><img loading=\"lazy\" decoding=\"async\" width=\"720\" height=\"540\" data-id=\"4960\" src=\"https:\/\/www.shuliy.com\/wp-content\/uploads\/2023\/01\/Shuliy-certifications-.jpg\" alt=\"\" class=\"wp-image-4960\" title=\"Certifica\u00e7\u00f5es Shuliy\"\/><figcaption class=\"wp-element-caption\">Certifica\u00e7\u00f5es Shuliy<\/figcaption><\/figure> <\/figure>    <h2 class=\"wp-block-heading\">Clientes globais da Shuliy<\/h2>    <div class=\"wp-block-media-text alignwide is-stacked-on-mobile\"><figure class=\"wp-block-media-text__media\"><img loading=\"lazy\" decoding=\"async\" width=\"720\" height=\"540\" src=\"https:\/\/www.shuliy.com\/wp-content\/uploads\/2023\/01\/Shuliy-global-customers-1-1.webp\" alt=\"\" class=\"wp-image-4966 size-full\"\/><\/figure><div class=\"wp-block-media-text__content\"> <p>Desde o in\u00edcio da exporta\u00e7\u00e3o, nossos equipamentos t\u00eam sido bem-vindos por muitos pa\u00edses. Por exemplo, EUA, R\u00fassia, Argentina, Eti\u00f3pia, Ar\u00e1bia Saudita, Congo, Nig\u00e9ria, Indon\u00e9sia, Tun\u00edsia, Brasil, Burundi, Col\u00f4mbia e outros pa\u00edses. Ao mesmo tempo, devido \u00e0 excelente qualidade e efeito de trabalho de nossas m\u00e1quinas, mantemos coopera\u00e7\u00e3o de longo prazo com muitos clientes.<\/p> <\/div><\/div>    <h2 class=\"wp-block-heading\">Favorito do cliente \u2013 nossa maior motiva\u00e7\u00e3o<\/h2>    <p>Temos clientes de todo o mundo. Os clientes dizem que as m\u00e1quinas que recebem funcionam t\u00e3o bem que continuar\u00e3o a trabalhar conosco! Se voc\u00ea tiver alguma d\u00favida, entre em contato conosco. Entraremos em contato o mais r\u00e1pido poss\u00edvel!<\/p>    <figure class=\"wp-block-image size-full is-resized\"><img loading=\"lazy\" decoding=\"async\" src=\"https:\/\/www.shuliy.com\/wp-content\/uploads\/2023\/01\/customers-feedback-1-2.webp\" alt=\"\" class=\"wp-image-4973\" width=\"720\" height=\"540\"\/><\/figure>","protected":false},"excerpt":{"rendered":"<p>trecho sobre (p\u00f3s-atribui\u00e7\u00e3o)<\/p>","protected":false},"author":1,"featured_media":4891,"parent":0,"menu_order":0,"comment_status":"closed","ping_status":"closed","template":"post-templates\/page-right-content.php","meta":{"footnotes":""},"class_list":["post-4885","page","type-page","status-publish","has-post-thumbnail","hentry"],"_links":{"self":[{"href":"https:\/\/www.shuliy.com\/pt\/wp-json\/wp\/v2\/pages\/4885","targetHints":{"allow":["GET"]}}],"collection":[{"href":"https:\/\/www.shuliy.com\/pt\/wp-json\/wp\/v2\/pages"}],"about":[{"href":"https:\/\/www.shuliy.com\/pt\/wp-json\/wp\/v2\/types\/page"}],"author":[{"embeddable":true,"href":"https:\/\/www.shuliy.com\/pt\/wp-json\/wp\/v2\/users\/1"}],"replies":[{"embeddable":true,"href":"https:\/\/www.shuliy.com\/pt\/wp-json\/wp\/v2\/comments?post=4885"}],"version-history":[{"count":0,"href":"https:\/\/www.shuliy.com\/pt\/wp-json\/wp\/v2\/pages\/4885\/revisions"}],"wp:featuredmedia":[{"embeddable":true,"href":"https:\/\/www.shuliy.com\/pt\/wp-json\/wp\/v2\/media\/4891"}],"wp:attachment":[{"href":"https:\/\/www.shuliy.com\/pt\/wp-json\/wp\/v2\/media?parent=4885"}],"curies":[{"name":"wp","href":"https:\/\/api.w.org\/{rel}","templated":true}]}}