{"id":4980,"date":"2023-02-16T14:11:05","date_gmt":"2023-02-16T06:11:05","guid":{"rendered":"https:\/\/www.shuliy.com\/?page_id=4980"},"modified":"2023-03-15T11:38:21","modified_gmt":"2023-03-15T03:38:21","slug":"company-culture","status":"publish","type":"page","link":"https:\/\/www.shuliy.com\/pt\/company-culture\/","title":{"rendered":"Cultura da empresa"},"content":{"rendered":"<h2 class=\"wp-block-heading\">Cultura da Shuliy Machinery<\/h2>    <p>Desde sua funda\u00e7\u00e3o, a Shuliy tem se dedicado \u00e0 pesquisa, inova\u00e7\u00e3o e desenvolvimento de seus pr\u00f3prios produtos de maquinaria. Nosso objetivo \u00e9 sempre fornecer equipamentos de qualidade aos nossos clientes para trazer maior conveni\u00eancia. <\/p>    <p>Al\u00e9m de fazer um bom trabalho com nossos produtos de maquinaria, tamb\u00e9m damos muita aten\u00e7\u00e3o \u00e0 nossa cultura de servi\u00e7o. Com\u00e9rcio exterior, al\u00e9m de produtos, \u00e9 tudo sobre servi\u00e7o de qualidade. Portanto, fornecer um servi\u00e7o completo \u00e9 nossa marca registrada, e queremos fazer nossos clientes se sentirem \u00e0 vontade e relaxados com suas compras de m\u00e1quinas.<\/p>    <ol class=\"wp-block-list\"> <li><strong>Miss\u00e3o corporativa:<\/strong> Deixe as m\u00e1quinas chinesas mudarem cada canto do mundo. Esperamos que nossas m\u00e1quinas e equipamentos possam ajudar nossos clientes em todo o mundo. Queremos trazer conveni\u00eancia aos nossos clientes e, ao mesmo tempo, ajudar a desenvolver a economia do usu\u00e1rio ou local.<\/li>    <li><strong>Vis\u00e3o Corporativa:<\/strong> Para aumentar o valor para nossos clientes e proporcionar crescimento para nossos funcion\u00e1rios! Nossa empresa est\u00e1 ajudando nossos clientes a obter mais valor e, ao mesmo tempo, ajudando nossos funcion\u00e1rios a se desenvolverem e crescerem.<\/li>    <li><strong>Valores das pessoas da Shuliy: <\/strong>integridade, gratid\u00e3o, altru\u00edsmo, energia positiva, abra\u00e7ar a mudan\u00e7a e esp\u00edrito de equipe. Nossos valores positivos e otimistas nos d\u00e3o uma grande energia e tornam nossos passos cada vez mais determinados!<\/li> <\/ol>    <figure class=\"wp-block-image size-full\"><img loading=\"lazy\" decoding=\"async\" width=\"720\" height=\"540\" src=\"https:\/\/www.shuliy.com\/wp-content\/uploads\/2023\/02\/customers-visit-.webp\" alt=\"visita do cliente\" class=\"wp-image-5146\" title=\"visita do cliente\"\/><figcaption class=\"wp-element-caption\">visita do cliente<\/figcaption><\/figure>    <p>A cultura empresarial acima mencionada nos guia a seguir em frente. Como um grupo composto por muitos funcion\u00e1rios, tamb\u00e9m focamos no desenvolvimento de funcion\u00e1rios individuais: <\/p>    <ol class=\"wp-block-list\"> <li>Nos preocupamos com nossa equipe, treinando-os em habilidades e conhecimentos relevantes, e fornecendo canais de promo\u00e7\u00e3o para o planejamento de carreira. Tamb\u00e9m valorizamos recompensar l\u00edderes que se preocupam com seus subordinados e lideram suas equipes com cuidado.<\/li>    <li>Focamos nos valores de nossos funcion\u00e1rios. Pessoas que t\u00eam valores comuns e s\u00e3o respons\u00e1veis pelo reconhecimento da empresa podem construir produtos melhores e fornecer servi\u00e7os de qualidade. Ao mesmo tempo, tamb\u00e9m ter\u00e3o um grande crescimento.<\/li>    <li>Recompensamos pessoas que s\u00e3o corajosas, respons\u00e1veis, comprometidas com seu trabalho, aprendizes fortes e que possuem um alto n\u00edvel de compreens\u00e3o.<\/li> <\/ol>    <figure class=\"wp-block-image size-full\"><img loading=\"lazy\" decoding=\"async\" width=\"720\" height=\"540\" src=\"https:\/\/www.shuliy.com\/wp-content\/uploads\/2023\/02\/Focus-on-employee-growth-.webp\" alt=\"Foco no crescimento dos funcion\u00e1rios\" class=\"wp-image-5145\" title=\"Foco no crescimento dos funcion\u00e1rios\"\/><figcaption class=\"wp-element-caption\">Foco no crescimento dos funcion\u00e1rios<\/figcaption><\/figure>","protected":false},"excerpt":{"rendered":"<p>Shuliy Machinery culture Since its establishment, Shuliy has been committed to research, innovation, and the development of its own machinery products. We always aim to provide our customers with quality equipment to bring greater convenience to our customers. In addition to doing a good job with our machinery products, we also pay great attention to [&hellip;]<\/p>\n","protected":false},"author":1,"featured_media":5147,"parent":0,"menu_order":0,"comment_status":"closed","ping_status":"closed","template":"post-templates\/page-right-content.php","meta":{"footnotes":""},"class_list":["post-4980","page","type-page","status-publish","has-post-thumbnail","hentry"],"_links":{"self":[{"href":"https:\/\/www.shuliy.com\/pt\/wp-json\/wp\/v2\/pages\/4980","targetHints":{"allow":["GET"]}}],"collection":[{"href":"https:\/\/www.shuliy.com\/pt\/wp-json\/wp\/v2\/pages"}],"about":[{"href":"https:\/\/www.shuliy.com\/pt\/wp-json\/wp\/v2\/types\/page"}],"author":[{"embeddable":true,"href":"https:\/\/www.shuliy.com\/pt\/wp-json\/wp\/v2\/users\/1"}],"replies":[{"embeddable":true,"href":"https:\/\/www.shuliy.com\/pt\/wp-json\/wp\/v2\/comments?post=4980"}],"version-history":[{"count":0,"href":"https:\/\/www.shuliy.com\/pt\/wp-json\/wp\/v2\/pages\/4980\/revisions"}],"wp:featuredmedia":[{"embeddable":true,"href":"https:\/\/www.shuliy.com\/pt\/wp-json\/wp\/v2\/media\/5147"}],"wp:attachment":[{"href":"https:\/\/www.shuliy.com\/pt\/wp-json\/wp\/v2\/media?parent=4980"}],"curies":[{"name":"wp","href":"https:\/\/api.w.org\/{rel}","templated":true}]}}