{"id":4982,"date":"2023-02-16T14:16:03","date_gmt":"2023-02-16T06:16:03","guid":{"rendered":"https:\/\/www.shuliy.com\/?page_id=4982"},"modified":"2023-02-27T14:42:37","modified_gmt":"2023-02-27T06:42:37","slug":"global-customer","status":"publish","type":"page","link":"https:\/\/www.shuliy.com\/pt\/global-customer\/","title":{"rendered":"Cliente Global"},"content":{"rendered":"<h2 class=\"wp-block-heading\">Cliente global da Shuliy Machinery<\/h2>    <p>Desde a funda\u00e7\u00e3o da Shuliy Machinery, temos exportado. Nossas m\u00e1quinas foram vendidas para a Am\u00e9rica do Norte, Am\u00e9rica do Sul, Sudeste Asi\u00e1tico, \u00c1frica, Sudeste Asi\u00e1tico e muitas outras regi\u00f5es. Ao longo dos anos, acumulamos uma riqueza de experi\u00eancia em exporta\u00e7\u00e3o. Portanto, podemos ajudar nossos clientes a resolver os problemas de pagamento, documenta\u00e7\u00e3o e log\u00edstica facilmente. Tamb\u00e9m temos um excelente sistema de servi\u00e7o, por exemplo, instala\u00e7\u00e3o e comissionamento de m\u00e1quinas no exterior, um ano de servi\u00e7o p\u00f3s-venda, servi\u00e7o de consultoria online gratuito por toda a vida, etc.<\/p>    <div class=\"wp-block-media-text alignwide is-stacked-on-mobile\"><figure class=\"wp-block-media-text__media\"><img loading=\"lazy\" decoding=\"async\" width=\"720\" height=\"540\" src=\"https:\/\/www.shuliy.com\/wp-content\/uploads\/2023\/02\/send-the-machines-to-customers-.webp\" alt=\"enviar as m\u00e1quinas para os clientes\" class=\"wp-image-5168 size-full\"\/><\/figure><div class=\"wp-block-media-text__content\"> <p>At\u00e9 agora, os pa\u00edses espec\u00edficos para os quais exportamos s\u00e3o os EUA, R\u00fassia, Argentina, Eti\u00f3pia, Congo, Nig\u00e9ria, Gana, Mal\u00e1sia, Cingapura, Austr\u00e1lia, Lesoto, Zimb\u00e1bue, Indon\u00e9sia, Tun\u00edsia, Brasil, Burundi, Col\u00f4mbia, etc. Devido \u00e0 excelente qualidade das m\u00e1quinas e aos resultados de trabalho, muitos de nossos clientes mantiveram um relacionamento de longo prazo conosco.<\/p> <\/div><\/div>    <h2 class=\"wp-block-heading\">Clientes atendidos<\/h2>    <p>Oferecemos a m\u00e1quina e o equipamento certos para qualquer cliente que precise. Al\u00e9m de fornecer produtos para clientes finais, tamb\u00e9m trabalhamos com atacadistas e distribuidores para oferecer pre\u00e7os competitivos. Tamb\u00e9m temos ampla experi\u00eancia em licita\u00e7\u00f5es de ONGs, FAO e governo. <\/p>    <figure class=\"wp-block-image size-full\"><img loading=\"lazy\" decoding=\"async\" width=\"720\" height=\"540\" src=\"https:\/\/www.shuliy.com\/wp-content\/uploads\/2023\/02\/help-customer-to-solve-the-problem-.webp\" alt=\"ajudar o cliente a resolver o problema\" class=\"wp-image-5165\" title=\"ajudar o cliente a resolver o problema\"\/><figcaption class=\"wp-element-caption\">ajudar o cliente a resolver o problema<\/figcaption><\/figure>    <h2 class=\"wp-block-heading\">Feedback positivo de nossos clientes<\/h2>    <p>Os excelentes resultados de trabalho e a qualidade de nossas m\u00e1quinas nos renderam o apoio de muitos clientes. Nossos novos e antigos clientes expressaram sua disposi\u00e7\u00e3o de continuar trabalhando conosco. A seguir est\u00e3o fotos de feedback de nossos clientes.<\/p>    <figure class=\"wp-block-image size-full\"><img loading=\"lazy\" decoding=\"async\" width=\"720\" height=\"540\" src=\"https:\/\/www.shuliy.com\/wp-content\/uploads\/2023\/02\/feedback-from-our-customers-.webp\" alt=\"feedback de nossos clientes\" class=\"wp-image-5164\" title=\"feedback de nossos clientes\"\/><figcaption class=\"wp-element-caption\">feedback de nossos clientes<\/figcaption><\/figure>    <h2 class=\"wp-block-heading\">Foto do cliente<\/h2>    <p>Recebemos muito bem os clientes que nos visitam a qualquer momento. Os clientes v\u00eam a Zhengzhou para visitar nossa empresa.<\/p>    <figure class=\"wp-block-image size-full\"><img loading=\"lazy\" decoding=\"async\" width=\"720\" height=\"540\" src=\"https:\/\/www.shuliy.com\/wp-content\/uploads\/2023\/02\/Shuliy-customer-.webp\" alt=\"Cliente da Shuliy\" class=\"wp-image-5163\" title=\"Cliente da Shuliy\"\/><figcaption class=\"wp-element-caption\">Cliente da Shuliy<\/figcaption><\/figure>    <h2 class=\"wp-block-heading\">Clientes visitando nossa f\u00e1brica<\/h2>    <p>Os clientes podem visitar nossa f\u00e1brica sempre que precisarem. V\u00eddeos online tamb\u00e9m est\u00e3o dispon\u00edveis para dar aos clientes uma vis\u00e3o da f\u00e1brica.<\/p>    <figure class=\"wp-block-image size-full\"><img loading=\"lazy\" decoding=\"async\" width=\"720\" height=\"540\" src=\"https:\/\/www.shuliy.com\/wp-content\/uploads\/2023\/02\/Shuliy-factory.webp\" alt=\"F\u00e1brica Shuliy\" class=\"wp-image-5162\" title=\"F\u00e1brica Shuliy\"\/><figcaption class=\"wp-element-caption\">F\u00e1brica Shuliy<\/figcaption><\/figure>    <h2 class=\"wp-block-heading\">Exposi\u00e7\u00f5es que a Shuliy participa<\/h2>    <p>Participamos de exposi\u00e7\u00f5es em v\u00e1rias cidades para que mais clientes conhe\u00e7am sobre n\u00f3s.<\/p>    <figure class=\"wp-block-image size-full\"><img loading=\"lazy\" decoding=\"async\" width=\"720\" height=\"540\" src=\"https:\/\/www.shuliy.com\/wp-content\/uploads\/2023\/02\/Exhibitions-.webp\" alt=\"Exposi\u00e7\u00f5es\" class=\"wp-image-5161\" title=\"Exposi\u00e7\u00f5es\"\/><figcaption class=\"wp-element-caption\">Exposi\u00e7\u00f5es<\/figcaption><\/figure>","protected":false},"excerpt":{"rendered":"<p>Shuliy Machinery&#8217;s global customer Since the establishment of Shuliy Machinery, we have been exporting. Our machines have been sold to North America, South America, South East Asia, Africa, South East Asia, and many other regions. Over the years, we have accumulated a wealth of experience in exporting. Therefore, we can help our customers to solve [&hellip;]<\/p>\n","protected":false},"author":1,"featured_media":5171,"parent":0,"menu_order":0,"comment_status":"closed","ping_status":"closed","template":"post-templates\/page-right-content.php","meta":{"footnotes":""},"class_list":["post-4982","page","type-page","status-publish","has-post-thumbnail","hentry"],"_links":{"self":[{"href":"https:\/\/www.shuliy.com\/pt\/wp-json\/wp\/v2\/pages\/4982","targetHints":{"allow":["GET"]}}],"collection":[{"href":"https:\/\/www.shuliy.com\/pt\/wp-json\/wp\/v2\/pages"}],"about":[{"href":"https:\/\/www.shuliy.com\/pt\/wp-json\/wp\/v2\/types\/page"}],"author":[{"embeddable":true,"href":"https:\/\/www.shuliy.com\/pt\/wp-json\/wp\/v2\/users\/1"}],"replies":[{"embeddable":true,"href":"https:\/\/www.shuliy.com\/pt\/wp-json\/wp\/v2\/comments?post=4982"}],"version-history":[{"count":0,"href":"https:\/\/www.shuliy.com\/pt\/wp-json\/wp\/v2\/pages\/4982\/revisions"}],"wp:featuredmedia":[{"embeddable":true,"href":"https:\/\/www.shuliy.com\/pt\/wp-json\/wp\/v2\/media\/5171"}],"wp:attachment":[{"href":"https:\/\/www.shuliy.com\/pt\/wp-json\/wp\/v2\/media?parent=4982"}],"curies":[{"name":"wp","href":"https:\/\/api.w.org\/{rel}","templated":true}]}}