{"id":4993,"date":"2023-02-16T17:11:40","date_gmt":"2023-02-16T09:11:40","guid":{"rendered":"https:\/\/www.shuliy.com\/?page_id=4993"},"modified":"2023-02-28T14:23:44","modified_gmt":"2023-02-28T06:23:44","slug":"customized-services","status":"publish","type":"page","link":"https:\/\/www.shuliy.com\/pt\/customized-services\/","title":{"rendered":"Servi\u00e7os Personalizados"},"content":{"rendered":"<h2 class=\"wp-block-heading\">Servi\u00e7os personalizados da Shuliy<\/h2>    <div class=\"wp-block-media-text alignwide is-stacked-on-mobile\"><figure class=\"wp-block-media-text__media\"><img loading=\"lazy\" decoding=\"async\" width=\"720\" height=\"540\" src=\"https:\/\/www.shuliy.com\/wp-content\/uploads\/2023\/02\/Shuliy-global-customers-.webp\" alt=\"\" class=\"wp-image-5226 size-full\"\/><\/figure><div class=\"wp-block-media-text__content\"> <p>Na Shuliy, damos grande import\u00e2ncia \u00e0 capacidade de oferecer m\u00e1quinas e equipamentos que atendam \u00e0s necessidades espec\u00edficas de nossos clientes. A satisfa\u00e7\u00e3o do cliente \u00e9 a maior motiva\u00e7\u00e3o para nossa melhoria cont\u00ednua e desenvolvimento. Portanto, no curso de nosso desenvolvimento cont\u00ednuo, estamos constantemente aprimorando nossos servi\u00e7os personalizados. Contamos com uma equipe t\u00e9cnica excelente, altos padr\u00f5es, equipamentos de primeira linha, um sistema de supervis\u00e3o rigoroso, um sistema log\u00edstico perfeito e uma equipe de p\u00f3s-venda que pode criar solu\u00e7\u00f5es exclusivas de m\u00e1quinas para nossos clientes. <\/p> <\/div><\/div>    <p>Um servi\u00e7o personalizado de qualidade desempenha um papel importante na manuten\u00e7\u00e3o de uma coopera\u00e7\u00e3o de longo prazo com nossos clientes. At\u00e9 o momento, trabalhamos com clientes em v\u00e1rias regi\u00f5es, como Sudeste Asi\u00e1tico, Sul da \u00c1sia, \u00c1frica, Norte da \u00c1sia, Am\u00e9rica do Norte, Am\u00e9rica Latina e muitas outras. Quanto \u00e0 personaliza\u00e7\u00e3o, cobrimos as seguintes \u00e1reas principais.<\/p>    <h2 class=\"wp-block-heading\">Personaliza\u00e7\u00e3o de m\u00e1quinas individuais<\/h2>    <p>Nossa linha de m\u00e1quinas est\u00e1 dispon\u00edvel em uma ampla variedade de m\u00e1quinas individuais. A mesma m\u00e1quina varia em tamanho dependendo da produ\u00e7\u00e3o. Ou elas parecem diferentes devido \u00e0s diferen\u00e7as na fun\u00e7\u00e3o. Para poder atender \u00e0s necessidades de diferentes clientes, produzimos diferentes modelos da mesma m\u00e1quina.<br>Mas, como temos clientes em todo o mundo, os requisitos podem variar ainda mais. Portanto, pedimos aos nossos clientes detalhes sobre suas necessidades espec\u00edficas durante nossa comunica\u00e7\u00e3o com eles. Por exemplo, a cor, fun\u00e7\u00e3o, forma, tamanho, voltagem, hertz, fase, pot\u00eancia, etc. da m\u00e1quina. Assim que todos os requisitos espec\u00edficos forem determinados, construiremos a m\u00e1quina sob medida para atender \u00e0s necessidades do cliente!<\/p>    <figure class=\"wp-block-gallery has-nested-images columns-default is-cropped wp-block-gallery-2 is-layout-flex wp-block-gallery-is-layout-flex\"> <figure class=\"wp-block-image size-large\"><img loading=\"lazy\" decoding=\"async\" width=\"720\" height=\"540\" data-id=\"5179\" src=\"https:\/\/www.shuliy.com\/wp-content\/uploads\/2023\/02\/wood-crushing-machine-with-motor.webp\" alt=\"M\u00e1quina de tritura\u00e7\u00e3o de madeira com motor\" class=\"wp-image-5179\" title=\"M\u00e1quina de tritura\u00e7\u00e3o de madeira com motor\"\/><figcaption class=\"wp-element-caption\">M\u00e1quina de tritura\u00e7\u00e3o de madeira com motor<\/figcaption><\/figure>    <figure class=\"wp-block-image size-large\"><img loading=\"lazy\" decoding=\"async\" width=\"720\" height=\"540\" data-id=\"5180\" src=\"https:\/\/www.shuliy.com\/wp-content\/uploads\/2023\/02\/wood-crusher-with-diesel-engine-.webp\" alt=\"Triturador de madeira com motor a diesel\" class=\"wp-image-5180\" title=\"Triturador de madeira com motor a diesel\"\/><figcaption class=\"wp-element-caption\">Triturador de madeira com motor a diesel<\/figcaption><\/figure>    <figure class=\"wp-block-image size-large\"><img loading=\"lazy\" decoding=\"async\" width=\"720\" height=\"540\" data-id=\"5181\" src=\"https:\/\/www.shuliy.com\/wp-content\/uploads\/2023\/02\/wood-crusher-with-wheel-and-frame-.webp\" alt=\"Triturador de madeira com roda e estrutura\" class=\"wp-image-5181\" title=\"Triturador de madeira com roda e estrutura\"\/><figcaption class=\"wp-element-caption\">Triturador de madeira com roda e estrutura<\/figcaption><\/figure> <\/figure>    <h2 class=\"wp-block-heading\">Servi\u00e7os personalizados para linhas de produ\u00e7\u00e3o <\/h2>    <p>Al\u00e9m de m\u00e1quinas individuais, tamb\u00e9m temos linhas de produ\u00e7\u00e3o que requerem muitas m\u00e1quinas trabalhando juntas, por exemplo, linhas de produ\u00e7\u00e3o de carv\u00e3o, linhas de produ\u00e7\u00e3o de pellets de pl\u00e1stico, linhas de produ\u00e7\u00e3o de paletes de madeira, linhas de produ\u00e7\u00e3o de sab\u00e3o, linhas de batatas fritas, linhas de farinha de peixe, linhas de moinhos de arroz, etc.<\/p>    <figure class=\"wp-block-image size-full\"><img loading=\"lazy\" decoding=\"async\" width=\"720\" height=\"385\" src=\"https:\/\/www.shuliy.com\/wp-content\/uploads\/2023\/02\/plastic-recycling-production-line-.webp\" alt=\"Linha de produ\u00e7\u00e3o de reciclagem de pl\u00e1stico\" class=\"wp-image-5185\" title=\"Linha de produ\u00e7\u00e3o de reciclagem de pl\u00e1stico\"\/><figcaption class=\"wp-element-caption\">Linha de produ\u00e7\u00e3o de reciclagem de pl\u00e1stico<\/figcaption><\/figure>    <p class=\"translation-block\"><strong>Existem muitos outros fatores que os clientes precisam considerar ao comprar uma linha de produ\u00e7\u00e3o, como<\/strong><\/p>    <ol class=\"wp-block-list\"> <li>Como a linha de produ\u00e7\u00e3o adquirida combina com o layout de sua pr\u00f3pria f\u00e1brica?<\/li>    <li>Como a linha adquirida pode ser colocada na sua f\u00e1brica?<\/li>    <li>O tamanho da f\u00e1brica corresponde ao tamanho da linha de produ\u00e7\u00e3o?<\/li>    <li>A combina\u00e7\u00e3o de linhas de produ\u00e7\u00e3o que preciso e a combina\u00e7\u00e3o que temos dispon\u00edvel n\u00e3o s\u00e3o exatamente as mesmas.<\/li>    <li>O cliente precisa de um diagrama claro do layout do equipamento e de um v\u00eddeo do princ\u00edpio de funcionamento do equipamento.<\/li>    <li>A voltagem, pot\u00eancia, hertz e fase do equipamento atendem aos requisitos do seu pa\u00eds?<\/li>    <li>E se voc\u00ea n\u00e3o souber como instalar e colocar a m\u00e1quina em opera\u00e7\u00e3o sozinho?<\/li> <\/ol>    <p>Assim, faremos a linha de produ\u00e7\u00e3o de acordo com as necessidades espec\u00edficas do cliente para criar uma linha de produ\u00e7\u00e3o \u00fanica para ele.<\/p>    <figure class=\"wp-block-image size-full is-resized\"><img loading=\"lazy\" decoding=\"async\" src=\"https:\/\/www.shuliy.com\/wp-content\/uploads\/2023\/02\/CAD-.webp\" alt=\"CAD\" class=\"wp-image-5186\" width=\"706\" height=\"299\" title=\"CAD\"\/><figcaption class=\"wp-element-caption\">CAD<\/figcaption><\/figure>    <p>A Shuliy est\u00e1 no neg\u00f3cio de com\u00e9rcio exterior h\u00e1 mais de 10 anos. Como resultado, acumulamos muita experi\u00eancia com m\u00e1quinas personalizadas. Isso facilitou o uso de nossas m\u00e1quinas por nossos clientes e nos ajudou a acessar uma gama mais ampla de clientes em diferentes regi\u00f5es. Sinta-se \u00e0 vontade para nos contatar para qualquer uma de suas necessidades!<\/p>","protected":false},"excerpt":{"rendered":"<p>Shuliy&#8217;s customized services We at Shuliy attach great importance to being able to offer machines and equipment that meet the specific needs of our customers. Customer satisfaction is the greatest motivation for our continuous improvement and development. Therefore, in the course of our continuous development, we are constantly improving our customized services. We rely on [&hellip;]<\/p>\n","protected":false},"author":1,"featured_media":5032,"parent":0,"menu_order":0,"comment_status":"closed","ping_status":"closed","template":"post-templates\/page-right-content.php","meta":{"footnotes":""},"class_list":["post-4993","page","type-page","status-publish","has-post-thumbnail","hentry"],"_links":{"self":[{"href":"https:\/\/www.shuliy.com\/pt\/wp-json\/wp\/v2\/pages\/4993","targetHints":{"allow":["GET"]}}],"collection":[{"href":"https:\/\/www.shuliy.com\/pt\/wp-json\/wp\/v2\/pages"}],"about":[{"href":"https:\/\/www.shuliy.com\/pt\/wp-json\/wp\/v2\/types\/page"}],"author":[{"embeddable":true,"href":"https:\/\/www.shuliy.com\/pt\/wp-json\/wp\/v2\/users\/1"}],"replies":[{"embeddable":true,"href":"https:\/\/www.shuliy.com\/pt\/wp-json\/wp\/v2\/comments?post=4993"}],"version-history":[{"count":0,"href":"https:\/\/www.shuliy.com\/pt\/wp-json\/wp\/v2\/pages\/4993\/revisions"}],"wp:featuredmedia":[{"embeddable":true,"href":"https:\/\/www.shuliy.com\/pt\/wp-json\/wp\/v2\/media\/5032"}],"wp:attachment":[{"href":"https:\/\/www.shuliy.com\/pt\/wp-json\/wp\/v2\/media?parent=4993"}],"curies":[{"name":"wp","href":"https:\/\/api.w.org\/{rel}","templated":true}]}}