{"id":4997,"date":"2023-02-16T18:20:34","date_gmt":"2023-02-16T10:20:34","guid":{"rendered":"https:\/\/www.shuliy.com\/?page_id=4997"},"modified":"2023-02-28T14:02:21","modified_gmt":"2023-02-28T06:02:21","slug":"technical-support","status":"publish","type":"page","link":"https:\/\/www.shuliy.com\/pt\/technical-support\/","title":{"rendered":"Suporte t\u00e9cnico"},"content":{"rendered":"<h2 class=\"wp-block-heading\">Suporte t\u00e9cnico da Shuliy<\/h2>    <p>A Shuliy \u00e9 uma fabricante de m\u00e1quinas bem estabelecida, com forte suporte t\u00e9cnico, incluindo equipamentos de fabrica\u00e7\u00e3o de alta qualidade, excelente equipe de desenvolvimento t\u00e9cnico e equipe profissional de fabrica\u00e7\u00e3o e vendas. Portanto, podemos ajudar nossos clientes com todos os tipos de problemas mec\u00e2nicos. Podemos fornecer suporte t\u00e9cnico profissional e excelente servi\u00e7o p\u00f3s-venda. Como \u00e9 um neg\u00f3cio de exporta\u00e7\u00e3o, nosso suporte t\u00e9cnico est\u00e1 principalmente nas seguintes duas \u00e1reas.<\/p>    <figure class=\"wp-block-image size-full\"><img loading=\"lazy\" decoding=\"async\" width=\"720\" height=\"380\" src=\"https:\/\/www.shuliy.com\/wp-content\/uploads\/2023\/02\/Briquette-production-line-.webp\" alt=\"Linha de produ\u00e7\u00e3o de briquetes\" class=\"wp-image-5195\" title=\"Linha de produ\u00e7\u00e3o de briquetes\"\/><figcaption class=\"wp-element-caption\">Linha de produ\u00e7\u00e3o de briquetes<\/figcaption><\/figure>    <h2 class=\"wp-block-heading\">Comunica\u00e7\u00e3o online para resolver problemas<\/h2>    <p class=\"translation-block\"><strong>Durante o processo de comunica\u00e7\u00e3o:<\/strong> No m\u00e9todo de comunica\u00e7\u00e3o com o cliente sobre a m\u00e1quina, modificamos a m\u00e1quina personalizada de acordo com as necessidades espec\u00edficas do cliente. Por causa da equipe t\u00e9cnica profissional, podemos atender \u00e0s necessidades de personaliza\u00e7\u00e3o especial da maioria dos clientes.<\/p>    <p class=\"translation-block\"><strong>Suporte t\u00e9cnico p\u00f3s-venda:<\/strong> Alguns clientes encontrar\u00e3o alguns problemas ap\u00f3s receber a m\u00e1quina. Se os problemas forem comuns e f\u00e1ceis de resolver, orientaremos nossos clientes a usar a m\u00e1quina corretamente ou resolver os problemas por meio de v\u00eddeos online. Em geral, esses s\u00e3o problemas relacionados a m\u00e1quinas pequenas.<\/p>    <figure class=\"wp-block-image size-full is-resized\"><img loading=\"lazy\" decoding=\"async\" src=\"https:\/\/www.shuliy.com\/wp-content\/uploads\/2023\/02\/wood-shaving-machine-.webp\" alt=\"\" class=\"wp-image-5191\" width=\"654\" height=\"490\"\/><\/figure>    <h2 class=\"wp-block-heading\">Instala\u00e7\u00e3o e comissionamento fora do local no exterior<\/h2>    <p class=\"translation-block\"><strong>Instala\u00e7\u00e3o de m\u00e1quinas:<\/strong> Alguns clientes compram m\u00e1quinas maiores ou linhas de produ\u00e7\u00e3o. Como essas m\u00e1quinas requerem suporte t\u00e9cnico profissional, o cliente n\u00e3o consegue completar a instala\u00e7\u00e3o. Organizaremos para que o pessoal t\u00e9cnico v\u00e1 ao exterior para instala\u00e7\u00e3o e comissionamento conforme a demanda.<\/p>    <figure class=\"wp-block-image size-full\"><img loading=\"lazy\" decoding=\"async\" width=\"720\" height=\"540\" src=\"https:\/\/www.shuliy.com\/wp-content\/uploads\/2023\/02\/installation-of-the-charcoal-production-line-.webp\" alt=\"instala\u00e7\u00e3o da linha de produ\u00e7\u00e3o de carv\u00e3o vegetal \" class=\"wp-image-5192\" title=\"instala\u00e7\u00e3o da linha de produ\u00e7\u00e3o de carv\u00e3o vegetal \"\/><figcaption class=\"wp-element-caption\">instala\u00e7\u00e3o da linha de produ\u00e7\u00e3o de carv\u00e3o vegetal<\/figcaption><\/figure>    <p class=\"translation-block\"><strong>Manuten\u00e7\u00e3o de m\u00e1quinas:<\/strong> alguns problemas com algumas m\u00e1quinas requerem conhecimento profissional para serem resolvidos. Se o cliente n\u00e3o tiver acesso a ajuda profissional localmente, podemos enviar nossos t\u00e9cnicos ao cliente para manuten\u00e7\u00e3o ou comissionamento.<\/p>    <p>Ap\u00f3s receber o equipamento, os clientes podem nos contatar a qualquer momento se tiverem alguma d\u00favida. Oferecemos suporte de comunica\u00e7\u00e3o online, suporte t\u00e9cnico por v\u00eddeo e instala\u00e7\u00e3o, comissionamento e manuten\u00e7\u00e3o offline.<\/p>","protected":false},"excerpt":{"rendered":"<p>Shuliy&#8217;s technical support Shuliy is a well-established machine manufacturer with strong technical support, including high-quality manufacturing equipment, excellent technical development personnel, and professional manufacturing and sales staff. We are therefore able to help our customers with all kinds of mechanical problems. We can provide professional technical support and excellent after-sales service. As it is an [&hellip;]<\/p>\n","protected":false},"author":1,"featured_media":5063,"parent":0,"menu_order":0,"comment_status":"closed","ping_status":"closed","template":"post-templates\/page-right-content.php","meta":{"footnotes":""},"class_list":["post-4997","page","type-page","status-publish","has-post-thumbnail","hentry"],"_links":{"self":[{"href":"https:\/\/www.shuliy.com\/pt\/wp-json\/wp\/v2\/pages\/4997","targetHints":{"allow":["GET"]}}],"collection":[{"href":"https:\/\/www.shuliy.com\/pt\/wp-json\/wp\/v2\/pages"}],"about":[{"href":"https:\/\/www.shuliy.com\/pt\/wp-json\/wp\/v2\/types\/page"}],"author":[{"embeddable":true,"href":"https:\/\/www.shuliy.com\/pt\/wp-json\/wp\/v2\/users\/1"}],"replies":[{"embeddable":true,"href":"https:\/\/www.shuliy.com\/pt\/wp-json\/wp\/v2\/comments?post=4997"}],"version-history":[{"count":0,"href":"https:\/\/www.shuliy.com\/pt\/wp-json\/wp\/v2\/pages\/4997\/revisions"}],"wp:featuredmedia":[{"embeddable":true,"href":"https:\/\/www.shuliy.com\/pt\/wp-json\/wp\/v2\/media\/5063"}],"wp:attachment":[{"href":"https:\/\/www.shuliy.com\/pt\/wp-json\/wp\/v2\/media?parent=4997"}],"curies":[{"name":"wp","href":"https:\/\/api.w.org\/{rel}","templated":true}]}}