{"id":5008,"date":"2023-02-17T18:00:17","date_gmt":"2023-02-17T10:00:17","guid":{"rendered":"https:\/\/www.shuliy.com\/?page_id=5008"},"modified":"2023-02-28T14:10:45","modified_gmt":"2023-02-28T06:10:45","slug":"shipping-delivery","status":"publish","type":"page","link":"https:\/\/www.shuliy.com\/pt\/shipping-delivery\/","title":{"rendered":"Envios e entregas"},"content":{"rendered":"<h2 class=\"wp-block-heading\">Envio e entrega Shuliy<\/h2>    <p>Shuliy possui um sistema abrangente de servi\u00e7os de transporte. Personalizaremos o processo de envio de acordo com a situa\u00e7\u00e3o espec\u00edfica do cliente. Com base em anos de experi\u00eancia em exporta\u00e7\u00e3o, somos habilidosos em resolver todos os tipos de problemas de envio que nossos clientes possam encontrar. Esta \u00e9 uma das raz\u00f5es pelas quais muitos de nossos clientes mant\u00eam relacionamentos de longo prazo conosco. A seguir, nossos detalhes sobre o envio.<\/p>    <div class=\"wp-block-media-text alignwide is-stacked-on-mobile\"><figure class=\"wp-block-media-text__media\"><img loading=\"lazy\" decoding=\"async\" width=\"720\" height=\"540\" src=\"https:\/\/www.shuliy.com\/wp-content\/uploads\/2023\/02\/Before-shipping-to-confirm-the-machine-1-1.webp\" alt=\"Antes do envio: Antes do envio, comunicamos principalmente com o cliente sobre os detalhes da m\u00e1quina. Personalizaremos a m\u00e1quina sob demanda. Ap\u00f3s a fabrica\u00e7\u00e3o, enviaremos fotos e um v\u00eddeo da m\u00e1quina via v\u00eddeo online. Assim, o cliente pode ver a f\u00e1brica e verificar se h\u00e1 algum problema com a m\u00e1quina. Quando tudo estiver em ordem, passaremos para a pr\u00f3xima etapa de embalagem em caixas de madeira.\" class=\"wp-image-5208 size-full\"\/><\/figure><div class=\"wp-block-media-text__content\"> <p class=\"translation-block\"><strong>Antes do envio:<\/strong> Antes do envio, comunicamos principalmente com o cliente sobre os detalhes da m\u00e1quina. Personalizaremos a m\u00e1quina sob demanda. Ap\u00f3s a fabrica\u00e7\u00e3o, enviaremos fotos e um v\u00eddeo da m\u00e1quina via v\u00eddeo online. Assim, o cliente pode ver a f\u00e1brica e verificar se h\u00e1 algum problema com a m\u00e1quina. Quando tudo estiver em ordem, passaremos para a pr\u00f3xima etapa de embalagem em caixas de madeira.<\/p> <\/div><\/div>    <p class=\"translation-block\"><strong>Embalagem em caixa de madeira:<\/strong> Para proteger a m\u00e1quina de colis\u00f5es e danos por umidade, usaremos uma caixa de madeira para embalar a m\u00e1quina. Al\u00e9m disso, usamos caixas de madeira sem fumiga\u00e7\u00e3o, o que ajuda nossos clientes a reduzir o tempo e o custo do transporte. Ap\u00f3s embalar as caixas, as colocamos diretamente em cont\u00eaineres.<\/p>    <figure class=\"wp-block-image size-full\"><img loading=\"lazy\" decoding=\"async\" width=\"720\" height=\"540\" src=\"https:\/\/www.shuliy.com\/wp-content\/uploads\/2023\/02\/Wooden-case-packing-.webp\" alt=\"Embalagem em caixa de madeira\" class=\"wp-image-5200\" title=\"Embalagem em caixa de madeira\"\/><figcaption class=\"wp-element-caption\"><strong>Embalagem em caixa de madeira<\/strong><\/figcaption><\/figure>    <p class=\"translation-block\"><strong>Envio e entrega:<\/strong> Ap\u00f3s a m\u00e1quina ser embalada, come\u00e7amos a transportar a m\u00e1quina diretamente para o destino especificado pelo cliente. Todo o processo de transporte pode envolver uma combina\u00e7\u00e3o de diferentes formas de transporte, como estrada, ar e mar. <\/p>    <figure class=\"wp-block-image size-full\"><img loading=\"lazy\" decoding=\"async\" width=\"720\" height=\"540\" src=\"https:\/\/www.shuliy.com\/wp-content\/uploads\/2023\/02\/Shipping-and-delivery-.webp\" alt=\"Envio e entrega\" class=\"wp-image-5201\" title=\"Envio e entrega\"\/><figcaption class=\"wp-element-caption\"><strong>Envio e entrega<\/strong><\/figcaption><\/figure>    <p class=\"translation-block\"><strong>Informa\u00e7\u00f5es log\u00edsticas:<\/strong> Ap\u00f3s a m\u00e1quina deixar a f\u00e1brica, informaremos o cliente e forneceremos informa\u00e7\u00f5es log\u00edsticas. O cliente tamb\u00e9m pode verificar a log\u00edstica por conta pr\u00f3pria. Tamb\u00e9m informaremos o cliente de qualquer situa\u00e7\u00e3o durante o processo de transporte. Quando a m\u00e1quina chegar ao destino, informaremos imediatamente o cliente para que ele possa receber nossa m\u00e1quina a tempo.<\/p>    <p class=\"translation-block\"><strong>Modo de transporte:<\/strong> Os m\u00e9todos de entrega da nossa empresa s\u00e3o geralmente frete a\u00e9reo e mar\u00edtimo. Usaremos os m\u00e9todos de transporte correspondentes de acordo com as necessidades do cliente.<\/p>    <figure class=\"wp-block-image size-full\"><img loading=\"lazy\" decoding=\"async\" width=\"720\" height=\"540\" src=\"https:\/\/www.shuliy.com\/wp-content\/uploads\/2023\/02\/Inland-transport-.webp\" alt=\"Transporte terrestre\" class=\"wp-image-5205\" title=\"Transporte terrestre\"\/><figcaption class=\"wp-element-caption\">Transporte terrestre<\/figcaption><\/figure>    <p class=\"translation-block\"><strong>Prazo de entrega:<\/strong> Nosso prazo de entrega \u00e9 geralmente de cerca de 15 dias. Isso porque \u00e0s vezes a m\u00e1quina n\u00e3o est\u00e1 em estoque e precisa ser fabricada. Ou precisamos personalizar a m\u00e1quina de acordo com as necessidades do cliente. Ser\u00e1 mais r\u00e1pido quando a m\u00e1quina estiver em estoque. <\/p>    <p class=\"translation-block\"><strong>Sobre transporte internacional:<\/strong> Os clientes podem encontrar seu pr\u00f3prio transit\u00e1rio, ou podemos tamb\u00e9m recomendar um transit\u00e1rio ao cliente.<\/p>    <p class=\"translation-block\"><strong>Sobre custos de envio:<\/strong> O valor dos custos de envio depende de diferentes fatores. Por exemplo; o tamanho, peso, volume da m\u00e1quina, pol\u00edtica nacional, dist\u00e2ncia, etc. Seja por estrada, ar ou mar, decidimos consultando uma empresa de transporte profissional e cobrando tarifas de frete razo\u00e1veis.<\/p>","protected":false},"excerpt":{"rendered":"<p>Shuliy shipping and delivery Shuliy has a comprehensive transport service system. We will customize the shipping process according to the customer&#8217;s specific situation. Based on years of export experience, we are skilled in solving all kinds of shipping problems that our customers may encounter. This is one of the reasons why many of our customers [&hellip;]<\/p>\n","protected":false},"author":1,"featured_media":5064,"parent":0,"menu_order":0,"comment_status":"closed","ping_status":"closed","template":"post-templates\/page-right-content.php","meta":{"footnotes":""},"class_list":["post-5008","page","type-page","status-publish","has-post-thumbnail","hentry"],"_links":{"self":[{"href":"https:\/\/www.shuliy.com\/pt\/wp-json\/wp\/v2\/pages\/5008","targetHints":{"allow":["GET"]}}],"collection":[{"href":"https:\/\/www.shuliy.com\/pt\/wp-json\/wp\/v2\/pages"}],"about":[{"href":"https:\/\/www.shuliy.com\/pt\/wp-json\/wp\/v2\/types\/page"}],"author":[{"embeddable":true,"href":"https:\/\/www.shuliy.com\/pt\/wp-json\/wp\/v2\/users\/1"}],"replies":[{"embeddable":true,"href":"https:\/\/www.shuliy.com\/pt\/wp-json\/wp\/v2\/comments?post=5008"}],"version-history":[{"count":0,"href":"https:\/\/www.shuliy.com\/pt\/wp-json\/wp\/v2\/pages\/5008\/revisions"}],"wp:featuredmedia":[{"embeddable":true,"href":"https:\/\/www.shuliy.com\/pt\/wp-json\/wp\/v2\/media\/5064"}],"wp:attachment":[{"href":"https:\/\/www.shuliy.com\/pt\/wp-json\/wp\/v2\/media?parent=5008"}],"curies":[{"name":"wp","href":"https:\/\/api.w.org\/{rel}","templated":true}]}}