{"id":5022,"date":"2023-02-20T15:16:19","date_gmt":"2023-02-20T07:16:19","guid":{"rendered":"https:\/\/www.shuliy.com\/?page_id=5022"},"modified":"2023-02-28T14:13:01","modified_gmt":"2023-02-28T06:13:01","slug":"purchases","status":"publish","type":"page","link":"https:\/\/www.shuliy.com\/pt\/purchases\/","title":{"rendered":"Compras"},"content":{"rendered":"<h2 class=\"wp-block-heading\">Processo de compra da Shuliy<\/h2>    <p>Nossos clientes v\u00eam de muitos pa\u00edses diferentes e de uma ampla variedade de ind\u00fastrias. Como resultado, os clientes t\u00eam conhecimentos diferentes sobre os produtos e o com\u00e9rcio de importa\u00e7\u00e3o\/exporta\u00e7\u00e3o. Portanto, os clientes t\u00eam focos diferentes em suas necessidades. O processo de compra diante de outros clientes \u00e9 o seguinte.<\/p>    <p>1. Clientes que est\u00e3o realizando transa\u00e7\u00f5es comerciais internacionais pela primeira vez. Este tipo de cliente n\u00e3o tem experi\u00eancia na compra, explicaremos em detalhes para o cliente todos os aspectos do processo de compra. Nosso processo de compra geralmente inclui a introdu\u00e7\u00e3o pr\u00e9-venda da m\u00e1quina, comunica\u00e7\u00e3o na venda e detalhes de pagamento, servi\u00e7o p\u00f3s-venda, etc. O processo detalhado \u00e9 mostrado abaixo.<\/p>    <figure class=\"wp-block-image size-full\"><img loading=\"lazy\" decoding=\"async\" width=\"1256\" height=\"540\" src=\"https:\/\/www.shuliy.com\/wp-content\/uploads\/2023\/02\/1-.webp\" alt=\"\" class=\"wp-image-5212\"\/><\/figure>    <p>2. Clientes experientes. Tamb\u00e9m temos muitos clientes especializados em importa\u00e7\u00e3o e exporta\u00e7\u00e3o. Este cliente est\u00e1 familiarizado com o processo de compra e geralmente tem um transit\u00e1rio na China. Portanto, esse tipo de cliente geralmente foca em aspectos do produto sobre os quais possui informa\u00e7\u00f5es. Por exemplo, os par\u00e2metros da m\u00e1quina, detalhes, fotos, v\u00eddeos, certificados, pot\u00eancia, etc. A seguir, um diagrama do processo de compra correspondente.<\/p>    <figure class=\"wp-block-image size-full\"><img loading=\"lazy\" decoding=\"async\" width=\"1256\" height=\"540\" src=\"https:\/\/www.shuliy.com\/wp-content\/uploads\/2023\/02\/2-.webp\" alt=\"\" class=\"wp-image-5213\"\/><\/figure>    <p>Se o comprador est\u00e1 familiarizado ou n\u00e3o com o processo de com\u00e9rcio exterior, a Shuliy considerar\u00e1 o problema do ponto de vista do cliente. Oferecemos e recomendamos a solu\u00e7\u00e3o de m\u00e1quina mais adequada aos nossos clientes, respondemos a todos os tipos de perguntas e fornecemos o melhor servi\u00e7o de qualidade.<\/p>","protected":false},"excerpt":{"rendered":"<p>Shuliy&#8217;s purchase process Our customers come from many different countries and from a wide range of industries. As a result, customers have different knowledge about products and the import\/export trade. Therefore customers have different focuses on their needs. The buying process in the face of other customers is as follows. 1. Customers who are making [&hellip;]<\/p>\n","protected":false},"author":1,"featured_media":5065,"parent":0,"menu_order":0,"comment_status":"closed","ping_status":"closed","template":"post-templates\/page-right-content.php","meta":{"footnotes":""},"class_list":["post-5022","page","type-page","status-publish","has-post-thumbnail","hentry"],"_links":{"self":[{"href":"https:\/\/www.shuliy.com\/pt\/wp-json\/wp\/v2\/pages\/5022","targetHints":{"allow":["GET"]}}],"collection":[{"href":"https:\/\/www.shuliy.com\/pt\/wp-json\/wp\/v2\/pages"}],"about":[{"href":"https:\/\/www.shuliy.com\/pt\/wp-json\/wp\/v2\/types\/page"}],"author":[{"embeddable":true,"href":"https:\/\/www.shuliy.com\/pt\/wp-json\/wp\/v2\/users\/1"}],"replies":[{"embeddable":true,"href":"https:\/\/www.shuliy.com\/pt\/wp-json\/wp\/v2\/comments?post=5022"}],"version-history":[{"count":0,"href":"https:\/\/www.shuliy.com\/pt\/wp-json\/wp\/v2\/pages\/5022\/revisions"}],"wp:featuredmedia":[{"embeddable":true,"href":"https:\/\/www.shuliy.com\/pt\/wp-json\/wp\/v2\/media\/5065"}],"wp:attachment":[{"href":"https:\/\/www.shuliy.com\/pt\/wp-json\/wp\/v2\/media?parent=5022"}],"curies":[{"name":"wp","href":"https:\/\/api.w.org\/{rel}","templated":true}]}}