{"id":5040,"date":"2023-02-20T17:53:51","date_gmt":"2023-02-20T09:53:51","guid":{"rendered":"https:\/\/www.shuliy.com\/?page_id=5040"},"modified":"2023-02-28T14:15:43","modified_gmt":"2023-02-28T06:15:43","slug":"distributors","status":"publish","type":"page","link":"https:\/\/www.shuliy.com\/pt\/distributors\/","title":{"rendered":"Distribuidores"},"content":{"rendered":"<h2 class=\"wp-block-heading\">Torne-se distribuidores da Shuliy<\/h2>    <p>A Shuliy atua no com\u00e9rcio exterior h\u00e1 mais de dez anos e h\u00e1 muitos anos \u00e9 conhecida tanto no pa\u00eds quanto no exterior, pois os equipamentos s\u00e3o vendidos para muitos pa\u00edses. A alta qualidade de nossos equipamentos, o pre\u00e7o justo e o excelente servi\u00e7o p\u00f3s-venda atra\u00edram muitos clientes que desejam tornar-se nossos distribuidores. Nossos distribuidores est\u00e3o principalmente localizados no Sudeste Asi\u00e1tico, \u00c1frica, Sul da \u00c1sia, Am\u00e9rica Latina e outras regi\u00f5es.<\/p>    <h2 class=\"wp-block-heading\">Dois exemplos de se tornar distribuidores da Shuliy<\/h2>    <h3 class=\"wp-block-heading\">Distribuidor de m\u00e1quinas de debulha de arroz e trigo<\/h3>    <p>Este cliente \u00e9 da Nig\u00e9ria e tem trabalhado com a venda de maquin\u00e1rios agr\u00edcolas. Ap\u00f3s muitos anos de experi\u00eancia, o cliente desejava tornar-se distribuidor local para ajudar a desenvolver a economia local e mudar o desenvolvimento agr\u00edcola local. Como temos muitos clientes para nossos maquin\u00e1rios agr\u00edcolas na \u00c1frica, o cliente nos procurou com a expectativa de coopera\u00e7\u00e3o. Ap\u00f3s a comunica\u00e7\u00e3o, o cliente decidiu vender a linha com a principal mercadoria de m\u00e1quinas de debulha de arroz e trigo.<\/p>    <figure class=\"wp-block-image size-full\"><img loading=\"lazy\" decoding=\"async\" width=\"720\" height=\"540\" src=\"https:\/\/www.shuliy.com\/wp-content\/uploads\/2023\/02\/Distributor-of-rice-and-wheat-threshing-machines-.webp\" alt=\"Distribuidor de m\u00e1quinas de debulha de arroz e trigo\" class=\"wp-image-5217\" title=\"Distribuidor de m\u00e1quinas de debulha de arroz e trigo\"\/><figcaption class=\"wp-element-caption\">Distribuidor de m\u00e1quinas de debulha de arroz e trigo<\/figcaption><\/figure>    <h3 class=\"wp-block-heading\">Distribuidor de trituradoras de madeira <\/h3>    <p>O cliente era da Ar\u00e1bia Saudita e ele decidiu nos contatar ap\u00f3s comparar v\u00e1rios fabricantes de trituradores de madeira. Ap\u00f3s a comunica\u00e7\u00e3o, o cliente quis visitar a f\u00e1brica com anteced\u00eancia. Ap\u00f3s a visita, o cliente decidiu comprar um lote de trituradoras de madeira e tornou-se nosso distribuidor.<\/p>    <figure class=\"wp-block-image size-full\"><img loading=\"lazy\" decoding=\"async\" width=\"720\" height=\"540\" src=\"https:\/\/www.shuliy.com\/wp-content\/uploads\/2023\/02\/wood-crushers-distributor-.webp\" alt=\"distribuidor de trituradoras de madeira\" class=\"wp-image-5218\" title=\"distribuidor de trituradoras de madeira\"\/><figcaption class=\"wp-element-caption\">distribuidor de trituradoras de madeira<\/figcaption><\/figure>    <h2 class=\"wp-block-heading\">Por que o cliente escolheu tornar-se nosso distribuidor?<\/h2>    <ol class=\"wp-block-list\"> <li>O pre\u00e7o da m\u00e1quina estava certo. Apoiaremos o neg\u00f3cio do cliente oferecendo o pre\u00e7o adequado, o que tamb\u00e9m beneficiar\u00e1 as vendas do cliente.<\/li>    <li>Fornecermos suporte t\u00e9cnico aos nossos distribuidores. Se houver necessidade de instala\u00e7\u00e3o e comissionamento da m\u00e1quina, enviaremos nossos t\u00e9cnicos ao exterior.<\/li>    <li>M\u00e1quinas de alta qualidade. Com m\u00e1quinas de alta qualidade, menos manuten\u00e7\u00e3o e menos servi\u00e7os p\u00f3s-venda, o cliente pode conquistar mais clientes. Ao mesmo tempo, o trabalho \u00e9 relativamente f\u00e1cil.<\/li>    <li>V\u00e1rios certificados que atendem aos requisitos.<\/li> <\/ol>","protected":false},"excerpt":{"rendered":"<p>Become Shuliy&#8217;s distributors Shuliy has been engaged in foreign trade for more than ten years and has been known both at home and abroad for many years as the equipment is sold to many countries. The high quality of our equipment, the right price, and the excellent after-sales service have attracted many customers who want [&hellip;]<\/p>\n","protected":false},"author":1,"featured_media":0,"parent":0,"menu_order":0,"comment_status":"closed","ping_status":"closed","template":"post-templates\/page-right-content.php","meta":{"footnotes":""},"class_list":["post-5040","page","type-page","status-publish","hentry"],"_links":{"self":[{"href":"https:\/\/www.shuliy.com\/pt\/wp-json\/wp\/v2\/pages\/5040","targetHints":{"allow":["GET"]}}],"collection":[{"href":"https:\/\/www.shuliy.com\/pt\/wp-json\/wp\/v2\/pages"}],"about":[{"href":"https:\/\/www.shuliy.com\/pt\/wp-json\/wp\/v2\/types\/page"}],"author":[{"embeddable":true,"href":"https:\/\/www.shuliy.com\/pt\/wp-json\/wp\/v2\/users\/1"}],"replies":[{"embeddable":true,"href":"https:\/\/www.shuliy.com\/pt\/wp-json\/wp\/v2\/comments?post=5040"}],"version-history":[{"count":0,"href":"https:\/\/www.shuliy.com\/pt\/wp-json\/wp\/v2\/pages\/5040\/revisions"}],"wp:attachment":[{"href":"https:\/\/www.shuliy.com\/pt\/wp-json\/wp\/v2\/media?parent=5040"}],"curies":[{"name":"wp","href":"https:\/\/api.w.org\/{rel}","templated":true}]}}