{"id":5044,"date":"2023-02-20T18:02:55","date_gmt":"2023-02-20T10:02:55","guid":{"rendered":"https:\/\/www.shuliy.com\/?page_id=5044"},"modified":"2023-02-28T14:17:22","modified_gmt":"2023-02-28T06:17:22","slug":"resellers","status":"publish","type":"page","link":"https:\/\/www.shuliy.com\/pt\/resellers\/","title":{"rendered":"Revendedores"},"content":{"rendered":"<h2 class=\"wp-block-heading\">Torne-se revendedor da Shuliy<\/h2>    <p>Tamb\u00e9m temos muitos clientes que compram nossos equipamentos para vender localmente. Os tipos de revendedores compram m\u00e1quinas de n\u00f3s e depois as fornecem ao cliente final. Temos muitos clientes revendedores. Para apoiar nossos clientes em seus neg\u00f3cios locais, oferecemos o pre\u00e7o certo dependendo do n\u00famero de m\u00e1quinas que eles compram.<\/p>    <h2 class=\"wp-block-heading\">Um cliente de cortador de feno do Peru<\/h2>    <p>Este cliente possui uma loja no Peru que se especializa na venda de m\u00e1quinas agr\u00edcolas. Ele nos contatou navegando em nosso site e comprou dez m\u00e1quinas de corte de grama aqui.<\/p>    <figure class=\"wp-block-image size-full\"><img loading=\"lazy\" decoding=\"async\" width=\"720\" height=\"540\" src=\"https:\/\/www.shuliy.com\/wp-content\/uploads\/2023\/02\/chaff-cutter-reseller-.webp\" alt=\"revendedor de cortador de feno \" class=\"wp-image-5221\" title=\"revendedor de cortador de feno \"\/><figcaption class=\"wp-element-caption\">revendedor de cortador de feno<\/figcaption><\/figure>    <h2 class=\"wp-block-heading\">Um cliente de descascador de amendoim do Senegal<\/h2>    <p>Nosso cliente tamb\u00e9m possui uma loja de m\u00e1quinas agr\u00edcolas na regi\u00e3o. Ele nos contatou atrav\u00e9s de um amigo e veio nos visitar. Ap\u00f3s a visita, decidiu comprar 20 descascadores de amendoim.<\/p>    <figure class=\"wp-block-image size-full\"><img loading=\"lazy\" decoding=\"async\" width=\"720\" height=\"540\" src=\"https:\/\/www.shuliy.com\/wp-content\/uploads\/2023\/02\/peanut-sheller-reseller-.webp\" alt=\"revendedor de descascador de amendoim\" class=\"wp-image-5223\" title=\"revendedor de descascador de amendoim\"\/><figcaption class=\"wp-element-caption\">revendedor de descascador de amendoim<\/figcaption><\/figure>    <p>Al\u00e9m de oferecer ao cliente o pre\u00e7o certo para a m\u00e1quina, tamb\u00e9m forneceremos pe\u00e7as de reposi\u00e7\u00e3o, pe\u00e7as de desgaste, etc. Estamos ansiosos para trabalhar com voc\u00ea!<\/p>","protected":false},"excerpt":{"rendered":"<p>Become Shuliy&#8217;s resellers We also have many customers who buy our equipment to sell locally. reseller types buy machines from us and then supply them to the end customer. We have many reseller customers. In order to support our customers in their local business, we offer them the right price depending on the number of [&hellip;]<\/p>\n","protected":false},"author":1,"featured_media":0,"parent":0,"menu_order":0,"comment_status":"closed","ping_status":"closed","template":"post-templates\/page-right-content.php","meta":{"footnotes":""},"class_list":["post-5044","page","type-page","status-publish","hentry"],"_links":{"self":[{"href":"https:\/\/www.shuliy.com\/pt\/wp-json\/wp\/v2\/pages\/5044","targetHints":{"allow":["GET"]}}],"collection":[{"href":"https:\/\/www.shuliy.com\/pt\/wp-json\/wp\/v2\/pages"}],"about":[{"href":"https:\/\/www.shuliy.com\/pt\/wp-json\/wp\/v2\/types\/page"}],"author":[{"embeddable":true,"href":"https:\/\/www.shuliy.com\/pt\/wp-json\/wp\/v2\/users\/1"}],"replies":[{"embeddable":true,"href":"https:\/\/www.shuliy.com\/pt\/wp-json\/wp\/v2\/comments?post=5044"}],"version-history":[{"count":0,"href":"https:\/\/www.shuliy.com\/pt\/wp-json\/wp\/v2\/pages\/5044\/revisions"}],"wp:attachment":[{"href":"https:\/\/www.shuliy.com\/pt\/wp-json\/wp\/v2\/media?parent=5044"}],"curies":[{"name":"wp","href":"https:\/\/api.w.org\/{rel}","templated":true}]}}