{"id":1600,"date":"2020-12-22T02:34:01","date_gmt":"2020-12-21T18:34:01","guid":{"rendered":"http:\/\/sw-themes.com\/porto_dummy\/?page_id=1600"},"modified":"2025-12-05T11:42:28","modified_gmt":"2025-12-05T03:42:28","slug":"contact-us","status":"publish","type":"page","link":"https:\/\/www.shuliy.com\/tr\/contact-us\/","title":{"rendered":"\u0130leti\u015fim"},"content":{"rendered":"<h2 class=\"wp-block-heading\">\u0130leti\u015fim Bilgileri<\/h2>    <p>Shuliy Grubu 2011 y\u0131l\u0131nda kurulmu\u015ftur ve b\u00fcy\u00fck bir ekipman \u00fcretim ve ihracat \u015firketidir. Shuliy Grubu \u015fu anda \u00fc\u00e7 alt markaya sahiptir: Shuliy makineleri, Taizy makineleri ve Ah\u015fap makineleri, bunlar s\u0131ras\u0131yla kaynak geri kazan\u0131m ekipmanlar\u0131, g\u0131da i\u015fleme ekipmanlar\u0131 ve ah\u015fap i\u015fleme ekipmanlar\u0131ndan sorumludur.<\/p>    <p>\u015eu anda, Shuliy ekipman\u0131 yurti\u00e7i ve yurtd\u0131\u015f\u0131 pazarlarda geni\u015f \u00e7apta takdir toplam\u0131\u015ft\u0131r. Son 10 y\u0131lda, binlerce y\u00fcksek kaliteli makine ve tam i\u015fleme projeleri, d\u00fcnya genelinde 150'den fazla \u00fclke ve b\u00f6lgedeki m\u00fc\u015fterilere hizmet vermi\u015ftir.<\/p>    <h3 class=\"wp-block-heading\">Adres<\/h3>    <p>\u00c7in, Zhengzhou, Hanghai Do\u011fu Yolu, Ekonomik-teknolojik Geli\u015fim B\u00f6lgesi<\/p>    <h3 class=\"wp-block-heading\">WhatsApp\/Tel<\/h3>    <p>+86 15838192276<\/p>    <h3 class=\"wp-block-heading\">E-posta Adresi<\/h3>    <p>info@bestshuliy.com<\/p>","protected":false},"excerpt":{"rendered":"<p>Contact Info Shuliy Group was established in 2011, which is a large equipment manufacturing and exporting enterprise. Shuliy Group currently has three sub-brands: Shuliy machinery, Taizy machinery, and Wood machinery, which respectively are in charge of resource recovery equipment, food processing equipment, and wood processing equipment. At present, Shuliy equipment has been widely acclaimed in [&hellip;]<\/p>\n","protected":false},"author":1,"featured_media":0,"parent":0,"menu_order":0,"comment_status":"closed","ping_status":"closed","template":"post-templates\/page-right-content.php","meta":{"footnotes":""},"class_list":["post-1600","page","type-page","status-publish","hentry"],"_links":{"self":[{"href":"https:\/\/www.shuliy.com\/tr\/wp-json\/wp\/v2\/pages\/1600","targetHints":{"allow":["GET"]}}],"collection":[{"href":"https:\/\/www.shuliy.com\/tr\/wp-json\/wp\/v2\/pages"}],"about":[{"href":"https:\/\/www.shuliy.com\/tr\/wp-json\/wp\/v2\/types\/page"}],"author":[{"embeddable":true,"href":"https:\/\/www.shuliy.com\/tr\/wp-json\/wp\/v2\/users\/1"}],"replies":[{"embeddable":true,"href":"https:\/\/www.shuliy.com\/tr\/wp-json\/wp\/v2\/comments?post=1600"}],"version-history":[{"count":0,"href":"https:\/\/www.shuliy.com\/tr\/wp-json\/wp\/v2\/pages\/1600\/revisions"}],"wp:attachment":[{"href":"https:\/\/www.shuliy.com\/tr\/wp-json\/wp\/v2\/media?parent=1600"}],"curies":[{"name":"wp","href":"https:\/\/api.w.org\/{rel}","templated":true}]}}