{"id":4885,"date":"2023-01-07T14:46:00","date_gmt":"2023-01-07T06:46:00","guid":{"rendered":"https:\/\/www.shuliy.com\/?page_id=4885"},"modified":"2023-02-21T17:23:12","modified_gmt":"2023-02-21T09:23:12","slug":"about-us","status":"publish","type":"page","link":"https:\/\/www.shuliy.com\/tr\/about-us\/","title":{"rendered":"Shuliy Hakk\u0131nda"},"content":{"rendered":"<h2 class=\"wp-block-heading\">Biz kimiz?<\/h2>    <div class=\"wp-block-media-text alignwide is-stacked-on-mobile\"><figure class=\"wp-block-media-text__media\"><img loading=\"lazy\" decoding=\"async\" width=\"720\" height=\"540\" src=\"https:\/\/www.shuliy.com\/wp-content\/uploads\/2023\/01\/Shuliy-factory-.webp\" alt=\"\" class=\"wp-image-4943 size-full\"\/><\/figure><div class=\"wp-block-media-text__content\"> <p class=\"translation-block\">Shuliy Machinery Co., Ltd. tan\u0131nm\u0131\u015f bir makine ara\u015ft\u0131rma, geli\u015ftirme ve \u00fcretim \u015firketidir. Makinelerimiz \u00e7e\u015fitli alanlarda kullan\u0131lmaktad\u0131r, \u00f6zellikle <strong><em>kaynak geri d\u00f6n\u00fc\u015f\u00fcm ekipmanlar\u0131, tar\u0131m ekipmanlar\u0131, g\u0131da i\u015fleme ekipmanlar\u0131 ve ambalaj makineleri<\/em><\/strong>. Bireysel makineler ve profesyonel makine \u00e7\u00f6z\u00fcmleri sunuyoruz.<\/p> <\/div><\/div>    <div class=\"wp-block-media-text alignwide has-media-on-the-right is-stacked-on-mobile\"><div class=\"wp-block-media-text__content\"> <p class=\"translation-block\">Her alan i\u00e7in \u00f6zenle makineler \u00fcretiyoruz. Bireysel makinelerin yan\u0131 s\u0131ra b\u00fcy\u00fck \u00fcretim hatlar\u0131 da sunuyoruz. \u00d6rne\u011fin, <strong><em>k\u00f6m\u00fcr \u00fcretim hatt\u0131, plastik \u015fi\u015fe geri d\u00f6n\u00fc\u015f\u00fcm hatt\u0131, bal\u0131k unu \u00fcretim hatt\u0131, yumurta tepsisi \u00fcretim hatt\u0131, patates k\u0131zartmas\u0131 \u00fcretim hatt\u0131,<\/em><\/strong> vb. Ayr\u0131ca, tesis tasar\u0131m \u00e7izimleri, \u00fcretim hatlar\u0131n\u0131n 3D \u00e7izimleri ve ekipman kurulumunda yurtd\u0131\u015f\u0131na giden m\u00fchendislerle ilgili hizmetler de sa\u011fl\u0131yoruz.<\/p> <\/div><figure class=\"wp-block-media-text__media\"><img loading=\"lazy\" decoding=\"async\" width=\"720\" height=\"540\" src=\"https:\/\/www.shuliy.com\/wp-content\/uploads\/2023\/01\/Shuliy-machine-solutions-.webp\" alt=\"\" class=\"wp-image-4952 size-full\"\/><\/figure><\/div>    <h2 class=\"wp-block-heading\">Shuliy K\u00fclt\u00fcr\u00fc<\/h2>    <div class=\"wp-block-media-text alignwide is-stacked-on-mobile\"><figure class=\"wp-block-media-text__media\"><img loading=\"lazy\" decoding=\"async\" width=\"720\" height=\"540\" src=\"https:\/\/www.shuliy.com\/wp-content\/uploads\/2023\/01\/Shuliy-culture-.webp\" alt=\"\" class=\"wp-image-4955 size-full\"\/><\/figure><div class=\"wp-block-media-text__content\"> <p>Shuliy Makine Misyonu: \u00c7in makinelerinin d\u00fcnyay\u0131 de\u011fi\u015ftirmesine izin verin.<\/p>    <p>Shuliy Makine Vizyonu: M\u00fc\u015fteri de\u011ferini art\u0131rmak ve \u00e7al\u0131\u015fanlar i\u00e7in b\u00fcy\u00fcme sa\u011flamak!<\/p>    <p>Shuliy personel de\u011ferleri: d\u00fcr\u00fcstl\u00fck, \u015f\u00fckran, \u00f6zveri, pozitif enerji, de\u011fi\u015fimi benimseme ve tak\u0131m ruhu.<\/p>    <p>Kurulu\u015fundan bu yana, Shuliy her zaman kaliteli ekipmanlarla m\u00fc\u015fterilerimize daha fazla kolayl\u0131k sa\u011flamay\u0131 ama\u00e7lam\u0131\u015ft\u0131r. \u0130lgili alanlarda s\u00fcrekli yenilik ve geli\u015fim i\u00e7indeyiz. Y\u00fcksek kaliteli makineler sunman\u0131n yan\u0131 s\u0131ra, m\u00fc\u015fterilerimize kapsaml\u0131 hizmetler sunmaya odaklan\u0131yoruz. <\/p>    <p>Bu hizmetler aras\u0131nda makine bilgisi sa\u011flama, makine \u00f6zelle\u015ftirme, \u00e7oklu \u00f6deme y\u00f6ntemleri, makine kurulumu ve devreye alma, paketleme ve sevkiyat yer almaktad\u0131r. Ayr\u0131ca, sat\u0131\u015f sonras\u0131 hizmetlerimizle, bizimle \u00e7al\u0131\u015fan t\u00fcm m\u00fc\u015fteriler hizmetimizden \u00e7ok memnun kalm\u0131\u015ft\u0131r.<\/p> <\/div><\/div>    <h2 class=\"wp-block-heading\">Nitelikler ve Onurlar<\/h2>    <p>Shuliy Makine, y\u00fcksek kaliteli \u00fcr\u00fcnleri, m\u00fckemmel hizmeti ve bir\u00e7ok m\u00fc\u015fterinin deste\u011fiyle bir\u00e7ok onur kazanm\u0131\u015ft\u0131r. \u015eirketimiz ISO 9001 sertifikas\u0131 alm\u0131\u015f olup, \u00e7o\u011fu \u00fcr\u00fcn CE sertifikas\u0131na sahiptir. Ayr\u0131ca PVOC, SONCAP, SABER ve Tercihli C\/O gibi belgeleri alarak m\u00fc\u015fterilerin ithalat i\u015flemlerini kolayla\u015ft\u0131r\u0131yoruz. Bu makineler alan\u0131nda daha iyi kalite ekipmanlar sunmak i\u00e7in \u00e7al\u0131\u015fmalar\u0131m\u0131za devam edece\u011fiz!<\/p>    <figure class=\"wp-block-gallery has-nested-images columns-default is-cropped wp-block-gallery-2 is-layout-flex wp-block-gallery-is-layout-flex\"> <figure class=\"wp-block-image size-large\"><img loading=\"lazy\" decoding=\"async\" width=\"720\" height=\"540\" data-id=\"4959\" src=\"https:\/\/www.shuliy.com\/wp-content\/uploads\/2023\/01\/Shuliy-qualifications-.webp\" alt=\"\" class=\"wp-image-4959\" title=\"Shuliy nitelikleri\"\/><figcaption class=\"wp-element-caption\">Shuliy nitelikleri<\/figcaption><\/figure>    <figure class=\"wp-block-image size-large\"><img loading=\"lazy\" decoding=\"async\" width=\"720\" height=\"540\" data-id=\"4960\" src=\"https:\/\/www.shuliy.com\/wp-content\/uploads\/2023\/01\/Shuliy-certifications-.jpg\" alt=\"\" class=\"wp-image-4960\" title=\"Shuliy sertifikalar\u0131\"\/><figcaption class=\"wp-element-caption\">Shuliy sertifikalar\u0131<\/figcaption><\/figure> <\/figure>    <h2 class=\"wp-block-heading\">Shuliy K\u00fcresel M\u00fc\u015fteriler<\/h2>    <div class=\"wp-block-media-text alignwide is-stacked-on-mobile\"><figure class=\"wp-block-media-text__media\"><img loading=\"lazy\" decoding=\"async\" width=\"720\" height=\"540\" src=\"https:\/\/www.shuliy.com\/wp-content\/uploads\/2023\/01\/Shuliy-global-customers-1-1.webp\" alt=\"\" class=\"wp-image-4966 size-full\"\/><\/figure><div class=\"wp-block-media-text__content\"> <p>\u0130hracat\u0131n ba\u015flang\u0131c\u0131ndan beri, ekipmanlar\u0131m\u0131z bir\u00e7ok \u00fclke taraf\u0131ndan be\u011fenilmi\u015ftir. \u00d6rne\u011fin, ABD, Rusya, Arjantin, Etiyopya, Suudi Arabistan, Kongo, Nijerya, Endonezya, Tunus, Brezilya, Burundi, Kolombiya ve di\u011fer \u00fclkeler. Ayn\u0131 zamanda, makinelerimizin m\u00fckemmel kalite ve \u00e7al\u0131\u015fma etkisi sayesinde uzun vadeli i\u015fbirli\u011fi yapt\u0131\u011f\u0131m\u0131z bir\u00e7ok m\u00fc\u015fteri bulunmaktad\u0131r.<\/p> <\/div><\/div>    <h2 class=\"wp-block-heading\">M\u00fc\u015fterinin favorisi \u2013 en b\u00fcy\u00fck motivasyonumuz<\/h2>    <p>D\u00fcnyan\u0131n d\u00f6rt bir yan\u0131ndan m\u00fc\u015fterilerimiz var. M\u00fc\u015fterilerimiz, ald\u0131klar\u0131 makinelerin \u00e7ok iyi performans g\u00f6sterdi\u011fini s\u00f6yl\u00fcyor ve bizimle \u00e7al\u0131\u015fmaya devam edecekler! Herhangi bir sorunuz varsa, l\u00fctfen bizimle ileti\u015fime ge\u00e7in. En k\u0131sa s\u00fcrede size geri d\u00f6n\u00fc\u015f yapaca\u011f\u0131z!<\/p>    <figure class=\"wp-block-image size-full is-resized\"><img loading=\"lazy\" decoding=\"async\" src=\"https:\/\/www.shuliy.com\/wp-content\/uploads\/2023\/01\/customers-feedback-1-2.webp\" alt=\"\" class=\"wp-image-4973\" width=\"720\" height=\"540\"\/><\/figure>","protected":false},"excerpt":{"rendered":"<p>hakk\u0131nda al\u0131nt\u0131 (post attr)<\/p>","protected":false},"author":1,"featured_media":4891,"parent":0,"menu_order":0,"comment_status":"closed","ping_status":"closed","template":"post-templates\/page-right-content.php","meta":{"footnotes":""},"class_list":["post-4885","page","type-page","status-publish","has-post-thumbnail","hentry"],"_links":{"self":[{"href":"https:\/\/www.shuliy.com\/tr\/wp-json\/wp\/v2\/pages\/4885","targetHints":{"allow":["GET"]}}],"collection":[{"href":"https:\/\/www.shuliy.com\/tr\/wp-json\/wp\/v2\/pages"}],"about":[{"href":"https:\/\/www.shuliy.com\/tr\/wp-json\/wp\/v2\/types\/page"}],"author":[{"embeddable":true,"href":"https:\/\/www.shuliy.com\/tr\/wp-json\/wp\/v2\/users\/1"}],"replies":[{"embeddable":true,"href":"https:\/\/www.shuliy.com\/tr\/wp-json\/wp\/v2\/comments?post=4885"}],"version-history":[{"count":0,"href":"https:\/\/www.shuliy.com\/tr\/wp-json\/wp\/v2\/pages\/4885\/revisions"}],"wp:featuredmedia":[{"embeddable":true,"href":"https:\/\/www.shuliy.com\/tr\/wp-json\/wp\/v2\/media\/4891"}],"wp:attachment":[{"href":"https:\/\/www.shuliy.com\/tr\/wp-json\/wp\/v2\/media?parent=4885"}],"curies":[{"name":"wp","href":"https:\/\/api.w.org\/{rel}","templated":true}]}}