{"id":4975,"date":"2023-02-13T17:26:40","date_gmt":"2023-02-13T09:26:40","guid":{"rendered":"https:\/\/www.shuliy.com\/?page_id=4975"},"modified":"2023-02-27T14:53:19","modified_gmt":"2023-02-27T06:53:19","slug":"company-profile","status":"publish","type":"page","link":"https:\/\/www.shuliy.com\/tr\/company-profile\/","title":{"rendered":"\u015eirket Profili"},"content":{"rendered":"<h2 class=\"wp-block-heading\">\u015euliy Makina A.\u015e. Genel Bak\u0131\u015f<\/h2>    <div class=\"wp-block-media-text alignwide is-stacked-on-mobile\"><figure class=\"wp-block-media-text__media\"><img loading=\"lazy\" decoding=\"async\" width=\"664\" height=\"376\" src=\"https:\/\/www.shuliy.com\/wp-content\/uploads\/2023\/02\/Shuliy-factory-2-1.webp\" alt=\"\" class=\"wp-image-5139 size-full\"\/><\/figure><div class=\"wp-block-media-text__content\"> <p>\u015euliy Makina A.\u015e. 2011 y\u0131l\u0131nda kuruldu. Merkez ofisimiz Henan Eyaleti, Zhengzhou'da bulunmaktad\u0131r. Tam donan\u0131ml\u0131 ve geli\u015fmi\u015f hassasiyete sahip b\u00fcy\u00fck bir makine \u00fcretim tesisimiz var. Ayr\u0131ca, \u015euliy Makina i\u00e7in \u00e7al\u0131\u015fan 500'den fazla y\u00fcksek nitelikli personelimiz bulunmaktad\u0131r. Farkl\u0131 departmanlar \u00fcretim, imalat, paketleme ve lojistik gibi \u00e7e\u015fitli alanlar\u0131 denetler. M\u00fc\u015fterilerimizin y\u00fcksek kaliteli, hasar g\u00f6rmemi\u015f \u00fcr\u00fcnler almalar\u0131n\u0131 sa\u011fl\u0131yoruz.<\/p> <\/div><\/div>    <p>K\u00fc\u00e7\u00fck bir fabrikadan geni\u015f bir makine \u00fcr\u00fcn yelpazesine sahip b\u00fcy\u00fck bir fabrikaya b\u00fcy\u00fcd\u00fck. \u00dcr\u00fcnlerimizin y\u00fcksek kalitesi ve m\u00fckemmel hizmeti sayesinde, Amerika, Avustralya, Kenya, Gana, Kongo, Etiyopya, Zimbabve, Uganda, Cezayir, Endonezya, Kamerun, Botsvana gibi 100'den fazla \u00fclkeye makine ihra\u00e7 ettik. Art\u0131k yurti\u00e7inde ve yurtd\u0131\u015f\u0131nda tan\u0131nan bir ihracat \u00fcreticisi olduk.<\/p>    <h2 class=\"wp-block-heading\">\u015euliy Makina Adresi<\/h2>    <p>Fabrikam\u0131z\u0131n yan\u0131 s\u0131ra, \u015fu anda ihracat ticaretine adanm\u0131\u015f bir departman\u0131m\u0131z var. \u015eu anda, lojistik end\u00fcstrisi geli\u015fmi\u015f olan ve d\u0131\u015f ticaretimizin geli\u015fimine elveri\u015fli olan Zhengzhou Ekonomik ve Teknolojik Geli\u015fim B\u00f6lgesi'nde bulunuyoruz. Fabrikam\u0131z hakk\u0131nda, geni\u015f bir makine yelpazesi \u00fcretti\u011fimiz i\u00e7in, fabrika farkl\u0131 yerlerde konumlanm\u0131\u015ft\u0131r. M\u00fc\u015fterilerimizi fabrikam\u0131z\u0131 ziyaret etmeye davet ediyoruz!<\/p>    <figure class=\"wp-block-image size-full\"><img loading=\"lazy\" decoding=\"async\" width=\"720\" height=\"540\" src=\"https:\/\/www.shuliy.com\/wp-content\/uploads\/2023\/02\/foreign-trade-business-location-.webp\" alt=\"Yurtd\u0131\u015f\u0131 ticaret i\u015fletme yeri\" class=\"wp-image-5128\" title=\"Yurtd\u0131\u015f\u0131 ticaret i\u015fletme yeri\"\/><figcaption class=\"wp-element-caption\">Yurtd\u0131\u015f\u0131 ticaret i\u015fletme yeri<\/figcaption><\/figure>    <h2 class=\"wp-block-heading\">\u015euliy Makina \u00dcr\u00fcnleri<\/h2>    <p class=\"translation-block\">\u015euliy, kaynak geri kazan\u0131m ekipmanlar\u0131, tar\u0131m ekipmanlar\u0131, g\u0131da i\u015fleme ekipmanlar\u0131 ve paketleme makineleri dahil olmak \u00fczere \u00e7e\u015fitli alanlarda ekipman \u00fcretmektedir. Bu alanlarda k\u00fc\u00e7\u00fck makinelerden b\u00fcy\u00fck \u00fcretim hatlar\u0131na kadar \u00fcr\u00fcnlerimiz mevcuttur. \u00d6rne\u011fin, <strong>k\u00f6m\u00fcr \u00fcretim hatlar\u0131, plastik pelet \u00fcretim hatlar\u0131, patates k\u0131zartmas\u0131 \u00fcretim hatlar\u0131, pirin\u00e7 de\u011firmenleri, b\u00fcy\u00fck paketleme makineleri,<\/strong> vb. En y\u00fcksek kalite \u00fcr\u00fcnler ve en uygun \u00fcretim hatlar\u0131n\u0131 m\u00fc\u015fterilerimize sunmaya kararl\u0131y\u0131z.<\/p>    <figure class=\"wp-block-image size-full\"><img loading=\"lazy\" decoding=\"async\" width=\"720\" height=\"540\" src=\"https:\/\/www.shuliy.com\/wp-content\/uploads\/2023\/02\/Products-of-Shuliy-Machinery-.webp\" alt=\"\u015euliy Makina \u00dcr\u00fcnleri\" class=\"wp-image-5129\" title=\"\u015euliy Makina \u00dcr\u00fcnleri\"\/><figcaption class=\"wp-element-caption\">\u015euliy Makina \u00dcr\u00fcnleri<\/figcaption><\/figure>    <h2 class=\"wp-block-heading\">\u015euliy\u2019in \u00fcst\u00fcn hizmeti<\/h2>    <p>\u015euliy, m\u00fc\u015fterilerine kapsaml\u0131 hizmet sunmaya kendini adam\u0131\u015ft\u0131r. M\u00fc\u015fterilerimizin sat\u0131n alma g\u00fcvenini kazanmak i\u00e7in, \u015euliy olarak i\u015fimizin her alan\u0131nda m\u00fckemmel hizmet sa\u011fl\u0131yoruz.<\/p>    <p class=\"translation-block\"><strong>Sat\u0131\u015f \u00f6ncesi:<\/strong> M\u00fc\u015fterilerimize makinelerimiz hakk\u0131nda profesyonel ve kapsaml\u0131 bilgiler sa\u011fl\u0131yoruz \u2014 \u00f6rne\u011fin, resimler, videolar, parametreler vb.<\/p>    <p class=\"translation-block\"><strong>Sat\u0131\u015f s\u0131ras\u0131nda:<\/strong> M\u00fc\u015fterilerimizin sorular\u0131n\u0131 aktif olarak yan\u0131tlar ve onlar\u0131n bak\u0131\u015f a\u00e7\u0131s\u0131ndan \u00f6nerilerde bulunarak en uygun ekipman\u0131 se\u00e7melerine yard\u0131mc\u0131 oluruz.<\/p>    <p class=\"translation-block\"><strong>Sat\u0131\u015f sonras\u0131:<\/strong> Aksesuarlar hari\u00e7, yapay hasar ve yanl\u0131\u015f kullan\u0131m hari\u00e7, t\u00fcm ekipmanlar bir y\u0131l garanti alt\u0131ndad\u0131r ve bu d\u00fczenli hizmetlere ek olarak \u00e7evrimi\u00e7i teknik destek sa\u011flanmaktad\u0131r. Ayr\u0131ca 3D makine \u00e7izimleri, fabrika tasar\u0131m \u00e7izimleri ve makineleri kurup devreye almak i\u00e7in m\u00fchendisler gibi hizmetler de sunuyoruz.<\/p>    <p>\u015euliy Makina, talebinizi bekliyor!<\/p>    <figure class=\"wp-block-image size-full\"><img loading=\"lazy\" decoding=\"async\" width=\"720\" height=\"540\" src=\"https:\/\/www.shuliy.com\/wp-content\/uploads\/2023\/02\/Shuliys-outstanding-service-.webp\" alt=\"\u015euliy&#039;in \u00fcst\u00fcn hizmeti\" class=\"wp-image-5130\" title=\"\u015euliy&#039;in \u00fcst\u00fcn hizmeti\"\/><figcaption class=\"wp-element-caption\">\u015euliy\u2019in \u00fcst\u00fcn hizmeti<\/figcaption><\/figure>","protected":false},"excerpt":{"rendered":"<p>Overview of Shuliy Machinery Co. Ltd. Shuliy Machinery Co. Ltd. was established in 2011. Our head office is located in Zhengzhou, Henan Province. We have a large machinery manufacturing plant with full facilities and advanced precision. And we also have over 500 highly qualified employees working for our Shuliy Machinery. Different departments oversee different aspects [&hellip;]<\/p>\n","protected":false},"author":1,"featured_media":5176,"parent":0,"menu_order":0,"comment_status":"closed","ping_status":"closed","template":"post-templates\/page-right-content.php","meta":{"footnotes":""},"class_list":["post-4975","page","type-page","status-publish","has-post-thumbnail","hentry"],"_links":{"self":[{"href":"https:\/\/www.shuliy.com\/tr\/wp-json\/wp\/v2\/pages\/4975","targetHints":{"allow":["GET"]}}],"collection":[{"href":"https:\/\/www.shuliy.com\/tr\/wp-json\/wp\/v2\/pages"}],"about":[{"href":"https:\/\/www.shuliy.com\/tr\/wp-json\/wp\/v2\/types\/page"}],"author":[{"embeddable":true,"href":"https:\/\/www.shuliy.com\/tr\/wp-json\/wp\/v2\/users\/1"}],"replies":[{"embeddable":true,"href":"https:\/\/www.shuliy.com\/tr\/wp-json\/wp\/v2\/comments?post=4975"}],"version-history":[{"count":0,"href":"https:\/\/www.shuliy.com\/tr\/wp-json\/wp\/v2\/pages\/4975\/revisions"}],"wp:featuredmedia":[{"embeddable":true,"href":"https:\/\/www.shuliy.com\/tr\/wp-json\/wp\/v2\/media\/5176"}],"wp:attachment":[{"href":"https:\/\/www.shuliy.com\/tr\/wp-json\/wp\/v2\/media?parent=4975"}],"curies":[{"name":"wp","href":"https:\/\/api.w.org\/{rel}","templated":true}]}}