{"id":4980,"date":"2023-02-16T14:11:05","date_gmt":"2023-02-16T06:11:05","guid":{"rendered":"https:\/\/www.shuliy.com\/?page_id=4980"},"modified":"2023-03-15T11:38:21","modified_gmt":"2023-03-15T03:38:21","slug":"company-culture","status":"publish","type":"page","link":"https:\/\/www.shuliy.com\/tr\/company-culture\/","title":{"rendered":"\u015eirket k\u00fclt\u00fcr\u00fc"},"content":{"rendered":"<h2 class=\"wp-block-heading\">Shuliy Makine k\u00fclt\u00fcr\u00fc<\/h2>    <p>Kurulu\u015fundan bu yana, Shuliy ara\u015ft\u0131rma, yenilik ve kendi makine \u00fcr\u00fcnlerinin geli\u015ftirilmesine kendini adam\u0131\u015ft\u0131r. Her zaman m\u00fc\u015fterilerimize daha b\u00fcy\u00fck kolayl\u0131k sa\u011flayacak kaliteli ekipmanlar sunmay\u0131 hedefliyoruz. <\/p>    <p>Makine \u00fcr\u00fcnlerimizde iyi bir i\u015f \u00e7\u0131karman\u0131n yan\u0131 s\u0131ra, hizmet k\u00fclt\u00fcr\u00fcm\u00fcze de b\u00fcy\u00fck \u00f6nem veriyoruz. D\u0131\u015f ticaret, \u00fcr\u00fcnlerin \u00f6tesinde, kalite hizmetle ilgilidir. Bu nedenle, kapsaml\u0131 hizmet sunmak bizim ay\u0131rt edici \u00f6zelli\u011fimizdir ve m\u00fc\u015fterilerimizin makine al\u0131mlar\u0131nda rahat ve huzurlu hissetmelerini istiyoruz.<\/p>    <ol class=\"wp-block-list\"> <li><strong>Kurumsal misyon:<\/strong> \u00c7in makinelerinin d\u00fcnyan\u0131n her k\u00f6\u015fesini de\u011fi\u015ftirmesine izin verin. Makine ve ekipmanlar\u0131m\u0131z\u0131n m\u00fc\u015fterilerimize d\u00fcnya genelinde yard\u0131mc\u0131 olmas\u0131n\u0131 umuyoruz. M\u00fc\u015fterilerimize kolayl\u0131k sa\u011flamak ve ayn\u0131 zamanda kullan\u0131c\u0131 veya yerel ekonomiyi geli\u015ftirmeye katk\u0131da bulunmak istiyoruz.<\/li>    <li><strong>Kurumsal Vizyon:<\/strong> M\u00fc\u015fterilerimize de\u011fer katmak ve \u00e7al\u0131\u015fanlar\u0131m\u0131za b\u00fcy\u00fcme sa\u011flamak! \u015eirketimiz, m\u00fc\u015fterilerimizin daha fazla de\u011fer kazanmas\u0131na yard\u0131mc\u0131 olurken, ayn\u0131 zamanda \u00e7al\u0131\u015fanlar\u0131m\u0131z\u0131n geli\u015fip b\u00fcy\u00fcmesine de katk\u0131da bulunuyor.<\/li>    <li><strong>Shuliy insanlar\u0131 de\u011ferleri: <\/strong>d\u00fcr\u00fcstl\u00fck, \u015f\u00fckran, \u00f6zgecilik, pozitif enerji, de\u011fi\u015fimi kucaklama ve tak\u0131m ruhu. Olumlu ve iyimser de\u011ferlerimiz bize b\u00fcy\u00fck enerji verir ve ad\u0131mlar\u0131m\u0131z\u0131 daha kararl\u0131 hale getirir!<\/li> <\/ol>    <figure class=\"wp-block-image size-full\"><img loading=\"lazy\" decoding=\"async\" width=\"720\" height=\"540\" src=\"https:\/\/www.shuliy.com\/wp-content\/uploads\/2023\/02\/customers-visit-.webp\" alt=\"m\u00fc\u015fteri ziyareti\" class=\"wp-image-5146\" title=\"m\u00fc\u015fteri ziyareti\"\/><figcaption class=\"wp-element-caption\">m\u00fc\u015fteri ziyareti<\/figcaption><\/figure>    <p>Yukar\u0131da bahsedilen \u015firket k\u00fclt\u00fcr\u00fc, bizi ileriye do\u011fru ilerlemeye y\u00f6nlendirir. Bir grup bir\u00e7ok \u00e7al\u0131\u015fan taraf\u0131ndan olu\u015ftu\u011fu i\u00e7in, bireysel \u00e7al\u0131\u015fanlar\u0131n geli\u015fimine de odaklan\u0131yoruz: <\/p>    <ol class=\"wp-block-list\"> <li>Personelimize \u00f6nem veriyoruz, ilgili beceri ve bilgilerle e\u011fitiyoruz ve kariyer planlamas\u0131 i\u00e7in terfi kanallar\u0131 sa\u011fl\u0131yoruz. Ayr\u0131ca, \u00e7al\u0131\u015fanlar\u0131na \u00f6nem veren ve ekiplerini \u00f6zenle y\u00f6neten liderleri \u00f6d\u00fcllendirmeyi de \u00f6nemsiyoruz.<\/li>    <li>\u00c7al\u0131\u015fanlar\u0131m\u0131z\u0131n de\u011ferlerine odaklan\u0131yoruz. Ortak de\u011ferlere sahip ve \u015firketin tan\u0131nmas\u0131na sorumluluk duyan insanlar daha iyi \u00fcr\u00fcnler geli\u015ftirebilir ve kaliteli hizmetler sunabilir. Ayn\u0131 zamanda, b\u00fcy\u00fck bir geli\u015fim de kazanacaklar.<\/li>    <li>Cesur, sorumluluk sahibi, i\u015fine ba\u011fl\u0131, g\u00fc\u00e7l\u00fc \u00f6\u011frenen ve y\u00fcksek anlay\u0131\u015f seviyesine sahip insanlar\u0131 \u00f6d\u00fcllendiriyoruz.<\/li> <\/ol>    <figure class=\"wp-block-image size-full\"><img loading=\"lazy\" decoding=\"async\" width=\"720\" height=\"540\" src=\"https:\/\/www.shuliy.com\/wp-content\/uploads\/2023\/02\/Focus-on-employee-growth-.webp\" alt=\"\u00c7al\u0131\u015fan geli\u015fimine odaklanmak\" class=\"wp-image-5145\" title=\"\u00c7al\u0131\u015fan geli\u015fimine odaklanmak\"\/><figcaption class=\"wp-element-caption\">\u00c7al\u0131\u015fan geli\u015fimine odaklanmak<\/figcaption><\/figure>","protected":false},"excerpt":{"rendered":"<p>Shuliy Machinery culture Since its establishment, Shuliy has been committed to research, innovation, and the development of its own machinery products. We always aim to provide our customers with quality equipment to bring greater convenience to our customers. In addition to doing a good job with our machinery products, we also pay great attention to [&hellip;]<\/p>\n","protected":false},"author":1,"featured_media":5147,"parent":0,"menu_order":0,"comment_status":"closed","ping_status":"closed","template":"post-templates\/page-right-content.php","meta":{"footnotes":""},"class_list":["post-4980","page","type-page","status-publish","has-post-thumbnail","hentry"],"_links":{"self":[{"href":"https:\/\/www.shuliy.com\/tr\/wp-json\/wp\/v2\/pages\/4980","targetHints":{"allow":["GET"]}}],"collection":[{"href":"https:\/\/www.shuliy.com\/tr\/wp-json\/wp\/v2\/pages"}],"about":[{"href":"https:\/\/www.shuliy.com\/tr\/wp-json\/wp\/v2\/types\/page"}],"author":[{"embeddable":true,"href":"https:\/\/www.shuliy.com\/tr\/wp-json\/wp\/v2\/users\/1"}],"replies":[{"embeddable":true,"href":"https:\/\/www.shuliy.com\/tr\/wp-json\/wp\/v2\/comments?post=4980"}],"version-history":[{"count":0,"href":"https:\/\/www.shuliy.com\/tr\/wp-json\/wp\/v2\/pages\/4980\/revisions"}],"wp:featuredmedia":[{"embeddable":true,"href":"https:\/\/www.shuliy.com\/tr\/wp-json\/wp\/v2\/media\/5147"}],"wp:attachment":[{"href":"https:\/\/www.shuliy.com\/tr\/wp-json\/wp\/v2\/media?parent=4980"}],"curies":[{"name":"wp","href":"https:\/\/api.w.org\/{rel}","templated":true}]}}