{"id":4993,"date":"2023-02-16T17:11:40","date_gmt":"2023-02-16T09:11:40","guid":{"rendered":"https:\/\/www.shuliy.com\/?page_id=4993"},"modified":"2023-02-28T14:23:44","modified_gmt":"2023-02-28T06:23:44","slug":"customized-services","status":"publish","type":"page","link":"https:\/\/www.shuliy.com\/tr\/customized-services\/","title":{"rendered":"\u00d6zelle\u015ftirilmi\u015f hizmetler"},"content":{"rendered":"<h2 class=\"wp-block-heading\">Shuliy\u2019nin \u00f6zelle\u015ftirilmi\u015f hizmetleri<\/h2>    <div class=\"wp-block-media-text alignwide is-stacked-on-mobile\"><figure class=\"wp-block-media-text__media\"><img loading=\"lazy\" decoding=\"async\" width=\"720\" height=\"540\" src=\"https:\/\/www.shuliy.com\/wp-content\/uploads\/2023\/02\/Shuliy-global-customers-.webp\" alt=\"\" class=\"wp-image-5226 size-full\"\/><\/figure><div class=\"wp-block-media-text__content\"> <p>Shuliy olarak, m\u00fc\u015fterilerimizin \u00f6zel ihtiya\u00e7lar\u0131na uygun makineler ve ekipmanlar sunabilmeye b\u00fcy\u00fck \u00f6nem veriyoruz. M\u00fc\u015fteri memnuniyeti, s\u00fcrekli geli\u015fimimizin en b\u00fcy\u00fck motivasyonudur. Bu nedenle, s\u00fcrekli geli\u015fimimiz s\u0131ras\u0131nda, \u00f6zelle\u015ftirilmi\u015f hizmetlerimizi s\u00fcrekli iyile\u015ftiriyoruz. M\u00fckemmel teknik personel, y\u00fcksek standartlar, \u00fcst\u00fcn ekipmanlar, s\u0131k\u0131 denetim sistemi, m\u00fckemmel lojistik sistemi ve m\u00fc\u015fterilerimize \u00f6zel makine \u00e7\u00f6z\u00fcmleri sunabilen sat\u0131\u015f sonras\u0131 hizmet ekibine g\u00fcveniyoruz. <\/p> <\/div><\/div>    <p>\u0130yi bir \u00f6zelle\u015ftirilmi\u015f hizmet, m\u00fc\u015fterilerimizle uzun vadeli i\u015fbirli\u011fini s\u00fcrd\u00fcrmede \u00f6nemli bir rol oynar. Bug\u00fcne kadar G\u00fcneydo\u011fu Asya, G\u00fcney Asya, Afrika, Kuzey Asya, Kuzey Amerika, Latin Amerika ve daha bir\u00e7ok b\u00f6lgedeki m\u00fc\u015fterilerle \u00e7al\u0131\u015ft\u0131k. \u00d6zelle\u015ftirme konusunda, a\u015fa\u011f\u0131daki ana alanlar\u0131 kaps\u0131yoruz.<\/p>    <h2 class=\"wp-block-heading\">Bireysel makinelerin \u00f6zelle\u015ftirilmesi<\/h2>    <p>Makine yelpazemiz, \u00e7e\u015fitli bireysel makinelerden olu\u015fmaktad\u0131r. Ayn\u0131 makine, \u00e7\u0131kt\u0131lar\u0131na g\u00f6re farkl\u0131 boyutlarda olabilir. Veya fonksiyonlar\u0131ndaki farkl\u0131l\u0131klardan dolay\u0131 farkl\u0131 g\u00f6r\u00fcnebilirler. Farkl\u0131 m\u00fc\u015fterilerin ihtiya\u00e7lar\u0131n\u0131 kar\u015f\u0131layabilmek i\u00e7in ayn\u0131 makinenin farkl\u0131 modellerini \u00fcretiyoruz.<br>Ancak, d\u00fcnya genelinde m\u00fc\u015fterilerimiz oldu\u011fu i\u00e7in, gereksinimler daha da fazla de\u011fi\u015febilir. Bu nedenle, m\u00fc\u015fterilerimizle ileti\u015fimimiz s\u0131ras\u0131nda onlar\u0131n \u00f6zel ihtiya\u00e7lar\u0131n\u0131 detayl\u0131 bir \u015fekilde soruyoruz. \u00d6rne\u011fin, makinenin rengi, fonksiyonu, \u015fekli, boyutu, voltaj\u0131, hertz, faz, g\u00fc\u00e7 vb. gibi. T\u00fcm \u00f6zel gereksinimler belirlendikten sonra, m\u00fc\u015fterinin ihtiya\u00e7lar\u0131na uygun \u00f6zel makineyi in\u015fa edece\u011fiz!<\/p>    <figure class=\"wp-block-gallery has-nested-images columns-default is-cropped wp-block-gallery-2 is-layout-flex wp-block-gallery-is-layout-flex\"> <figure class=\"wp-block-image size-large\"><img loading=\"lazy\" decoding=\"async\" width=\"720\" height=\"540\" data-id=\"5179\" src=\"https:\/\/www.shuliy.com\/wp-content\/uploads\/2023\/02\/wood-crushing-machine-with-motor.webp\" alt=\"Motorlu ah\u015fap k\u0131r\u0131c\u0131\" class=\"wp-image-5179\" title=\"Motorlu ah\u015fap k\u0131r\u0131c\u0131\"\/><figcaption class=\"wp-element-caption\">Motorlu ah\u015fap k\u0131r\u0131c\u0131<\/figcaption><\/figure>    <figure class=\"wp-block-image size-large\"><img loading=\"lazy\" decoding=\"async\" width=\"720\" height=\"540\" data-id=\"5180\" src=\"https:\/\/www.shuliy.com\/wp-content\/uploads\/2023\/02\/wood-crusher-with-diesel-engine-.webp\" alt=\"Dizel motorlu ah\u015fap k\u0131r\u0131c\u0131\" class=\"wp-image-5180\" title=\"Dizel motorlu ah\u015fap k\u0131r\u0131c\u0131\"\/><figcaption class=\"wp-element-caption\">Dizel motorlu ah\u015fap k\u0131r\u0131c\u0131<\/figcaption><\/figure>    <figure class=\"wp-block-image size-large\"><img loading=\"lazy\" decoding=\"async\" width=\"720\" height=\"540\" data-id=\"5181\" src=\"https:\/\/www.shuliy.com\/wp-content\/uploads\/2023\/02\/wood-crusher-with-wheel-and-frame-.webp\" alt=\"Tekerlekli ve \u00e7er\u00e7eveli ah\u015fap k\u0131r\u0131c\u0131\" class=\"wp-image-5181\" title=\"Tekerlekli ve \u00e7er\u00e7eveli ah\u015fap k\u0131r\u0131c\u0131\"\/><figcaption class=\"wp-element-caption\">Tekerlekli ve \u00e7er\u00e7eveli ah\u015fap k\u0131r\u0131c\u0131<\/figcaption><\/figure> <\/figure>    <h2 class=\"wp-block-heading\">\u00dcretim hatlar\u0131 i\u00e7in \u00f6zelle\u015ftirilmi\u015f hizmetler <\/h2>    <p>Bireysel makinelerin yan\u0131 s\u0131ra, k\u00f6m\u00fcr \u00fcretim hatlar\u0131, plastik pelet \u00fcretim hatlar\u0131, ah\u015fap palet \u00fcretim hatlar\u0131, sabun \u00fcretim hatlar\u0131, Frans\u0131z k\u0131zartmas\u0131 \u00fcretim hatlar\u0131, bal\u0131k unu \u00fcretim hatlar\u0131, pirin\u00e7 de\u011firmenleri gibi bir\u00e7ok makinenin birlikte \u00e7al\u0131\u015fmas\u0131n\u0131 gerektiren \u00fcretim hatlar\u0131m\u0131z da var.<\/p>    <figure class=\"wp-block-image size-full\"><img loading=\"lazy\" decoding=\"async\" width=\"720\" height=\"385\" src=\"https:\/\/www.shuliy.com\/wp-content\/uploads\/2023\/02\/plastic-recycling-production-line-.webp\" alt=\"Plastik geri d\u00f6n\u00fc\u015f\u00fcm \u00fcretim hatt\u0131\" class=\"wp-image-5185\" title=\"Plastik geri d\u00f6n\u00fc\u015f\u00fcm \u00fcretim hatt\u0131\"\/><figcaption class=\"wp-element-caption\">Plastik geri d\u00f6n\u00fc\u015f\u00fcm \u00fcretim hatt\u0131<\/figcaption><\/figure>    <p class=\"translation-block\"><strong>M\u00fc\u015fterilerin \u00fcretim hatt\u0131 sat\u0131n al\u0131rken dikkate almalar\u0131 gereken bir\u00e7ok fakt\u00f6r daha vard\u0131r, \u00f6rne\u011fin<\/strong><\/p>    <ol class=\"wp-block-list\"> <li>Sat\u0131n al\u0131nan \u00fcretim hatt\u0131 kendi fabrikalar\u0131n\u0131n d\u00fczeniyle nas\u0131l uyum sa\u011flar?<\/li>    <li>Sat\u0131n al\u0131nan hatt\u0131 fabrikan\u0131za nas\u0131l yerle\u015ftirebilirsiniz?<\/li>    <li>Fabrikan\u0131n b\u00fcy\u00fckl\u00fc\u011f\u00fc, \u00fcretim hatt\u0131n\u0131n b\u00fcy\u00fckl\u00fc\u011f\u00fcyle uyumlu mu?<\/li>    <li>\u0130htiyac\u0131m olan \u00fcretim hatt\u0131 kombinasyonu ve mevcut olan kombinasyon tam olarak ayn\u0131 de\u011fil.<\/li>    <li>M\u00fc\u015fteri, ekipman d\u00fczeninin net bir diyagram\u0131n\u0131 ve ekipman\u0131n \u00e7al\u0131\u015fma prensibi videosunu istiyor.<\/li>    <li>Ekipman\u0131n voltaj\u0131, g\u00fcc\u00fc, hertz ve faz g\u00fcc\u00fc, \u00fclkenizin gereksinimlerini kar\u015f\u0131l\u0131yor mu?<\/li>    <li>Ekipman\u0131 kendiniz kurup devreye almak konusunda bilginiz yoksa ne yapmal\u0131s\u0131n\u0131z?<\/li> <\/ol>    <p>Bu nedenle, m\u00fc\u015fterinin \u00f6zel ihtiya\u00e7lar\u0131na g\u00f6re \u00fcretim hatt\u0131n\u0131 tasarlayaca\u011f\u0131z ve m\u00fc\u015fteriye \u00f6zg\u00fc bir \u00fcretim hatt\u0131 olu\u015fturaca\u011f\u0131z.<\/p>    <figure class=\"wp-block-image size-full is-resized\"><img loading=\"lazy\" decoding=\"async\" src=\"https:\/\/www.shuliy.com\/wp-content\/uploads\/2023\/02\/CAD-.webp\" alt=\"CAD\" class=\"wp-image-5186\" width=\"706\" height=\"299\" title=\"CAD\"\/><figcaption class=\"wp-element-caption\">CAD<\/figcaption><\/figure>    <p>Shuliy, yurt d\u0131\u015f\u0131 ticaret alan\u0131nda 10 y\u0131l\u0131 a\u015fk\u0131n s\u00fcredir faaliyet g\u00f6stermektedir. Bu nedenle, \u00f6zelle\u015ftirilmi\u015f makineler konusunda \u00e7ok fazla deneyim kazand\u0131k. Bu, makinelerimizin m\u00fc\u015fterilerimiz taraf\u0131ndan daha kolay kullan\u0131lmas\u0131n\u0131 sa\u011flam\u0131\u015f ve farkl\u0131 b\u00f6lgelerde daha geni\u015f bir m\u00fc\u015fteri kitlesine ula\u015fmam\u0131za yard\u0131mc\u0131 olmu\u015ftur. Herhangi bir ihtiyac\u0131n\u0131z i\u00e7in bizimle ileti\u015fime ge\u00e7mekten \u00e7ekinmeyin!<\/p>","protected":false},"excerpt":{"rendered":"<p>Shuliy&#8217;s customized services We at Shuliy attach great importance to being able to offer machines and equipment that meet the specific needs of our customers. Customer satisfaction is the greatest motivation for our continuous improvement and development. Therefore, in the course of our continuous development, we are constantly improving our customized services. We rely on [&hellip;]<\/p>\n","protected":false},"author":1,"featured_media":5032,"parent":0,"menu_order":0,"comment_status":"closed","ping_status":"closed","template":"post-templates\/page-right-content.php","meta":{"footnotes":""},"class_list":["post-4993","page","type-page","status-publish","has-post-thumbnail","hentry"],"_links":{"self":[{"href":"https:\/\/www.shuliy.com\/tr\/wp-json\/wp\/v2\/pages\/4993","targetHints":{"allow":["GET"]}}],"collection":[{"href":"https:\/\/www.shuliy.com\/tr\/wp-json\/wp\/v2\/pages"}],"about":[{"href":"https:\/\/www.shuliy.com\/tr\/wp-json\/wp\/v2\/types\/page"}],"author":[{"embeddable":true,"href":"https:\/\/www.shuliy.com\/tr\/wp-json\/wp\/v2\/users\/1"}],"replies":[{"embeddable":true,"href":"https:\/\/www.shuliy.com\/tr\/wp-json\/wp\/v2\/comments?post=4993"}],"version-history":[{"count":0,"href":"https:\/\/www.shuliy.com\/tr\/wp-json\/wp\/v2\/pages\/4993\/revisions"}],"wp:featuredmedia":[{"embeddable":true,"href":"https:\/\/www.shuliy.com\/tr\/wp-json\/wp\/v2\/media\/5032"}],"wp:attachment":[{"href":"https:\/\/www.shuliy.com\/tr\/wp-json\/wp\/v2\/media?parent=4993"}],"curies":[{"name":"wp","href":"https:\/\/api.w.org\/{rel}","templated":true}]}}