{"id":4997,"date":"2023-02-16T18:20:34","date_gmt":"2023-02-16T10:20:34","guid":{"rendered":"https:\/\/www.shuliy.com\/?page_id=4997"},"modified":"2023-02-28T14:02:21","modified_gmt":"2023-02-28T06:02:21","slug":"technical-support","status":"publish","type":"page","link":"https:\/\/www.shuliy.com\/tr\/technical-support\/","title":{"rendered":"Teknik destek"},"content":{"rendered":"<h2 class=\"wp-block-heading\">Shuliy\u2019nin teknik deste\u011fi<\/h2>    <p>Shuliy, y\u00fcksek kaliteli \u00fcretim ekipmanlar\u0131, m\u00fckemmel teknik geli\u015ftirme personeli ve profesyonel \u00fcretim ve sat\u0131\u015f personeli dahil olmak \u00fczere g\u00fc\u00e7l\u00fc teknik deste\u011fe sahip k\u00f6kl\u00fc bir makine \u00fcreticisidir. Bu nedenle, m\u00fc\u015fterilerimize her t\u00fcrl\u00fc mekanik sorunlar\u0131nda yard\u0131mc\u0131 olabiliriz. Profesyonel teknik destek ve m\u00fckemmel sat\u0131\u015f sonras\u0131 hizmetler sunabiliriz. \u0130hracat i\u015fi oldu\u011fundan, teknik deste\u011fimiz esas olarak a\u015fa\u011f\u0131daki iki alanda yo\u011funla\u015fmaktad\u0131r.<\/p>    <figure class=\"wp-block-image size-full\"><img loading=\"lazy\" decoding=\"async\" width=\"720\" height=\"380\" src=\"https:\/\/www.shuliy.com\/wp-content\/uploads\/2023\/02\/Briquette-production-line-.webp\" alt=\"Briket \u00fcretim hatt\u0131\" class=\"wp-image-5195\" title=\"Briket \u00fcretim hatt\u0131\"\/><figcaption class=\"wp-element-caption\">Briket \u00fcretim hatt\u0131<\/figcaption><\/figure>    <h2 class=\"wp-block-heading\">Sorunlar\u0131 \u00e7\u00f6zmek i\u00e7in \u00e7evrimi\u00e7i ileti\u015fim<\/h2>    <p class=\"translation-block\"><strong>\u0130leti\u015fim s\u0131ras\u0131nda:<\/strong> M\u00fc\u015fteri ile makine hakk\u0131nda ileti\u015fim kurma y\u00f6nteminde, m\u00fc\u015fterinin \u00f6zel ihtiya\u00e7lar\u0131na g\u00f6re \u00f6zelle\u015ftirilmi\u015f makineyi de\u011fi\u015ftiriyoruz. Profesyonel teknik ekibimiz sayesinde, \u00e7o\u011fu m\u00fc\u015fterinin \u00f6zel \u00f6zelle\u015ftirme ihtiya\u00e7lar\u0131n\u0131 kar\u015f\u0131layabiliyoruz.<\/p>    <p class=\"translation-block\"><strong>Sat\u0131\u015f sonras\u0131 teknik destek:<\/strong> Baz\u0131 m\u00fc\u015fteriler makineyi ald\u0131ktan sonra baz\u0131 sorunlarla kar\u015f\u0131la\u015fabilir. Sorunlar yayg\u0131n ve kolay \u00e7\u00f6z\u00fclebilir ise, m\u00fc\u015fterilerimize makineyi do\u011fru kullanmay\u0131 veya sorunlar\u0131 \u00e7evrimi\u00e7i videolar arac\u0131l\u0131\u011f\u0131yla \u00e7\u00f6zmeyi y\u00f6nlendirece\u011fiz. Genel olarak, bunlar k\u00fc\u00e7\u00fck makinelerle ilgili sorunlard\u0131r.<\/p>    <figure class=\"wp-block-image size-full is-resized\"><img loading=\"lazy\" decoding=\"async\" src=\"https:\/\/www.shuliy.com\/wp-content\/uploads\/2023\/02\/wood-shaving-machine-.webp\" alt=\"\" class=\"wp-image-5191\" width=\"654\" height=\"490\"\/><\/figure>    <h2 class=\"wp-block-heading\">Yurt d\u0131\u015f\u0131nda \u00e7evrimd\u0131\u015f\u0131 kurulum ve devreye alma<\/h2>    <p class=\"translation-block\"><strong>Makine kurulumu:<\/strong> Baz\u0131 m\u00fc\u015fteriler daha b\u00fcy\u00fck makineler veya \u00fcretim hatlar\u0131 sat\u0131n al\u0131r. Bu makinelerin profesyonel teknik destek gerektirdi\u011fi i\u00e7in, m\u00fc\u015fteri kurulumu tamamlayamaz. Talep \u00fczerine teknik personel yurtd\u0131\u015f\u0131na giderek kurulum ve devreye alma i\u015flemlerini ger\u00e7ekle\u015ftirecektir.<\/p>    <figure class=\"wp-block-image size-full\"><img loading=\"lazy\" decoding=\"async\" width=\"720\" height=\"540\" src=\"https:\/\/www.shuliy.com\/wp-content\/uploads\/2023\/02\/installation-of-the-charcoal-production-line-.webp\" alt=\"k\u00f6m\u00fcr \u00fcretim hatt\u0131n\u0131n kurulumu \" class=\"wp-image-5192\" title=\"k\u00f6m\u00fcr \u00fcretim hatt\u0131n\u0131n kurulumu \"\/><figcaption class=\"wp-element-caption\">k\u00f6m\u00fcr \u00fcretim hatt\u0131n\u0131n kurulumu<\/figcaption><\/figure>    <p class=\"translation-block\"><strong>Makine bak\u0131m\u0131:<\/strong> Baz\u0131 makinelerle ilgili baz\u0131 sorunlar profesyonel bilgi gerektirir. M\u00fc\u015fteri yerel olarak profesyonel yard\u0131m alamazsa, teknisyenlerimizi bak\u0131m veya devreye alma i\u00e7in m\u00fc\u015fteriye g\u00f6nderebiliriz.<\/p>    <p>Ekipman\u0131 ald\u0131ktan sonra, m\u00fc\u015fteriler herhangi bir sorular\u0131 olursa bizimle her zaman ileti\u015fime ge\u00e7ebilirler. \u00c7evrimi\u00e7i ileti\u015fimi, video teknik deste\u011fi ve \u00e7evrimd\u0131\u015f\u0131 kurulum, devreye alma ve bak\u0131m hizmetlerini destekliyoruz.<\/p>","protected":false},"excerpt":{"rendered":"<p>Shuliy&#8217;s technical support Shuliy is a well-established machine manufacturer with strong technical support, including high-quality manufacturing equipment, excellent technical development personnel, and professional manufacturing and sales staff. We are therefore able to help our customers with all kinds of mechanical problems. We can provide professional technical support and excellent after-sales service. As it is an [&hellip;]<\/p>\n","protected":false},"author":1,"featured_media":5063,"parent":0,"menu_order":0,"comment_status":"closed","ping_status":"closed","template":"post-templates\/page-right-content.php","meta":{"footnotes":""},"class_list":["post-4997","page","type-page","status-publish","has-post-thumbnail","hentry"],"_links":{"self":[{"href":"https:\/\/www.shuliy.com\/tr\/wp-json\/wp\/v2\/pages\/4997","targetHints":{"allow":["GET"]}}],"collection":[{"href":"https:\/\/www.shuliy.com\/tr\/wp-json\/wp\/v2\/pages"}],"about":[{"href":"https:\/\/www.shuliy.com\/tr\/wp-json\/wp\/v2\/types\/page"}],"author":[{"embeddable":true,"href":"https:\/\/www.shuliy.com\/tr\/wp-json\/wp\/v2\/users\/1"}],"replies":[{"embeddable":true,"href":"https:\/\/www.shuliy.com\/tr\/wp-json\/wp\/v2\/comments?post=4997"}],"version-history":[{"count":0,"href":"https:\/\/www.shuliy.com\/tr\/wp-json\/wp\/v2\/pages\/4997\/revisions"}],"wp:featuredmedia":[{"embeddable":true,"href":"https:\/\/www.shuliy.com\/tr\/wp-json\/wp\/v2\/media\/5063"}],"wp:attachment":[{"href":"https:\/\/www.shuliy.com\/tr\/wp-json\/wp\/v2\/media?parent=4997"}],"curies":[{"name":"wp","href":"https:\/\/api.w.org\/{rel}","templated":true}]}}