{"id":5008,"date":"2023-02-17T18:00:17","date_gmt":"2023-02-17T10:00:17","guid":{"rendered":"https:\/\/www.shuliy.com\/?page_id=5008"},"modified":"2023-02-28T14:10:45","modified_gmt":"2023-02-28T06:10:45","slug":"shipping-delivery","status":"publish","type":"page","link":"https:\/\/www.shuliy.com\/tr\/shipping-delivery\/","title":{"rendered":"Nakliye ve Teslimat"},"content":{"rendered":"<h2 class=\"wp-block-heading\">Shuliy nakliye ve teslimat\u0131<\/h2>    <p>Shuliy kapsaml\u0131 bir ta\u015f\u0131ma hizmet sistemi sunmaktad\u0131r. Nakliye s\u00fcrecini m\u00fc\u015fterinin \u00f6zel durumuna g\u00f6re \u00f6zelle\u015ftirece\u011fiz. Y\u0131llar\u0131n ihracat deneyimine dayanarak, m\u00fc\u015fterilerimizin kar\u015f\u0131la\u015fabilece\u011fi her t\u00fcrl\u00fc nakliye sorununu \u00e7\u00f6zmede uzman\u0131z. Bu, bir\u00e7ok m\u00fc\u015fterimizin bizimle uzun vadeli ili\u015fkiler s\u00fcrd\u00fcrmesinin nedenlerinden biridir. \u0130\u015fte nakliye ile ilgili detaylar\u0131m\u0131z.<\/p>    <div class=\"wp-block-media-text alignwide is-stacked-on-mobile\"><figure class=\"wp-block-media-text__media\"><img loading=\"lazy\" decoding=\"async\" width=\"720\" height=\"540\" src=\"https:\/\/www.shuliy.com\/wp-content\/uploads\/2023\/02\/Before-shipping-to-confirm-the-machine-1-1.webp\" alt=\"G\u00f6nderimden \u00f6nce: G\u00f6nderimden \u00f6nce, esas olarak m\u00fc\u015fteri ile makinenin detaylar\u0131 hakk\u0131nda ileti\u015fim kurar\u0131z. Makineyi talebe g\u00f6re \u00f6zelle\u015ftiririz. Makine haz\u0131r olduktan sonra, makinenin resimlerini ve videosunu \u00e7evrimi\u00e7i video arac\u0131l\u0131\u011f\u0131yla g\u00f6ndeririz. Bu, m\u00fc\u015fterinin fabrikay\u0131 g\u00f6rmesini ve makinede herhangi bir sorun olup olmad\u0131\u011f\u0131n\u0131 kontrol etmesini sa\u011flar. Her \u015fey yolunda ise, ah\u015fap kutularda paketleme a\u015famas\u0131na ge\u00e7eriz.\" class=\"wp-image-5208 size-full\"\/><\/figure><div class=\"wp-block-media-text__content\"> <p class=\"translation-block\"><strong>G\u00f6nderimden \u00f6nce:<\/strong> G\u00f6nderimden \u00f6nce, esas olarak m\u00fc\u015fteri ile makinenin detaylar\u0131 hakk\u0131nda ileti\u015fim kurar\u0131z. Makineyi talebe g\u00f6re \u00f6zelle\u015ftiririz. Makine haz\u0131r olduktan sonra, makinenin resimlerini ve videosunu \u00e7evrimi\u00e7i video arac\u0131l\u0131\u011f\u0131yla g\u00f6ndeririz. Bu, m\u00fc\u015fterinin fabrikay\u0131 g\u00f6rmesini ve makinede herhangi bir sorun olup olmad\u0131\u011f\u0131n\u0131 kontrol etmesini sa\u011flar. Her \u015fey yolunda ise, ah\u015fap kutularda paketleme a\u015famas\u0131na ge\u00e7eriz.<\/p> <\/div><\/div>    <p class=\"translation-block\"><strong>Ah\u015fap kasa paketleme:<\/strong> Makineyi \u00e7arp\u0131\u015fma ve nem hasar\u0131ndan korumak i\u00e7in makineyi ah\u015fap bir kasa ile paketleyece\u011fiz. Ayr\u0131ca, m\u00fc\u015fterilerimizin ta\u015f\u0131ma s\u00fcresi ve maliyetini azaltmaya yard\u0131mc\u0131 olan fumigasyonsuz ah\u015fap kutular kullan\u0131yoruz. Kasalar paketlendikten sonra, do\u011frudan konteyn\u0131rlara yerle\u015ftiriyoruz.<\/p>    <figure class=\"wp-block-image size-full\"><img loading=\"lazy\" decoding=\"async\" width=\"720\" height=\"540\" src=\"https:\/\/www.shuliy.com\/wp-content\/uploads\/2023\/02\/Wooden-case-packing-.webp\" alt=\"Ah\u015fap kasa paketleme\" class=\"wp-image-5200\" title=\"Ah\u015fap kasa paketleme\"\/><figcaption class=\"wp-element-caption\"><strong>Ah\u015fap kasa paketleme<\/strong><\/figcaption><\/figure>    <p class=\"translation-block\"><strong>Nakliye ve teslimat:<\/strong> Makine paketlendikten sonra, do\u011frudan m\u00fc\u015fterinin belirtti\u011fi var\u0131\u015f noktas\u0131na ta\u015f\u0131ma i\u015flemine ba\u015fl\u0131yoruz. T\u00fcm ta\u015f\u0131ma s\u00fcreci, karayolu, hava ve deniz ta\u015f\u0131mac\u0131l\u0131\u011f\u0131 gibi farkl\u0131 ta\u015f\u0131ma bi\u00e7imlerinin kombinasyonunu i\u00e7erebilir. <\/p>    <figure class=\"wp-block-image size-full\"><img loading=\"lazy\" decoding=\"async\" width=\"720\" height=\"540\" src=\"https:\/\/www.shuliy.com\/wp-content\/uploads\/2023\/02\/Shipping-and-delivery-.webp\" alt=\"Nakliye ve teslimat\" class=\"wp-image-5201\" title=\"Nakliye ve teslimat\"\/><figcaption class=\"wp-element-caption\"><strong>Nakliye ve teslimat<\/strong><\/figcaption><\/figure>    <p class=\"translation-block\"><strong>Lojistik bilgisi:<\/strong> Makine fabrikadan \u00e7\u0131kt\u0131ktan sonra m\u00fc\u015fteriye bilgi verecek ve lojistik bilgisi sa\u011flayaca\u011f\u0131z. M\u00fc\u015fteri de lojisti\u011fi kendisi kontrol edebilir. Ta\u015f\u0131ma s\u0131ras\u0131nda herhangi bir durum olursa m\u00fc\u015fteriye bildirece\u011fiz. Makine var\u0131\u015fta, m\u00fc\u015fteriye hemen bilgi verece\u011fiz, b\u00f6ylece m\u00fc\u015fteri zaman\u0131nda makinemizi alabilir.<\/p>    <p class=\"translation-block\"><strong>Ta\u015f\u0131ma modu:<\/strong> \u015eirketimizin teslimat y\u00f6ntemleri genellikle hava ve deniz ta\u015f\u0131mac\u0131l\u0131\u011f\u0131d\u0131r. M\u00fc\u015fterinin ihtiya\u00e7lar\u0131na g\u00f6re uygun ta\u015f\u0131ma y\u00f6ntemlerini kullanaca\u011f\u0131z.<\/p>    <figure class=\"wp-block-image size-full\"><img loading=\"lazy\" decoding=\"async\" width=\"720\" height=\"540\" src=\"https:\/\/www.shuliy.com\/wp-content\/uploads\/2023\/02\/Inland-transport-.webp\" alt=\"\u0130\u00e7 nakliye\" class=\"wp-image-5205\" title=\"\u0130\u00e7 nakliye\"\/><figcaption class=\"wp-element-caption\">\u0130\u00e7 nakliye<\/figcaption><\/figure>    <p class=\"translation-block\"><strong>Teslimat s\u00fcresi:<\/strong> Teslimat s\u00fcremiz genellikle yakla\u015f\u0131k 15 g\u00fcnd\u00fcr. Bunun nedeni bazen makinenin stokta olmamas\u0131 ve \u00fcretilmesi gerekmesidir. Veya m\u00fc\u015fterinin ihtiya\u00e7lar\u0131na g\u00f6re makineyi \u00f6zelle\u015ftirmemiz gerekebilir. Makine stokta oldu\u011funda daha h\u0131zl\u0131 olacakt\u0131r. <\/p>    <p class=\"translation-block\"><strong>Nakliye acentesi hakk\u0131nda:<\/strong> M\u00fc\u015fteriler kendi nakliye acentelerini bulabilir veya biz de m\u00fc\u015fteriye nakliye acentesi \u00f6nerebiliriz.<\/p>    <p class=\"translation-block\"><strong>Nakliye maliyetleri hakk\u0131nda:<\/strong> Nakliye maliyetleri farkl\u0131 fakt\u00f6rlere ba\u011fl\u0131d\u0131r. \u00d6rne\u011fin; makinenin boyutu, a\u011f\u0131rl\u0131\u011f\u0131, hacmi, ulusal politika, mesafe vb. Karayolu, hava veya deniz yolu ile olsun, profesyonel bir ta\u015f\u0131ma \u015firketi ile dan\u0131\u015farak ve makul navlun \u00fccretleri alarak karar veriyoruz.<\/p>","protected":false},"excerpt":{"rendered":"<p>Shuliy shipping and delivery Shuliy has a comprehensive transport service system. We will customize the shipping process according to the customer&#8217;s specific situation. Based on years of export experience, we are skilled in solving all kinds of shipping problems that our customers may encounter. This is one of the reasons why many of our customers [&hellip;]<\/p>\n","protected":false},"author":1,"featured_media":5064,"parent":0,"menu_order":0,"comment_status":"closed","ping_status":"closed","template":"post-templates\/page-right-content.php","meta":{"footnotes":""},"class_list":["post-5008","page","type-page","status-publish","has-post-thumbnail","hentry"],"_links":{"self":[{"href":"https:\/\/www.shuliy.com\/tr\/wp-json\/wp\/v2\/pages\/5008","targetHints":{"allow":["GET"]}}],"collection":[{"href":"https:\/\/www.shuliy.com\/tr\/wp-json\/wp\/v2\/pages"}],"about":[{"href":"https:\/\/www.shuliy.com\/tr\/wp-json\/wp\/v2\/types\/page"}],"author":[{"embeddable":true,"href":"https:\/\/www.shuliy.com\/tr\/wp-json\/wp\/v2\/users\/1"}],"replies":[{"embeddable":true,"href":"https:\/\/www.shuliy.com\/tr\/wp-json\/wp\/v2\/comments?post=5008"}],"version-history":[{"count":0,"href":"https:\/\/www.shuliy.com\/tr\/wp-json\/wp\/v2\/pages\/5008\/revisions"}],"wp:featuredmedia":[{"embeddable":true,"href":"https:\/\/www.shuliy.com\/tr\/wp-json\/wp\/v2\/media\/5064"}],"wp:attachment":[{"href":"https:\/\/www.shuliy.com\/tr\/wp-json\/wp\/v2\/media?parent=5008"}],"curies":[{"name":"wp","href":"https:\/\/api.w.org\/{rel}","templated":true}]}}