{"id":5022,"date":"2023-02-20T15:16:19","date_gmt":"2023-02-20T07:16:19","guid":{"rendered":"https:\/\/www.shuliy.com\/?page_id=5022"},"modified":"2023-02-28T14:13:01","modified_gmt":"2023-02-28T06:13:01","slug":"purchases","status":"publish","type":"page","link":"https:\/\/www.shuliy.com\/tr\/purchases\/","title":{"rendered":"Sat\u0131n almalar"},"content":{"rendered":"<h2 class=\"wp-block-heading\">Shuliy\u2019nin sat\u0131n alma s\u00fcreci<\/h2>    <p>M\u00fc\u015fterilerimiz bir\u00e7ok farkl\u0131 \u00fclkeden ve \u00e7e\u015fitli sekt\u00f6rlerden gelmektedir. Sonu\u00e7 olarak, m\u00fc\u015fterilerin \u00fcr\u00fcnler ve ithalat\/ihracat ticareti hakk\u0131nda farkl\u0131 bilgileri vard\u0131r. Bu nedenle, m\u00fc\u015fterilerin ihtiya\u00e7lar\u0131na farkl\u0131 odaklar vard\u0131r. Di\u011fer m\u00fc\u015fterilerle kar\u015f\u0131la\u015f\u0131lan sat\u0131n alma s\u00fcreci a\u015fa\u011f\u0131daki gibidir.<\/p>    <p>1.  Yabanc\u0131 ticaret i\u015flemleri yapan ilk kez m\u00fc\u015fteri. Bu t\u00fcr m\u00fc\u015fteri sat\u0131n alma konusunda deneyimsizdir, m\u00fc\u015fteriye sat\u0131n alma s\u00fcrecinin her y\u00f6n\u00fcn\u00fc detayl\u0131ca a\u00e7\u0131klayaca\u011f\u0131z. Sat\u0131n alma s\u00fcrecimiz genellikle makinenin sat\u0131\u015f \u00f6ncesi tan\u0131t\u0131m\u0131, sat\u0131\u015f s\u0131ras\u0131nda ileti\u015fim ve \u00f6deme detaylar\u0131, sat\u0131\u015f sonras\u0131 hizmetleri i\u00e7erir. Detayl\u0131 s\u00fcre\u00e7 a\u015fa\u011f\u0131da g\u00f6sterilmi\u015ftir.<\/p>    <figure class=\"wp-block-image size-full\"><img loading=\"lazy\" decoding=\"async\" width=\"1256\" height=\"540\" src=\"https:\/\/www.shuliy.com\/wp-content\/uploads\/2023\/02\/1-.webp\" alt=\"\" class=\"wp-image-5212\"\/><\/figure>    <p>2.  Deneyimli m\u00fc\u015fteriler. Ayr\u0131ca ithalat ve ihracat konusunda uzmanla\u015fm\u0131\u015f bir\u00e7ok m\u00fc\u015fterimiz var. Bu m\u00fc\u015fteri sat\u0131n alma s\u00fcrecine a\u015finad\u0131r ve genellikle \u00c7in\u2019de bir nakliye acentesine sahiptir. Bu nedenle, bu t\u00fcr m\u00fc\u015fteri genellikle bildi\u011fi \u00fcr\u00fcn \u00f6zelliklerine odaklan\u0131r. \u00d6rne\u011fin, makinenin parametreleri, detaylar, resimler, videolar, sertifikalar, g\u00fc\u00e7 vb. A\u015fa\u011f\u0131da ilgili sat\u0131n alma s\u00fcrecinin diyagram\u0131 bulunmaktad\u0131r.<\/p>    <figure class=\"wp-block-image size-full\"><img loading=\"lazy\" decoding=\"async\" width=\"1256\" height=\"540\" src=\"https:\/\/www.shuliy.com\/wp-content\/uploads\/2023\/02\/2-.webp\" alt=\"\" class=\"wp-image-5213\"\/><\/figure>    <p>Al\u0131c\u0131 yabanc\u0131 ticaret s\u00fcrecine a\u015fina olup olmamas\u0131na bak\u0131lmaks\u0131z\u0131n, Shuliy sorunu m\u00fc\u015fterinin bak\u0131\u015f a\u00e7\u0131s\u0131ndan de\u011ferlendirecektir. En uygun makine \u00e7\u00f6z\u00fcm\u00fcn\u00fc sunuyor ve \u00f6neriyoruz, her t\u00fcrl\u00fc soruyu yan\u0131tl\u0131yor ve en kaliteli hizmeti sa\u011fl\u0131yoruz.<\/p>","protected":false},"excerpt":{"rendered":"<p>Shuliy&#8217;s purchase process Our customers come from many different countries and from a wide range of industries. As a result, customers have different knowledge about products and the import\/export trade. Therefore customers have different focuses on their needs. The buying process in the face of other customers is as follows. 1. Customers who are making [&hellip;]<\/p>\n","protected":false},"author":1,"featured_media":5065,"parent":0,"menu_order":0,"comment_status":"closed","ping_status":"closed","template":"post-templates\/page-right-content.php","meta":{"footnotes":""},"class_list":["post-5022","page","type-page","status-publish","has-post-thumbnail","hentry"],"_links":{"self":[{"href":"https:\/\/www.shuliy.com\/tr\/wp-json\/wp\/v2\/pages\/5022","targetHints":{"allow":["GET"]}}],"collection":[{"href":"https:\/\/www.shuliy.com\/tr\/wp-json\/wp\/v2\/pages"}],"about":[{"href":"https:\/\/www.shuliy.com\/tr\/wp-json\/wp\/v2\/types\/page"}],"author":[{"embeddable":true,"href":"https:\/\/www.shuliy.com\/tr\/wp-json\/wp\/v2\/users\/1"}],"replies":[{"embeddable":true,"href":"https:\/\/www.shuliy.com\/tr\/wp-json\/wp\/v2\/comments?post=5022"}],"version-history":[{"count":0,"href":"https:\/\/www.shuliy.com\/tr\/wp-json\/wp\/v2\/pages\/5022\/revisions"}],"wp:featuredmedia":[{"embeddable":true,"href":"https:\/\/www.shuliy.com\/tr\/wp-json\/wp\/v2\/media\/5065"}],"wp:attachment":[{"href":"https:\/\/www.shuliy.com\/tr\/wp-json\/wp\/v2\/media?parent=5022"}],"curies":[{"name":"wp","href":"https:\/\/api.w.org\/{rel}","templated":true}]}}