{"id":5044,"date":"2023-02-20T18:02:55","date_gmt":"2023-02-20T10:02:55","guid":{"rendered":"https:\/\/www.shuliy.com\/?page_id=5044"},"modified":"2023-02-28T14:17:22","modified_gmt":"2023-02-28T06:17:22","slug":"resellers","status":"publish","type":"page","link":"https:\/\/www.shuliy.com\/tr\/resellers\/","title":{"rendered":"Bayiler"},"content":{"rendered":"<h2 class=\"wp-block-heading\">Shuliy\u2019nin bayileri olun<\/h2>    <p>Ayr\u0131ca, ekipmanlar\u0131m\u0131z\u0131 yerel olarak satmak isteyen bir\u00e7ok m\u00fc\u015fterimiz var. Bayi t\u00fcrleri, makineleri bizden al\u0131r ve ard\u0131ndan son m\u00fc\u015fteriye tedarik eder. \u00c7ok say\u0131da bayi m\u00fc\u015fterimiz var. M\u00fc\u015fterilerimizin yerel i\u015flerinde destek olmak i\u00e7in, sat\u0131n ald\u0131klar\u0131 makine say\u0131s\u0131na ba\u011fl\u0131 olarak onlara uygun fiyatlar sunuyoruz.<\/p>    <h2 class=\"wp-block-heading\">Peru\u2019dan bir k\u0131rp\u0131c\u0131 m\u00fc\u015fterisi<\/h2>    <p>Bu m\u00fc\u015fteri, tar\u0131m makineleri satmaya uzmanla\u015fm\u0131\u015f Peru\u2019da bir d\u00fckk\u00e2na sahip. Web sitemizi gezerek bizimle ileti\u015fime ge\u00e7ti ve buradan on adet \u00e7im bi\u00e7me makinesi sat\u0131n ald\u0131.<\/p>    <figure class=\"wp-block-image size-full\"><img loading=\"lazy\" decoding=\"async\" width=\"720\" height=\"540\" src=\"https:\/\/www.shuliy.com\/wp-content\/uploads\/2023\/02\/chaff-cutter-reseller-.webp\" alt=\"K\u0131rp\u0131c\u0131 Bayi \" class=\"wp-image-5221\" title=\"K\u0131rp\u0131c\u0131 Bayi \"\/><figcaption class=\"wp-element-caption\">K\u0131rp\u0131c\u0131 Bayi<\/figcaption><\/figure>    <h2 class=\"wp-block-heading\">Senegal\u2019den bir yerf\u0131st\u0131\u011f\u0131 kabuk soyucu m\u00fc\u015fterisi<\/h2>    <p>M\u00fc\u015fterimiz b\u00f6lgedeki bir tar\u0131m makineleri d\u00fckkan\u0131na da sahip. Bir arkada\u015f\u0131m\u0131z arac\u0131l\u0131\u011f\u0131yla bizimle ileti\u015fime ge\u00e7ti ve bizi ziyaret etti. Ziyaretin ard\u0131ndan 20 yerf\u0131st\u0131\u011f\u0131 kabuk soyucu sat\u0131n almaya karar verdi.<\/p>    <figure class=\"wp-block-image size-full\"><img loading=\"lazy\" decoding=\"async\" width=\"720\" height=\"540\" src=\"https:\/\/www.shuliy.com\/wp-content\/uploads\/2023\/02\/peanut-sheller-reseller-.webp\" alt=\"Yerf\u0131st\u0131\u011f\u0131 Kabuk Soyucu Bayi\" class=\"wp-image-5223\" title=\"Yerf\u0131st\u0131\u011f\u0131 Kabuk Soyucu Bayi\"\/><figcaption class=\"wp-element-caption\">Yerf\u0131st\u0131\u011f\u0131 Kabuk Soyucu Bayi<\/figcaption><\/figure>    <p>M\u00fc\u015fteriye makine i\u00e7in do\u011fru fiyat\u0131 sunman\u0131n yan\u0131 s\u0131ra, yedek par\u00e7alar, a\u015f\u0131nma par\u00e7alar\u0131 vb. de verece\u011fiz. Sizinle \u00e7al\u0131\u015fmay\u0131 d\u00f6rt g\u00f6zle bekliyoruz!<\/p>","protected":false},"excerpt":{"rendered":"<p>Become Shuliy&#8217;s resellers We also have many customers who buy our equipment to sell locally. reseller types buy machines from us and then supply them to the end customer. We have many reseller customers. In order to support our customers in their local business, we offer them the right price depending on the number of [&hellip;]<\/p>\n","protected":false},"author":1,"featured_media":0,"parent":0,"menu_order":0,"comment_status":"closed","ping_status":"closed","template":"post-templates\/page-right-content.php","meta":{"footnotes":""},"class_list":["post-5044","page","type-page","status-publish","hentry"],"_links":{"self":[{"href":"https:\/\/www.shuliy.com\/tr\/wp-json\/wp\/v2\/pages\/5044","targetHints":{"allow":["GET"]}}],"collection":[{"href":"https:\/\/www.shuliy.com\/tr\/wp-json\/wp\/v2\/pages"}],"about":[{"href":"https:\/\/www.shuliy.com\/tr\/wp-json\/wp\/v2\/types\/page"}],"author":[{"embeddable":true,"href":"https:\/\/www.shuliy.com\/tr\/wp-json\/wp\/v2\/users\/1"}],"replies":[{"embeddable":true,"href":"https:\/\/www.shuliy.com\/tr\/wp-json\/wp\/v2\/comments?post=5044"}],"version-history":[{"count":0,"href":"https:\/\/www.shuliy.com\/tr\/wp-json\/wp\/v2\/pages\/5044\/revisions"}],"wp:attachment":[{"href":"https:\/\/www.shuliy.com\/tr\/wp-json\/wp\/v2\/media?parent=5044"}],"curies":[{"name":"wp","href":"https:\/\/api.w.org\/{rel}","templated":true}]}}