{"id":1600,"date":"2020-12-22T02:34:01","date_gmt":"2020-12-21T18:34:01","guid":{"rendered":"http:\/\/sw-themes.com\/porto_dummy\/?page_id=1600"},"modified":"2025-12-05T11:42:28","modified_gmt":"2025-12-05T03:42:28","slug":"contact-us","status":"publish","type":"page","link":"https:\/\/www.shuliy.com\/vi\/contact-us\/","title":{"rendered":"Li\u00ean h\u1ec7"},"content":{"rendered":"<h2 class=\"wp-block-heading\">Th\u00f4ng tin li\u00ean h\u1ec7<\/h2>    <p>T\u1eadp \u0111o\u00e0n Shuliy \u0111\u01b0\u1ee3c th\u00e0nh l\u1eadp v\u00e0o n\u0103m 2011, l\u00e0 m\u1ed9t doanh nghi\u1ec7p s\u1ea3n xu\u1ea5t v\u00e0 xu\u1ea5t kh\u1ea9u thi\u1ebft b\u1ecb l\u1edbn. Hi\u1ec7n t\u1ea1i, T\u1eadp \u0111o\u00e0n Shuliy c\u00f3 ba th\u01b0\u01a1ng hi\u1ec7u ph\u1ee5: m\u00e1y m\u00f3c Shuliy, m\u00e1y m\u00f3c Taizy, v\u00e0 m\u00e1y m\u00f3c g\u1ed7, l\u1ea7n l\u01b0\u1ee3t ph\u1ee5 tr\u00e1ch thi\u1ebft b\u1ecb ph\u1ee5c h\u1ed3i t\u00e0i nguy\u00ean, thi\u1ebft b\u1ecb ch\u1ebf bi\u1ebfn th\u1ef1c ph\u1ea9m, v\u00e0 thi\u1ebft b\u1ecb ch\u1ebf bi\u1ebfn g\u1ed7.<\/p>    <p>Hi\u1ec7n t\u1ea1i, thi\u1ebft b\u1ecb c\u1ee7a Shuliy \u0111\u00e3 \u0111\u01b0\u1ee3c nhi\u1ec1u th\u1ecb tr\u01b0\u1eddng trong v\u00e0 ngo\u00e0i n\u01b0\u1edbc ca ng\u1ee3i r\u1ed9ng r\u00e3i. Trong 10 n\u0103m qua, h\u00e0ng ngh\u00ecn m\u00e1y m\u00f3c ch\u1ea5t l\u01b0\u1ee3ng cao v\u00e0 c\u00e1c d\u1ef1 \u00e1n ch\u1ebf bi\u1ebfn ho\u00e0n ch\u1ec9nh \u0111\u00e3 ph\u1ee5c v\u1ee5 kh\u00e1ch h\u00e0ng \u1edf h\u01a1n 150 qu\u1ed1c gia v\u00e0 khu v\u1ef1c tr\u00ean to\u00e0n th\u1ebf gi\u1edbi.<\/p>    <h3 class=\"wp-block-heading\">\u0110\u1ecba ch\u1ec9<\/h3>    <p>\u0110\u01b0\u1eddng \u0110\u00f4ng Hanghai, Khu ph\u00e1t tri\u1ec3n kinh t\u1ebf - c\u00f4ng ngh\u1ec7, Tr\u1ecbnh Ch\u00e2u, Trung Qu\u1ed1c<\/p>    <h3 class=\"wp-block-heading\">WhatsApp\/\u0110i\u1ec7n tho\u1ea1i<\/h3>    <p>+86 15838192276<\/p>    <h3 class=\"wp-block-heading\">\u0110\u1ecba ch\u1ec9 email<\/h3>    <p>info@bestshuliy.com<\/p>","protected":false},"excerpt":{"rendered":"<p>Contact Info Shuliy Group was established in 2011, which is a large equipment manufacturing and exporting enterprise. Shuliy Group currently has three sub-brands: Shuliy machinery, Taizy machinery, and Wood machinery, which respectively are in charge of resource recovery equipment, food processing equipment, and wood processing equipment. At present, Shuliy equipment has been widely acclaimed in [&hellip;]<\/p>\n","protected":false},"author":1,"featured_media":0,"parent":0,"menu_order":0,"comment_status":"closed","ping_status":"closed","template":"post-templates\/page-right-content.php","meta":{"footnotes":""},"class_list":["post-1600","page","type-page","status-publish","hentry"],"_links":{"self":[{"href":"https:\/\/www.shuliy.com\/vi\/wp-json\/wp\/v2\/pages\/1600","targetHints":{"allow":["GET"]}}],"collection":[{"href":"https:\/\/www.shuliy.com\/vi\/wp-json\/wp\/v2\/pages"}],"about":[{"href":"https:\/\/www.shuliy.com\/vi\/wp-json\/wp\/v2\/types\/page"}],"author":[{"embeddable":true,"href":"https:\/\/www.shuliy.com\/vi\/wp-json\/wp\/v2\/users\/1"}],"replies":[{"embeddable":true,"href":"https:\/\/www.shuliy.com\/vi\/wp-json\/wp\/v2\/comments?post=1600"}],"version-history":[{"count":0,"href":"https:\/\/www.shuliy.com\/vi\/wp-json\/wp\/v2\/pages\/1600\/revisions"}],"wp:attachment":[{"href":"https:\/\/www.shuliy.com\/vi\/wp-json\/wp\/v2\/media?parent=1600"}],"curies":[{"name":"wp","href":"https:\/\/api.w.org\/{rel}","templated":true}]}}